{"id":1577,"date":"2024-06-26T12:04:18","date_gmt":"2024-06-26T10:04:18","guid":{"rendered":"https:\/\/www.hvk-bo.de\/hvk_neu\/?page_id=1577"},"modified":"2025-08-26T11:57:26","modified_gmt":"2025-08-26T09:57:26","slug":"ehemaligenverein","status":"publish","type":"page","link":"https:\/\/www.hvk-bo.de\/hvk_neu\/kooperationspartner\/ehemaligenverein\/","title":{"rendered":"Ehemaligenverein"},"content":{"rendered":"\n<div class=\"wp-block-uagb-container uagb-block-4e109103 default uagb-is-root-container\">\n<h3 class=\"wp-block-heading\">Ehemaligenverein<\/h3>\n\n\n\n<div class=\"wp-block-uagb-container uagb-layout-grid uagb-block-7ed7f74b\">\n<div class=\"wp-block-columns is-layout-flex wp-container-core-columns-is-layout-28f84493 wp-block-columns-is-layout-flex\">\n<div class=\"wp-block-column is-layout-flow wp-block-column-is-layout-flow\">\n<figure data-spectra-id=\"spectra-5b0891d1-c8b3-46cc-af07-2bd8c7f10e26\" class=\"wp-block-image aligncenter size-full is-resized is-style-rounded\"><img loading=\"lazy\" decoding=\"async\" width=\"985\" height=\"985\" src=\"https:\/\/www.hvk-bo.de\/hvk_neu\/wp-content\/uploads\/2024\/07\/Symbol_Ehemalige.png\" alt=\"\" class=\"wp-image-1994\" srcset=\"https:\/\/www.hvk-bo.de\/hvk_neu\/wp-content\/uploads\/2024\/07\/Symbol_Ehemalige.png 985w, https:\/\/www.hvk-bo.de\/hvk_neu\/wp-content\/uploads\/2024\/07\/Symbol_Ehemalige-300x300.png 300w, https:\/\/www.hvk-bo.de\/hvk_neu\/wp-content\/uploads\/2024\/07\/Symbol_Ehemalige-150x150.png 150w, https:\/\/www.hvk-bo.de\/hvk_neu\/wp-content\/uploads\/2024\/07\/Symbol_Ehemalige-768x768.png 768w\" sizes=\"auto, (max-width: 985px) 100vw, 985px\" \/><\/figure>\n<\/div>\n\n\n\n<div class=\"wp-block-column is-layout-flow wp-block-column-is-layout-flow\">\n<p>Die meisten Sch\u00fclerinnen und Sch\u00fcler verlassen ihre Schule mit einem lachenden und einem weinenden Auge: Es ist vollbracht, die Schulzeit liegt hinter euch und alle T\u00fcren stehen euch offen, andererseits verschwindet ein St\u00fcck der Sicherheit und Planbarkeit. Es wird Anstrengung kosten Schulfreundschaften aufrecht zu erhalten und manchmal werdet ihr ein wenig wehm\u00fctig an Erlebnisse im Zusammenhang mit eurer Schulzeit zur\u00fcckdenken. Wir verbringen so viel Zeit im Schulgeb\u00e4ude, mit unseren Mitsch\u00fclerinnen und Mitsch\u00fclern und unseren Lehrerinnen und Lehrern, dass wir diese Zeit nie v\u00f6llig hinter uns lassen.<br>Das HvK bem\u00fcht sich augenblicklich darum, den Ansto\u00df f\u00fcr ein Ehemaligen- und Alumni-Netzwerk an dem HvK zu realisieren.&nbsp;<\/p>\n<\/div>\n<\/div>\n\n\n\n<div class=\"wp-block-group is-layout-constrained wp-block-group-is-layout-constrained\">\n<p>Das Ziel ist es zun\u00e4chst m\u00f6glichst viele ehemalige Sch\u00fclerinnen und Sch\u00fcler und Lehrerinnen und Lehrer zu einem Netzwerk zu verbinden, um Austausch zu schaffen, regelm\u00e4\u00dfige Ehemaligen-Treffen an dem HvK zu etablieren und unsere Berufsorientierung durch Erfahrungen ehemaliger Sch\u00fclerinnen und Sch\u00fcler zu erg\u00e4nzen.&nbsp;<\/p>\n\n\n\n<p>Da die Office-Accounts an die Schule gebunden sind, ben\u00f6tigt das HvK eine private Mailadresse, um Ehemalige zu dem Netzwerk hinzuzuf\u00fcgen und weiter zu kontaktieren.\u00a0<br>Wer also Interesse daran hat, in diesem Ehemaligen-Netzwerk erfasst zu werden und Einladungen zu zuk\u00fcnftigen Ehemaligentreffen erhalten m\u00f6chte, kann sich gerne per Mail an <a href=\"mailto:ehemalige@hvk-bochum.de\" target=\"_blank\" rel=\"noreferrer noopener\">ehe<\/a><a href=\"mailto:ehemaligenverein@hvk-bochum.de\" target=\"_blank\" rel=\"noreferrer noopener\">maligenverein@hvk-bochum.de<\/a> melden oder direkt das ausgef\u00fcllte Formular zum Beitritt zum Ehemaligennetzwerk an <a href=\"mailto:ehemaligenverein@hvk-bochum.de\">ehemaligenverein@hvk-bochum.de<\/a> schicken.\u00a0<\/p>\n\n\n\n<p>Ein ausf\u00fcllbares pdf-Dokument zum Datenschutz kann\u202f hier heruntergeladen werden: <a href=\"http:\/\/www.hvk-bo.de\/hvk\/wp-content\/uploads\/2022\/05\/Alumni-und-Ehemaligennetzwerk-HvK-22.1.pdf\" target=\"_blank\" rel=\"noreferrer noopener\">Alumni und Ehemaligennetzwerk HvK<\/a>.\u00a0<br>Den Mitgliedsantrag finden Sie <a href=\"https:\/\/www.hvk-bo.de\/hvk_neu\/wp-content\/uploads\/2025\/08\/Mitgliedsantrag-Ehemalige-HvK-2025.pdf\" target=\"_blank\" rel=\"noreferrer noopener\">hier<\/a>.<\/p>\n\n\n\n<p>Ansprechpartnerin f\u00fcr die ehemaligen Sch\u00fclerinnen und Sch\u00fcler\u202fist Ylva Henseler, Kontakt \u00fcber <a href=\"mailto:ehemalige@hvk-bochum.de\" target=\"_blank\" rel=\"noreferrer noopener\"><a href=\"mailto:ehemaligenverein@hvk-bochum.de\">ehemaligenverein@hvk-bochum.de<\/a><\/a>\u00a0<\/p>\n\n\n\n<p><strong>N\u00e4chste Termine der Ehemaligen:<\/strong><\/p>\n\n\n\n<ul class=\"wp-block-list\">\n<li>29.08.2025 Ehemaligenempfang ab 17 Uhr auf dem hinteren Schulhof (<a href=\"https:\/\/www.hvk-bo.de\/hvk_neu\/wp-content\/uploads\/2025\/06\/Einladung-Ehemaligenempfang-2025.pdf\" target=\"_blank\" rel=\"noreferrer noopener\">Einladung<\/a>)<\/li>\n<\/ul>\n<\/div>\n<\/div>\n<\/div>\n","protected":false},"excerpt":{"rendered":"<p>Ehemaligenverein Die meisten Sch\u00fclerinnen und Sch\u00fcler verlassen ihre Schule mit einem lachenden und einem weinenden Auge: Es ist vollbracht, die [&hellip;]<\/p>\n","protected":false},"author":1,"featured_media":0,"parent":1689,"menu_order":2,"comment_status":"closed","ping_status":"closed","template":"","meta":{"_uag_custom_page_level_css":"","site-sidebar-layout":"default","site-content-layout":"","ast-site-content-layout":"default","site-content-style":"default","site-sidebar-style":"default","ast-global-header-display":"","ast-banner-title-visibility":"","ast-main-header-display":"","ast-hfb-above-header-display":"","ast-hfb-below-header-display":"","ast-hfb-mobile-header-display":"","site-post-title":"disabled","ast-breadcrumbs-content":"","ast-featured-img":"","footer-sml-layout":"","ast-disable-related-posts":"","theme-transparent-header-meta":"","adv-header-id-meta":"","stick-header-meta":"","header-above-stick-meta":"","header-main-stick-meta":"","header-below-stick-meta":"","astra-migrate-meta-layouts":"default","ast-page-background-enabled":"default","ast-page-background-meta":{"desktop":{"background-color":"var(--ast-global-color-4)","background-image":"","background-repeat":"repeat","background-position":"center center","background-size":"auto","background-attachment":"scroll","background-type":"","background-media":"","overlay-type":"","overlay-color":"","overlay-opacity":"","overlay-gradient":""},"tablet":{"background-color":"","background-image":"","background-repeat":"repeat","background-position":"center center","background-size":"auto","background-attachment":"scroll","background-type":"","background-media":"","overlay-type":"","overlay-color":"","overlay-opacity":"","overlay-gradient":""},"mobile":{"background-color":"","background-image":"","background-repeat":"repeat","background-position":"center center","background-size":"auto","background-attachment":"scroll","background-type":"","background-media":"","overlay-type":"","overlay-color":"","overlay-opacity":"","overlay-gradient":""}},"ast-content-background-meta":{"desktop":{"background-color":"var(--ast-global-color-5)","background-image":"","background-repeat":"repeat","background-position":"center center","background-size":"auto","background-attachment":"scroll","background-type":"","background-media":"","overlay-type":"","overlay-color":"","overlay-opacity":"","overlay-gradient":""},"tablet":{"background-color":"var(--ast-global-color-5)","background-image":"","background-repeat":"repeat","background-position":"center center","background-size":"auto","background-attachment":"scroll","background-type":"","background-media":"","overlay-type":"","overlay-color":"","overlay-opacity":"","overlay-gradient":""},"mobile":{"background-color":"var(--ast-global-color-5)","background-image":"","background-repeat":"repeat","background-position":"center center","background-size":"auto","background-attachment":"scroll","background-type":"","background-media":"","overlay-type":"","overlay-color":"","overlay-opacity":"","overlay-gradient":""}},"footnotes":""},"class_list":["post-1577","page","type-page","status-publish","hentry"],"yoast_head":"<!-- This site is optimized with the Yoast SEO plugin v27.5 - https:\/\/yoast.com\/product\/yoast-seo-wordpress\/ -->\n<title>Ehemaligenverein - Heinrich-von-Kleist-Gymnasium<\/title>\n<meta name=\"robots\" content=\"index, follow, max-snippet:-1, max-image-preview:large, max-video-preview:-1\" \/>\n<link rel=\"canonical\" href=\"https:\/\/www.hvk-bo.de\/hvk_neu\/kooperationspartner\/ehemaligenverein\/\" \/>\n<meta property=\"og:locale\" content=\"de_DE\" \/>\n<meta property=\"og:type\" content=\"article\" \/>\n<meta property=\"og:title\" content=\"Ehemaligenverein - Heinrich-von-Kleist-Gymnasium\" \/>\n<meta property=\"og:description\" content=\"Ehemaligenverein Die meisten Sch\u00fclerinnen und Sch\u00fcler verlassen ihre Schule mit einem lachenden und einem weinenden Auge: Es ist vollbracht, die [&hellip;]\" \/>\n<meta property=\"og:url\" content=\"https:\/\/www.hvk-bo.de\/hvk_neu\/kooperationspartner\/ehemaligenverein\/\" \/>\n<meta property=\"og:site_name\" content=\"Heinrich-von-Kleist-Gymnasium\" \/>\n<meta property=\"article:modified_time\" content=\"2025-08-26T09:57:26+00:00\" \/>\n<meta property=\"og:image\" content=\"https:\/\/www.hvk-bo.de\/hvk_neu\/wp-content\/uploads\/2024\/07\/Symbol_Ehemalige.png\" \/>\n\t<meta property=\"og:image:width\" content=\"985\" \/>\n\t<meta property=\"og:image:height\" content=\"985\" \/>\n\t<meta property=\"og:image:type\" content=\"image\/png\" \/>\n<meta name=\"twitter:card\" content=\"summary_large_image\" \/>\n<meta name=\"twitter:label1\" content=\"Gesch\u00e4tzte Lesezeit\" \/>\n\t<meta name=\"twitter:data1\" content=\"2\u00a0Minuten\" \/>\n<script type=\"application\/ld+json\" class=\"yoast-schema-graph\">{\"@context\":\"https:\\\/\\\/schema.org\",\"@graph\":[{\"@type\":\"WebPage\",\"@id\":\"https:\\\/\\\/www.hvk-bo.de\\\/hvk_neu\\\/kooperationspartner\\\/ehemaligenverein\\\/\",\"url\":\"https:\\\/\\\/www.hvk-bo.de\\\/hvk_neu\\\/kooperationspartner\\\/ehemaligenverein\\\/\",\"name\":\"Ehemaligenverein - Heinrich-von-Kleist-Gymnasium\",\"isPartOf\":{\"@id\":\"https:\\\/\\\/www.hvk-bo.de\\\/hvk_neu\\\/#website\"},\"primaryImageOfPage\":{\"@id\":\"https:\\\/\\\/www.hvk-bo.de\\\/hvk_neu\\\/kooperationspartner\\\/ehemaligenverein\\\/#primaryimage\"},\"image\":{\"@id\":\"https:\\\/\\\/www.hvk-bo.de\\\/hvk_neu\\\/kooperationspartner\\\/ehemaligenverein\\\/#primaryimage\"},\"thumbnailUrl\":\"https:\\\/\\\/www.hvk-bo.de\\\/hvk_neu\\\/wp-content\\\/uploads\\\/2024\\\/07\\\/Symbol_Ehemalige.png\",\"datePublished\":\"2024-06-26T10:04:18+00:00\",\"dateModified\":\"2025-08-26T09:57:26+00:00\",\"breadcrumb\":{\"@id\":\"https:\\\/\\\/www.hvk-bo.de\\\/hvk_neu\\\/kooperationspartner\\\/ehemaligenverein\\\/#breadcrumb\"},\"inLanguage\":\"de\",\"potentialAction\":[{\"@type\":\"ReadAction\",\"target\":[\"https:\\\/\\\/www.hvk-bo.de\\\/hvk_neu\\\/kooperationspartner\\\/ehemaligenverein\\\/\"]}]},{\"@type\":\"ImageObject\",\"inLanguage\":\"de\",\"@id\":\"https:\\\/\\\/www.hvk-bo.de\\\/hvk_neu\\\/kooperationspartner\\\/ehemaligenverein\\\/#primaryimage\",\"url\":\"https:\\\/\\\/www.hvk-bo.de\\\/hvk_neu\\\/wp-content\\\/uploads\\\/2024\\\/07\\\/Symbol_Ehemalige.png\",\"contentUrl\":\"https:\\\/\\\/www.hvk-bo.de\\\/hvk_neu\\\/wp-content\\\/uploads\\\/2024\\\/07\\\/Symbol_Ehemalige.png\",\"width\":985,\"height\":985},{\"@type\":\"BreadcrumbList\",\"@id\":\"https:\\\/\\\/www.hvk-bo.de\\\/hvk_neu\\\/kooperationspartner\\\/ehemaligenverein\\\/#breadcrumb\",\"itemListElement\":[{\"@type\":\"ListItem\",\"position\":1,\"name\":\"Startseite\",\"item\":\"https:\\\/\\\/www.hvk-bo.de\\\/hvk_neu\\\/\"},{\"@type\":\"ListItem\",\"position\":2,\"name\":\"Kooperationspartner\",\"item\":\"https:\\\/\\\/www.hvk-bo.de\\\/hvk_neu\\\/kooperationspartner\\\/\"},{\"@type\":\"ListItem\",\"position\":3,\"name\":\"Ehemaligenverein\"}]},{\"@type\":\"WebSite\",\"@id\":\"https:\\\/\\\/www.hvk-bo.de\\\/hvk_neu\\\/#website\",\"url\":\"https:\\\/\\\/www.hvk-bo.de\\\/hvk_neu\\\/\",\"name\":\"Heinrich-von-Kleist-Gymnasium\",\"description\":\"Ganztagsgymnasium\",\"publisher\":{\"@id\":\"https:\\\/\\\/www.hvk-bo.de\\\/hvk_neu\\\/#organization\"},\"alternateName\":\"HvK Bochum\",\"potentialAction\":[{\"@type\":\"SearchAction\",\"target\":{\"@type\":\"EntryPoint\",\"urlTemplate\":\"https:\\\/\\\/www.hvk-bo.de\\\/hvk_neu\\\/?s={search_term_string}\"},\"query-input\":{\"@type\":\"PropertyValueSpecification\",\"valueRequired\":true,\"valueName\":\"search_term_string\"}}],\"inLanguage\":\"de\"},{\"@type\":\"Organization\",\"@id\":\"https:\\\/\\\/www.hvk-bo.de\\\/hvk_neu\\\/#organization\",\"name\":\"Heinrich-von-Kleist-Gymnasium\",\"alternateName\":\"HvK Bochum\",\"url\":\"https:\\\/\\\/www.hvk-bo.de\\\/hvk_neu\\\/\",\"logo\":{\"@type\":\"ImageObject\",\"inLanguage\":\"de\",\"@id\":\"https:\\\/\\\/www.hvk-bo.de\\\/hvk_neu\\\/#\\\/schema\\\/logo\\\/image\\\/\",\"url\":\"https:\\\/\\\/www.hvk-bo.de\\\/hvk_neu\\\/wp-content\\\/uploads\\\/2024\\\/06\\\/HvK_Logo_klein.png\",\"contentUrl\":\"https:\\\/\\\/www.hvk-bo.de\\\/hvk_neu\\\/wp-content\\\/uploads\\\/2024\\\/06\\\/HvK_Logo_klein.png\",\"width\":512,\"height\":512,\"caption\":\"Heinrich-von-Kleist-Gymnasium\"},\"image\":{\"@id\":\"https:\\\/\\\/www.hvk-bo.de\\\/hvk_neu\\\/#\\\/schema\\\/logo\\\/image\\\/\"}}]}<\/script>\n<!-- \/ Yoast SEO plugin. -->","yoast_head_json":{"title":"Ehemaligenverein - Heinrich-von-Kleist-Gymnasium","robots":{"index":"index","follow":"follow","max-snippet":"max-snippet:-1","max-image-preview":"max-image-preview:large","max-video-preview":"max-video-preview:-1"},"canonical":"https:\/\/www.hvk-bo.de\/hvk_neu\/kooperationspartner\/ehemaligenverein\/","og_locale":"de_DE","og_type":"article","og_title":"Ehemaligenverein - Heinrich-von-Kleist-Gymnasium","og_description":"Ehemaligenverein Die meisten Sch\u00fclerinnen und Sch\u00fcler verlassen ihre Schule mit einem lachenden und einem weinenden Auge: Es ist vollbracht, die [&hellip;]","og_url":"https:\/\/www.hvk-bo.de\/hvk_neu\/kooperationspartner\/ehemaligenverein\/","og_site_name":"Heinrich-von-Kleist-Gymnasium","article_modified_time":"2025-08-26T09:57:26+00:00","og_image":[{"width":985,"height":985,"url":"https:\/\/www.hvk-bo.de\/hvk_neu\/wp-content\/uploads\/2024\/07\/Symbol_Ehemalige.png","type":"image\/png"}],"twitter_card":"summary_large_image","twitter_misc":{"Gesch\u00e4tzte Lesezeit":"2\u00a0Minuten"},"schema":{"@context":"https:\/\/schema.org","@graph":[{"@type":"WebPage","@id":"https:\/\/www.hvk-bo.de\/hvk_neu\/kooperationspartner\/ehemaligenverein\/","url":"https:\/\/www.hvk-bo.de\/hvk_neu\/kooperationspartner\/ehemaligenverein\/","name":"Ehemaligenverein - Heinrich-von-Kleist-Gymnasium","isPartOf":{"@id":"https:\/\/www.hvk-bo.de\/hvk_neu\/#website"},"primaryImageOfPage":{"@id":"https:\/\/www.hvk-bo.de\/hvk_neu\/kooperationspartner\/ehemaligenverein\/#primaryimage"},"image":{"@id":"https:\/\/www.hvk-bo.de\/hvk_neu\/kooperationspartner\/ehemaligenverein\/#primaryimage"},"thumbnailUrl":"https:\/\/www.hvk-bo.de\/hvk_neu\/wp-content\/uploads\/2024\/07\/Symbol_Ehemalige.png","datePublished":"2024-06-26T10:04:18+00:00","dateModified":"2025-08-26T09:57:26+00:00","breadcrumb":{"@id":"https:\/\/www.hvk-bo.de\/hvk_neu\/kooperationspartner\/ehemaligenverein\/#breadcrumb"},"inLanguage":"de","potentialAction":[{"@type":"ReadAction","target":["https:\/\/www.hvk-bo.de\/hvk_neu\/kooperationspartner\/ehemaligenverein\/"]}]},{"@type":"ImageObject","inLanguage":"de","@id":"https:\/\/www.hvk-bo.de\/hvk_neu\/kooperationspartner\/ehemaligenverein\/#primaryimage","url":"https:\/\/www.hvk-bo.de\/hvk_neu\/wp-content\/uploads\/2024\/07\/Symbol_Ehemalige.png","contentUrl":"https:\/\/www.hvk-bo.de\/hvk_neu\/wp-content\/uploads\/2024\/07\/Symbol_Ehemalige.png","width":985,"height":985},{"@type":"BreadcrumbList","@id":"https:\/\/www.hvk-bo.de\/hvk_neu\/kooperationspartner\/ehemaligenverein\/#breadcrumb","itemListElement":[{"@type":"ListItem","position":1,"name":"Startseite","item":"https:\/\/www.hvk-bo.de\/hvk_neu\/"},{"@type":"ListItem","position":2,"name":"Kooperationspartner","item":"https:\/\/www.hvk-bo.de\/hvk_neu\/kooperationspartner\/"},{"@type":"ListItem","position":3,"name":"Ehemaligenverein"}]},{"@type":"WebSite","@id":"https:\/\/www.hvk-bo.de\/hvk_neu\/#website","url":"https:\/\/www.hvk-bo.de\/hvk_neu\/","name":"Heinrich-von-Kleist-Gymnasium","description":"Ganztagsgymnasium","publisher":{"@id":"https:\/\/www.hvk-bo.de\/hvk_neu\/#organization"},"alternateName":"HvK Bochum","potentialAction":[{"@type":"SearchAction","target":{"@type":"EntryPoint","urlTemplate":"https:\/\/www.hvk-bo.de\/hvk_neu\/?s={search_term_string}"},"query-input":{"@type":"PropertyValueSpecification","valueRequired":true,"valueName":"search_term_string"}}],"inLanguage":"de"},{"@type":"Organization","@id":"https:\/\/www.hvk-bo.de\/hvk_neu\/#organization","name":"Heinrich-von-Kleist-Gymnasium","alternateName":"HvK Bochum","url":"https:\/\/www.hvk-bo.de\/hvk_neu\/","logo":{"@type":"ImageObject","inLanguage":"de","@id":"https:\/\/www.hvk-bo.de\/hvk_neu\/#\/schema\/logo\/image\/","url":"https:\/\/www.hvk-bo.de\/hvk_neu\/wp-content\/uploads\/2024\/06\/HvK_Logo_klein.png","contentUrl":"https:\/\/www.hvk-bo.de\/hvk_neu\/wp-content\/uploads\/2024\/06\/HvK_Logo_klein.png","width":512,"height":512,"caption":"Heinrich-von-Kleist-Gymnasium"},"image":{"@id":"https:\/\/www.hvk-bo.de\/hvk_neu\/#\/schema\/logo\/image\/"}}]}},"uagb_featured_image_src":{"full":false,"thumbnail":false,"medium":false,"medium_large":false,"large":false,"1536x1536":false,"2048x2048":false},"uagb_author_info":{"display_name":"Elmar B\u00fcsing","author_link":"https:\/\/www.hvk-bo.de\/hvk_neu\/author\/elmarmusterschule\/"},"uagb_comment_info":0,"uagb_excerpt":"Ehemaligenverein Die meisten Sch\u00fclerinnen und Sch\u00fcler verlassen ihre Schule mit einem lachenden und einem weinenden Auge: Es ist vollbracht, die [&hellip;]","_links":{"self":[{"href":"https:\/\/www.hvk-bo.de\/hvk_neu\/wp-json\/wp\/v2\/pages\/1577","targetHints":{"allow":["GET"]}}],"collection":[{"href":"https:\/\/www.hvk-bo.de\/hvk_neu\/wp-json\/wp\/v2\/pages"}],"about":[{"href":"https:\/\/www.hvk-bo.de\/hvk_neu\/wp-json\/wp\/v2\/types\/page"}],"author":[{"embeddable":true,"href":"https:\/\/www.hvk-bo.de\/hvk_neu\/wp-json\/wp\/v2\/users\/1"}],"replies":[{"embeddable":true,"href":"https:\/\/www.hvk-bo.de\/hvk_neu\/wp-json\/wp\/v2\/comments?post=1577"}],"version-history":[{"count":4,"href":"https:\/\/www.hvk-bo.de\/hvk_neu\/wp-json\/wp\/v2\/pages\/1577\/revisions"}],"predecessor-version":[{"id":3617,"href":"https:\/\/www.hvk-bo.de\/hvk_neu\/wp-json\/wp\/v2\/pages\/1577\/revisions\/3617"}],"up":[{"embeddable":true,"href":"https:\/\/www.hvk-bo.de\/hvk_neu\/wp-json\/wp\/v2\/pages\/1689"}],"wp:attachment":[{"href":"https:\/\/www.hvk-bo.de\/hvk_neu\/wp-json\/wp\/v2\/media?parent=1577"}],"curies":[{"name":"wp","href":"https:\/\/api.w.org\/{rel}","templated":true}]}}