{"id":1595,"date":"2024-06-26T12:05:42","date_gmt":"2024-06-26T10:05:42","guid":{"rendered":"https:\/\/www.hvk-bo.de\/hvk_neu\/?page_id=1595"},"modified":"2024-11-09T21:51:35","modified_gmt":"2024-11-09T20:51:35","slug":"zufunftswerkstaetten","status":"publish","type":"page","link":"https:\/\/www.hvk-bo.de\/hvk_neu\/unsereschule\/zufunftswerkstaetten\/","title":{"rendered":"Zukunftswerkst\u00e4tten"},"content":{"rendered":"\n<div class=\"wp-block-uagb-container uagb-block-04842593 default uagb-is-root-container\">\n<h3 class=\"wp-block-heading\">Zukunftswerkst\u00e4tten<\/h3>\n\n\n\n<div class=\"wp-block-group is-layout-constrained wp-block-group-is-layout-constrained\">\n<p>Zukunftswerkst\u00e4tten haben mittlerweile Tradition am HvK. <\/p>\n\n\n\n<p>Die erste Zukunftswerkstatt am HvK fand statt am 30. Januar 2018. Mittels einer <strong>Open Space &#8211; Methodik<\/strong> kamen Eltern, Sch\u00fclerinnen und Sch\u00fcler und Lehrkr\u00e4fte zusammen, um sich ohne spezielles Oberthema basierend auf den aktuellen Erfahrungen Zukunftsfragen zu widmen. <\/p>\n\n\n\n<p>Am 19.01.2019 schlossen wir den Tag der offenen T\u00fcr mit einer umfassenden &#8222;Zukunftswerkstatt&#8220; in einem <strong>World-Cafe-Setting<\/strong> ab. In 20 thematisch unterschiedlichen Gespr\u00e4chskreisen konnten Eltern, Sch\u00fcler\/innen und Lehrer\/innen ihre Zukunftsvorstellungen und Ideen f\u00fcr die Weiterentwicklung der HvK einbringen.&nbsp;<\/p>\n\n\n\n<p>Am 2.12.2019 kamen wir schulintern zu einer weiteren Zukunftswerkstatt zusammen, in der wir uns Fragen des Neubauvorhabens widmeten. <\/p>\n\n\n\n<p>Durch die Corona-Pandemie waren Beteiligungsformate in diese Gr\u00f6\u00dfenordnung lange nicht planbar, so dass erst am 11.03.2023 und damit genau einen Tag nach der Grundsteinlegung zum Neubau eine weitere Zukunftswerkstatt stattfinden konnte. Diese richtete sich an den gesamten Stadtteil und Akteure in Politik und Verwaltung. Auch die Projektsteuerung des Neubaus war eingebunden. Ziel dieser Zukunftswerkstatt war es, die gemeinsame Nutzung des Erdgeschosses im k\u00fcnftigen Schulzentrum Nord inhaltlich und organisatorisch zu diskutieren. <\/p>\n\n\n\n<p>Aus dieser Zukunftswerkstatt hat sich ein multiprofessioneller Arbeitskreis herausgebildet, der diese Veranstaltung ausgewertet hat, um die Ergebnisse und auch die notwendigen Forderungen zu einer multifunktionalen Nutzung in einer Folgeveranstaltung dann mit Politik und Verwaltung zu besprechen. Diese Veranstaltung fand statt am 18.10.2023 und damit nach urspr\u00fcnglichem Plan genau 2 Jahre vor dem Einzug in den Neubau. <\/p>\n\n\n\n<p><strong><em>Die folgende Zukunftswerkstatt wird wieder eine schulinterne Beteiligungskonferenz: <\/em><\/strong><br><strong><em>Am 23. Januar 2025 werden wir zu den Zukunftsfragen &#8222;Digitalit\u00e4t&#8220; und &#8222;Clusternutzung im Neubau&#8220; von 16 bis ca. 18 Uhr zusammenkommen, um mit Eltern, Sch\u00fclerinnen und Sch\u00fclern und Lehrkr\u00e4ften in den Austausch zu kommen. <\/em><\/strong><\/p>\n<\/div>\n<\/div>\n\n\n\n<p><\/p>\n","protected":false},"excerpt":{"rendered":"<p>Zukunftswerkst\u00e4tten Zukunftswerkst\u00e4tten haben mittlerweile Tradition am HvK. Die erste Zukunftswerkstatt am HvK fand statt am 30. Januar 2018. Mittels einer [&hellip;]<\/p>\n","protected":false},"author":1,"featured_media":0,"parent":1580,"menu_order":12,"comment_status":"closed","ping_status":"closed","template":"","meta":{"_uag_custom_page_level_css":"","site-sidebar-layout":"default","site-content-layout":"","ast-site-content-layout":"default","site-content-style":"default","site-sidebar-style":"default","ast-global-header-display":"","ast-banner-title-visibility":"","ast-main-header-display":"","ast-hfb-above-header-display":"","ast-hfb-below-header-display":"","ast-hfb-mobile-header-display":"","site-post-title":"disabled","ast-breadcrumbs-content":"","ast-featured-img":"","footer-sml-layout":"","ast-disable-related-posts":"","theme-transparent-header-meta":"","adv-header-id-meta":"","stick-header-meta":"","header-above-stick-meta":"","header-main-stick-meta":"","header-below-stick-meta":"","astra-migrate-meta-layouts":"default","ast-page-background-enabled":"default","ast-page-background-meta":{"desktop":{"background-color":"var(--ast-global-color-4)","background-image":"","background-repeat":"repeat","background-position":"center center","background-size":"auto","background-attachment":"scroll","background-type":"","background-media":"","overlay-type":"","overlay-color":"","overlay-opacity":"","overlay-gradient":""},"tablet":{"background-color":"","background-image":"","background-repeat":"repeat","background-position":"center center","background-size":"auto","background-attachment":"scroll","background-type":"","background-media":"","overlay-type":"","overlay-color":"","overlay-opacity":"","overlay-gradient":""},"mobile":{"background-color":"","background-image":"","background-repeat":"repeat","background-position":"center center","background-size":"auto","background-attachment":"scroll","background-type":"","background-media":"","overlay-type":"","overlay-color":"","overlay-opacity":"","overlay-gradient":""}},"ast-content-background-meta":{"desktop":{"background-color":"var(--ast-global-color-5)","background-image":"","background-repeat":"repeat","background-position":"center center","background-size":"auto","background-attachment":"scroll","background-type":"","background-media":"","overlay-type":"","overlay-color":"","overlay-opacity":"","overlay-gradient":""},"tablet":{"background-color":"var(--ast-global-color-5)","background-image":"","background-repeat":"repeat","background-position":"center center","background-size":"auto","background-attachment":"scroll","background-type":"","background-media":"","overlay-type":"","overlay-color":"","overlay-opacity":"","overlay-gradient":""},"mobile":{"background-color":"var(--ast-global-color-5)","background-image":"","background-repeat":"repeat","background-position":"center center","background-size":"auto","background-attachment":"scroll","background-type":"","background-media":"","overlay-type":"","overlay-color":"","overlay-opacity":"","overlay-gradient":""}},"footnotes":""},"class_list":["post-1595","page","type-page","status-publish","hentry"],"yoast_head":"<!-- This site is optimized with the Yoast SEO plugin v27.4 - https:\/\/yoast.com\/product\/yoast-seo-wordpress\/ -->\n<title>Zukunftswerkst\u00e4tten - Heinrich-von-Kleist-Gymnasium<\/title>\n<meta name=\"robots\" content=\"index, follow, max-snippet:-1, max-image-preview:large, max-video-preview:-1\" \/>\n<link rel=\"canonical\" href=\"https:\/\/www.hvk-bo.de\/hvk_neu\/unsereschule\/zufunftswerkstaetten\/\" \/>\n<meta property=\"og:locale\" content=\"de_DE\" \/>\n<meta property=\"og:type\" content=\"article\" \/>\n<meta property=\"og:title\" content=\"Zukunftswerkst\u00e4tten - Heinrich-von-Kleist-Gymnasium\" \/>\n<meta property=\"og:description\" content=\"Zukunftswerkst\u00e4tten Zukunftswerkst\u00e4tten haben mittlerweile Tradition am HvK. Die erste Zukunftswerkstatt am HvK fand statt am 30. Januar 2018. Mittels einer [&hellip;]\" \/>\n<meta property=\"og:url\" content=\"https:\/\/www.hvk-bo.de\/hvk_neu\/unsereschule\/zufunftswerkstaetten\/\" \/>\n<meta property=\"og:site_name\" content=\"Heinrich-von-Kleist-Gymnasium\" \/>\n<meta property=\"article:modified_time\" content=\"2024-11-09T20:51:35+00:00\" \/>\n<meta name=\"twitter:card\" content=\"summary_large_image\" \/>\n<meta name=\"twitter:label1\" content=\"Gesch\u00e4tzte Lesezeit\" \/>\n\t<meta name=\"twitter:data1\" content=\"2\u00a0Minuten\" \/>\n<script type=\"application\/ld+json\" class=\"yoast-schema-graph\">{\"@context\":\"https:\\\/\\\/schema.org\",\"@graph\":[{\"@type\":\"WebPage\",\"@id\":\"https:\\\/\\\/www.hvk-bo.de\\\/hvk_neu\\\/unsereschule\\\/zufunftswerkstaetten\\\/\",\"url\":\"https:\\\/\\\/www.hvk-bo.de\\\/hvk_neu\\\/unsereschule\\\/zufunftswerkstaetten\\\/\",\"name\":\"Zukunftswerkst\u00e4tten - Heinrich-von-Kleist-Gymnasium\",\"isPartOf\":{\"@id\":\"https:\\\/\\\/www.hvk-bo.de\\\/hvk_neu\\\/#website\"},\"datePublished\":\"2024-06-26T10:05:42+00:00\",\"dateModified\":\"2024-11-09T20:51:35+00:00\",\"breadcrumb\":{\"@id\":\"https:\\\/\\\/www.hvk-bo.de\\\/hvk_neu\\\/unsereschule\\\/zufunftswerkstaetten\\\/#breadcrumb\"},\"inLanguage\":\"de\",\"potentialAction\":[{\"@type\":\"ReadAction\",\"target\":[\"https:\\\/\\\/www.hvk-bo.de\\\/hvk_neu\\\/unsereschule\\\/zufunftswerkstaetten\\\/\"]}]},{\"@type\":\"BreadcrumbList\",\"@id\":\"https:\\\/\\\/www.hvk-bo.de\\\/hvk_neu\\\/unsereschule\\\/zufunftswerkstaetten\\\/#breadcrumb\",\"itemListElement\":[{\"@type\":\"ListItem\",\"position\":1,\"name\":\"Startseite\",\"item\":\"https:\\\/\\\/www.hvk-bo.de\\\/hvk_neu\\\/\"},{\"@type\":\"ListItem\",\"position\":2,\"name\":\"Unsere Schule\",\"item\":\"https:\\\/\\\/www.hvk-bo.de\\\/hvk_neu\\\/unsereschule\\\/\"},{\"@type\":\"ListItem\",\"position\":3,\"name\":\"Zukunftswerkst\u00e4tten\"}]},{\"@type\":\"WebSite\",\"@id\":\"https:\\\/\\\/www.hvk-bo.de\\\/hvk_neu\\\/#website\",\"url\":\"https:\\\/\\\/www.hvk-bo.de\\\/hvk_neu\\\/\",\"name\":\"Heinrich-von-Kleist-Gymnasium\",\"description\":\"Ganztagsgymnasium\",\"publisher\":{\"@id\":\"https:\\\/\\\/www.hvk-bo.de\\\/hvk_neu\\\/#organization\"},\"alternateName\":\"HvK Bochum\",\"potentialAction\":[{\"@type\":\"SearchAction\",\"target\":{\"@type\":\"EntryPoint\",\"urlTemplate\":\"https:\\\/\\\/www.hvk-bo.de\\\/hvk_neu\\\/?s={search_term_string}\"},\"query-input\":{\"@type\":\"PropertyValueSpecification\",\"valueRequired\":true,\"valueName\":\"search_term_string\"}}],\"inLanguage\":\"de\"},{\"@type\":\"Organization\",\"@id\":\"https:\\\/\\\/www.hvk-bo.de\\\/hvk_neu\\\/#organization\",\"name\":\"Heinrich-von-Kleist-Gymnasium\",\"alternateName\":\"HvK Bochum\",\"url\":\"https:\\\/\\\/www.hvk-bo.de\\\/hvk_neu\\\/\",\"logo\":{\"@type\":\"ImageObject\",\"inLanguage\":\"de\",\"@id\":\"https:\\\/\\\/www.hvk-bo.de\\\/hvk_neu\\\/#\\\/schema\\\/logo\\\/image\\\/\",\"url\":\"https:\\\/\\\/www.hvk-bo.de\\\/hvk_neu\\\/wp-content\\\/uploads\\\/2024\\\/06\\\/HvK_Logo_klein.png\",\"contentUrl\":\"https:\\\/\\\/www.hvk-bo.de\\\/hvk_neu\\\/wp-content\\\/uploads\\\/2024\\\/06\\\/HvK_Logo_klein.png\",\"width\":512,\"height\":512,\"caption\":\"Heinrich-von-Kleist-Gymnasium\"},\"image\":{\"@id\":\"https:\\\/\\\/www.hvk-bo.de\\\/hvk_neu\\\/#\\\/schema\\\/logo\\\/image\\\/\"}}]}<\/script>\n<!-- \/ Yoast SEO plugin. -->","yoast_head_json":{"title":"Zukunftswerkst\u00e4tten - Heinrich-von-Kleist-Gymnasium","robots":{"index":"index","follow":"follow","max-snippet":"max-snippet:-1","max-image-preview":"max-image-preview:large","max-video-preview":"max-video-preview:-1"},"canonical":"https:\/\/www.hvk-bo.de\/hvk_neu\/unsereschule\/zufunftswerkstaetten\/","og_locale":"de_DE","og_type":"article","og_title":"Zukunftswerkst\u00e4tten - Heinrich-von-Kleist-Gymnasium","og_description":"Zukunftswerkst\u00e4tten Zukunftswerkst\u00e4tten haben mittlerweile Tradition am HvK. Die erste Zukunftswerkstatt am HvK fand statt am 30. Januar 2018. Mittels einer [&hellip;]","og_url":"https:\/\/www.hvk-bo.de\/hvk_neu\/unsereschule\/zufunftswerkstaetten\/","og_site_name":"Heinrich-von-Kleist-Gymnasium","article_modified_time":"2024-11-09T20:51:35+00:00","twitter_card":"summary_large_image","twitter_misc":{"Gesch\u00e4tzte Lesezeit":"2\u00a0Minuten"},"schema":{"@context":"https:\/\/schema.org","@graph":[{"@type":"WebPage","@id":"https:\/\/www.hvk-bo.de\/hvk_neu\/unsereschule\/zufunftswerkstaetten\/","url":"https:\/\/www.hvk-bo.de\/hvk_neu\/unsereschule\/zufunftswerkstaetten\/","name":"Zukunftswerkst\u00e4tten - Heinrich-von-Kleist-Gymnasium","isPartOf":{"@id":"https:\/\/www.hvk-bo.de\/hvk_neu\/#website"},"datePublished":"2024-06-26T10:05:42+00:00","dateModified":"2024-11-09T20:51:35+00:00","breadcrumb":{"@id":"https:\/\/www.hvk-bo.de\/hvk_neu\/unsereschule\/zufunftswerkstaetten\/#breadcrumb"},"inLanguage":"de","potentialAction":[{"@type":"ReadAction","target":["https:\/\/www.hvk-bo.de\/hvk_neu\/unsereschule\/zufunftswerkstaetten\/"]}]},{"@type":"BreadcrumbList","@id":"https:\/\/www.hvk-bo.de\/hvk_neu\/unsereschule\/zufunftswerkstaetten\/#breadcrumb","itemListElement":[{"@type":"ListItem","position":1,"name":"Startseite","item":"https:\/\/www.hvk-bo.de\/hvk_neu\/"},{"@type":"ListItem","position":2,"name":"Unsere Schule","item":"https:\/\/www.hvk-bo.de\/hvk_neu\/unsereschule\/"},{"@type":"ListItem","position":3,"name":"Zukunftswerkst\u00e4tten"}]},{"@type":"WebSite","@id":"https:\/\/www.hvk-bo.de\/hvk_neu\/#website","url":"https:\/\/www.hvk-bo.de\/hvk_neu\/","name":"Heinrich-von-Kleist-Gymnasium","description":"Ganztagsgymnasium","publisher":{"@id":"https:\/\/www.hvk-bo.de\/hvk_neu\/#organization"},"alternateName":"HvK Bochum","potentialAction":[{"@type":"SearchAction","target":{"@type":"EntryPoint","urlTemplate":"https:\/\/www.hvk-bo.de\/hvk_neu\/?s={search_term_string}"},"query-input":{"@type":"PropertyValueSpecification","valueRequired":true,"valueName":"search_term_string"}}],"inLanguage":"de"},{"@type":"Organization","@id":"https:\/\/www.hvk-bo.de\/hvk_neu\/#organization","name":"Heinrich-von-Kleist-Gymnasium","alternateName":"HvK Bochum","url":"https:\/\/www.hvk-bo.de\/hvk_neu\/","logo":{"@type":"ImageObject","inLanguage":"de","@id":"https:\/\/www.hvk-bo.de\/hvk_neu\/#\/schema\/logo\/image\/","url":"https:\/\/www.hvk-bo.de\/hvk_neu\/wp-content\/uploads\/2024\/06\/HvK_Logo_klein.png","contentUrl":"https:\/\/www.hvk-bo.de\/hvk_neu\/wp-content\/uploads\/2024\/06\/HvK_Logo_klein.png","width":512,"height":512,"caption":"Heinrich-von-Kleist-Gymnasium"},"image":{"@id":"https:\/\/www.hvk-bo.de\/hvk_neu\/#\/schema\/logo\/image\/"}}]}},"uagb_featured_image_src":{"full":false,"thumbnail":false,"medium":false,"medium_large":false,"large":false,"1536x1536":false,"2048x2048":false},"uagb_author_info":{"display_name":"Elmar B\u00fcsing","author_link":"https:\/\/www.hvk-bo.de\/hvk_neu\/author\/elmarmusterschule\/"},"uagb_comment_info":0,"uagb_excerpt":"Zukunftswerkst\u00e4tten Zukunftswerkst\u00e4tten haben mittlerweile Tradition am HvK. Die erste Zukunftswerkstatt am HvK fand statt am 30. Januar 2018. Mittels einer [&hellip;]","_links":{"self":[{"href":"https:\/\/www.hvk-bo.de\/hvk_neu\/wp-json\/wp\/v2\/pages\/1595","targetHints":{"allow":["GET"]}}],"collection":[{"href":"https:\/\/www.hvk-bo.de\/hvk_neu\/wp-json\/wp\/v2\/pages"}],"about":[{"href":"https:\/\/www.hvk-bo.de\/hvk_neu\/wp-json\/wp\/v2\/types\/page"}],"author":[{"embeddable":true,"href":"https:\/\/www.hvk-bo.de\/hvk_neu\/wp-json\/wp\/v2\/users\/1"}],"replies":[{"embeddable":true,"href":"https:\/\/www.hvk-bo.de\/hvk_neu\/wp-json\/wp\/v2\/comments?post=1595"}],"version-history":[{"count":1,"href":"https:\/\/www.hvk-bo.de\/hvk_neu\/wp-json\/wp\/v2\/pages\/1595\/revisions"}],"predecessor-version":[{"id":3285,"href":"https:\/\/www.hvk-bo.de\/hvk_neu\/wp-json\/wp\/v2\/pages\/1595\/revisions\/3285"}],"up":[{"embeddable":true,"href":"https:\/\/www.hvk-bo.de\/hvk_neu\/wp-json\/wp\/v2\/pages\/1580"}],"wp:attachment":[{"href":"https:\/\/www.hvk-bo.de\/hvk_neu\/wp-json\/wp\/v2\/media?parent=1595"}],"curies":[{"name":"wp","href":"https:\/\/api.w.org\/{rel}","templated":true}]}}