{"id":1623,"date":"2024-06-26T15:00:48","date_gmt":"2024-06-26T13:00:48","guid":{"rendered":"https:\/\/www.hvk-bo.de\/hvk_neu\/?page_id=1623"},"modified":"2025-05-27T14:58:49","modified_gmt":"2025-05-27T12:58:49","slug":"mittelsufe","status":"publish","type":"page","link":"https:\/\/www.hvk-bo.de\/hvk_neu\/schullaufbahn\/mittelsufe\/","title":{"rendered":"Mittelstufe"},"content":{"rendered":"\n<div class=\"wp-block-uagb-container uagb-block-523df965 default uagb-is-root-container\">\n<h3 class=\"wp-block-heading\">Mittelstufe<\/h3>\n\n\n\n<div class=\"wp-block-group is-layout-constrained wp-block-group-is-layout-constrained\">\n<p>In den Klassen 7 bis 10 bereiten wir unsere Sch\u00fclerinnen und Sch\u00fcler intensiv auf den mittleren Schulabschluss sowie auf die Oberstufe vor und begleiten sie durch eine spannende und vielseitige Phase ihrer Schullaufbahn. Wir f\u00f6rdern nicht nur die fachliche Kompetenz, sondern legen auch gro\u00dfen Wert auf die Entwicklung sozialer und pers\u00f6nlicher F\u00e4higkeiten. Unsere Sch\u00fclerinnen und Sch\u00fcler lernen, eigenverantwortlich zu arbeiten, komplexe Zusammenh\u00e4nge zu verstehen und ihre Potenziale voll auszusch\u00f6pfen.<\/p>\n\n\n\n<h4 class=\"wp-block-heading\">Neue F\u00e4cher und spannende Wahlm\u00f6glichkeiten<\/h4>\n\n\n\n<p>Im Laufe der Mittelstufe wird das F\u00e4cherangebot sukzessive erweitert. Das vielf\u00e4ltige F\u00e4cherangebot er\u00f6ffnet den Sch\u00fclerinnen und Sch\u00fclern viele M\u00f6glichkeiten, ihre Interessen zu entdecken und zu vertiefen. Dies beginnt in Klasse 7 mit der Wahl der 2. Fremdsprache: die Sch\u00fclerinnen und Sch\u00fcler w\u00e4hlen zwischen Franz\u00f6sisch und Latein.<br>In Klasse 7 und 8 bieten wir zudem ein sogenanntes Profilfach zur individuellen Schwerpunktsetzung an. Zur Wahl stehen:<\/p>\n\n\n\n<ul class=\"wp-block-list\">\n<li>Theater<\/li>\n\n\n\n<li>Musik: Chor oder Band<\/li>\n\n\n\n<li>Ern\u00e4hrungslehre und Bodyforming in Klasse 7 bzw. Sport und Ersthelferausbildung in Klasse 8<\/li>\n\n\n\n<li>MINT Foto<\/li>\n\n\n\n<li>MINT Schach<\/li>\n<\/ul>\n\n\n\n<p>In Klasse 9 und 10 erweitern wir das Angebot mit dem Wahlpflichtbereich 2, der folgende F\u00e4cher umfasst:<\/p>\n\n\n\n<ul class=\"wp-block-list\">\n<li>Technik<\/li>\n\n\n\n<li>Informatik<\/li>\n\n\n\n<li>Darstellen und Gestalten<\/li>\n\n\n\n<li>Kreative Musikpraxis im Kontext der B\u00fchne<\/li>\n\n\n\n<li>Italienisch<\/li>\n\n\n\n<li>Geschichte + x<\/li>\n<\/ul>\n\n\n\n<h4 class=\"wp-block-heading\">Projekte und Angebote<\/h4>\n\n\n\n<p>Unseren Leitgedanken \u201eFordern und F\u00f6rdern\u201c setzen wir in der Mittelstufe durch besondere Projekte und Angebote um, z.B.:<\/p>\n\n\n\n<ul class=\"wp-block-list\">\n<li>In Klasse 7 nehmen alle Sch\u00fclerinnen und Sch\u00fcler am Projekttag &#8222;Spotlight \u2013 Theater gegen Mobbing&#8220; teil, um in der Klassengemeinschaft pr\u00e4ventiv Mobbing zu verhindern bzw. in konkreten F\u00e4llen die Klassengemeinschaft und einzelne Sch\u00fclerinnen und Sch\u00fcler aktiv zu unterst\u00fctzen und zu st\u00e4rken.<\/li>\n\n\n\n<li>Ab Klasse 9 k\u00f6nnen sie sich im Rahmen einer AG zur Streitschlichterin oder zum Streitschlichter ausbilden lassen.<\/li>\n\n\n\n<li>Die AG &#8222;Jugend debattiert&#8220; steht ab Klasse 9 allen offen, die sich f\u00fcr Diskussionen und Rhetorik interessieren.<\/li>\n\n\n\n<li>Schulextern werden in den Ferien durch das Land NRW Lernferien angeboten. Diese sind einmal f\u00fcr die F\u00f6rderung bei Problemen, aber auch f\u00fcr Begabte konzipiert. Weitere Informationen <a href=\"https:\/\/www.lernferien-nrw.de\/\">https:\/\/www.lernferien-nrw<\/a><a href=\"https:\/\/www.lernferien-nrw.de\/\" target=\"_blank\" rel=\"noreferrer noopener\">.<\/a><a href=\"https:\/\/www.lernferien-nrw.de\/\">de\/<\/a><\/li>\n<\/ul>\n\n\n\n<h4 class=\"wp-block-heading\">Fahrten und Exkursionen<\/h4>\n\n\n\n<p>Ein besonderes Highlight in der Mittelstufe sind unsere Klassenfahrten, die den Unterrichtsstoff mit spannenden Erlebnissen verbinden und die Klassengemeinschaft st\u00e4rken:<\/p>\n\n\n\n<ul class=\"wp-block-list\">\n<li>In Klasse 7 geht es f\u00fcr 12 Tage ins Waldschulheim, wo Naturerfahrung und Teamarbeit im Vordergrund stehen.<\/li>\n\n\n\n<li>In Klasse 8 unternehmen wir eine Skifahrt nach Jochgrimm, bei der unsere Sch\u00fclerinnen und Sch\u00fcler neue Erfahrungen im Skisport sammeln und die Eindr\u00fccke der italienischen Alpenregion in S\u00fcdtirol hautnah miterleben.<\/li>\n\n\n\n<li>In Klasse 9 steht die dreit\u00e4gige Bremerhaven-Fahrt auf dem Programm, die aufgrund des besonderen Erdkundeschwerpunktes den Besuch des Klimahauses und des Auswandererhauses miteinschlie\u00dft.<\/li>\n<\/ul>\n\n\n\n<h4 class=\"wp-block-heading\">Ihre Ansprechpartner<\/h4>\n\n\n\n<p>Astrid Leithe, Patrick Thiele und Hannes Bergmann sind Ihre zentralen Ansprechpartner f\u00fcr alle Fragen rund um die Mittelstufe. Ob Schullaufbahnberatung, Schulwechsel, Neuaufnahmen oder die Vorbereitung auf zentrale Pr\u00fcfungen \u2013 sie stehen Ihnen und Ihrem Kind mit Rat und Tat zur Seite. Egal ob es um die Planung der F\u00e4cherwahl, besondere Unterst\u00fctzung bei Lernschwierigkeiten oder Fragen zu den \u00dcberg\u00e4ngen in die Oberstufe geht \u2013 Frau Leithe, Herr Thiele und Herr Bergmann sind f\u00fcr Sie da.<br><br>Wir freuen uns, Sie und Ihr Kind auf dem Weg durch die Mittelstufe zu begleiten!<br><br>Telefonisch erreichen Sie uns \u00fcber die Schulnummer 0234-89125-0.<\/p>\n\n\n\n<div class=\"wp-block-uagb-container uagb-block-a1047e9e alignfull uagb-is-root-container\"><div class=\"uagb-container-inner-blocks-wrap\">\n<div class=\"wp-block-uagb-container uagb-block-3f71a177\">\n<div class=\"wp-block-media-text is-stacked-on-mobile\" style=\"grid-template-columns:43% auto\"><figure class=\"wp-block-media-text__media\"><img loading=\"lazy\" decoding=\"async\" width=\"213\" height=\"320\" src=\"https:\/\/www.hvk-bo.de\/hvk_neu\/wp-content\/uploads\/2024\/10\/Leithe.jpg\" alt=\"\" class=\"wp-image-2820 size-full\" srcset=\"https:\/\/www.hvk-bo.de\/hvk_neu\/wp-content\/uploads\/2024\/10\/Leithe.jpg 213w, https:\/\/www.hvk-bo.de\/hvk_neu\/wp-content\/uploads\/2024\/10\/Leithe-200x300.jpg 200w\" sizes=\"auto, (max-width: 213px) 100vw, 213px\" \/><\/figure><div class=\"wp-block-media-text__content\">\n<p class=\"has-text-align-right\"><a href=\"mailto:a.leithe@hvk-bochum.de\">Astrid Leithe<\/a><\/p>\n<\/div><\/div>\n<\/div>\n\n\n\n<div class=\"wp-block-uagb-container uagb-block-5096a7eb\">\n<div class=\"wp-block-media-text is-stacked-on-mobile\"><figure class=\"wp-block-media-text__media\"><img loading=\"lazy\" decoding=\"async\" width=\"790\" height=\"1024\" src=\"https:\/\/www.hvk-bo.de\/hvk_neu\/wp-content\/uploads\/2024\/10\/Thiele-2024-10-09-07_23_01-790x1024.jpg\" alt=\"\" class=\"wp-image-2948 size-full\" srcset=\"https:\/\/www.hvk-bo.de\/hvk_neu\/wp-content\/uploads\/2024\/10\/Thiele-2024-10-09-07_23_01-790x1024.jpg 790w, https:\/\/www.hvk-bo.de\/hvk_neu\/wp-content\/uploads\/2024\/10\/Thiele-2024-10-09-07_23_01-232x300.jpg 232w, https:\/\/www.hvk-bo.de\/hvk_neu\/wp-content\/uploads\/2024\/10\/Thiele-2024-10-09-07_23_01-768x995.jpg 768w, https:\/\/www.hvk-bo.de\/hvk_neu\/wp-content\/uploads\/2024\/10\/Thiele-2024-10-09-07_23_01.jpg 1012w\" sizes=\"auto, (max-width: 790px) 100vw, 790px\" \/><\/figure><div class=\"wp-block-media-text__content\">\n<p><a href=\"mailto:p.thiele@hvk-bochum.de\">Patrick Thiele<\/a><\/p>\n<\/div><\/div>\n<\/div>\n\n\n\n<div class=\"wp-block-uagb-container uagb-block-dce514a9\">\n<div class=\"wp-block-media-text is-stacked-on-mobile\"><figure class=\"wp-block-media-text__media\"><img loading=\"lazy\" decoding=\"async\" width=\"360\" height=\"540\" src=\"https:\/\/www.hvk-bo.de\/hvk_neu\/wp-content\/uploads\/2025\/05\/Profilbild-Bergmann.webp\" alt=\"\" class=\"wp-image-3550 size-full\" srcset=\"https:\/\/www.hvk-bo.de\/hvk_neu\/wp-content\/uploads\/2025\/05\/Profilbild-Bergmann.webp 360w, https:\/\/www.hvk-bo.de\/hvk_neu\/wp-content\/uploads\/2025\/05\/Profilbild-Bergmann-200x300.webp 200w\" sizes=\"auto, (max-width: 360px) 100vw, 360px\" \/><\/figure><div class=\"wp-block-media-text__content\">\n<p><a href=\"mailto:p.thiele@hvk-bochum.de\">Hannes Bergmann<\/a><\/p>\n<\/div><\/div>\n<\/div>\n<\/div><\/div>\n<\/div>\n<\/div>\n","protected":false},"excerpt":{"rendered":"<p>Mittelstufe In den Klassen 7 bis 10 bereiten wir unsere Sch\u00fclerinnen und Sch\u00fcler intensiv auf den mittleren Schulabschluss sowie auf [&hellip;]<\/p>\n","protected":false},"author":1,"featured_media":0,"parent":1619,"menu_order":2,"comment_status":"closed","ping_status":"closed","template":"","meta":{"_uag_custom_page_level_css":"","site-sidebar-layout":"default","site-content-layout":"","ast-site-content-layout":"default","site-content-style":"default","site-sidebar-style":"default","ast-global-header-display":"","ast-banner-title-visibility":"","ast-main-header-display":"","ast-hfb-above-header-display":"","ast-hfb-below-header-display":"","ast-hfb-mobile-header-display":"","site-post-title":"disabled","ast-breadcrumbs-content":"","ast-featured-img":"","footer-sml-layout":"","ast-disable-related-posts":"","theme-transparent-header-meta":"","adv-header-id-meta":"","stick-header-meta":"","header-above-stick-meta":"","header-main-stick-meta":"","header-below-stick-meta":"","astra-migrate-meta-layouts":"default","ast-page-background-enabled":"default","ast-page-background-meta":{"desktop":{"background-color":"var(--ast-global-color-4)","background-image":"","background-repeat":"repeat","background-position":"center center","background-size":"auto","background-attachment":"scroll","background-type":"","background-media":"","overlay-type":"","overlay-color":"","overlay-opacity":"","overlay-gradient":""},"tablet":{"background-color":"","background-image":"","background-repeat":"repeat","background-position":"center center","background-size":"auto","background-attachment":"scroll","background-type":"","background-media":"","overlay-type":"","overlay-color":"","overlay-opacity":"","overlay-gradient":""},"mobile":{"background-color":"","background-image":"","background-repeat":"repeat","background-position":"center center","background-size":"auto","background-attachment":"scroll","background-type":"","background-media":"","overlay-type":"","overlay-color":"","overlay-opacity":"","overlay-gradient":""}},"ast-content-background-meta":{"desktop":{"background-color":"var(--ast-global-color-5)","background-image":"","background-repeat":"repeat","background-position":"center center","background-size":"auto","background-attachment":"scroll","background-type":"","background-media":"","overlay-type":"","overlay-color":"","overlay-opacity":"","overlay-gradient":""},"tablet":{"background-color":"var(--ast-global-color-5)","background-image":"","background-repeat":"repeat","background-position":"center center","background-size":"auto","background-attachment":"scroll","background-type":"","background-media":"","overlay-type":"","overlay-color":"","overlay-opacity":"","overlay-gradient":""},"mobile":{"background-color":"var(--ast-global-color-5)","background-image":"","background-repeat":"repeat","background-position":"center center","background-size":"auto","background-attachment":"scroll","background-type":"","background-media":"","overlay-type":"","overlay-color":"","overlay-opacity":"","overlay-gradient":""}},"footnotes":""},"class_list":["post-1623","page","type-page","status-publish","hentry"],"yoast_head":"<!-- This site is optimized with the Yoast SEO plugin v27.4 - https:\/\/yoast.com\/product\/yoast-seo-wordpress\/ -->\n<title>Mittelstufe - Heinrich-von-Kleist-Gymnasium<\/title>\n<meta name=\"robots\" content=\"index, follow, max-snippet:-1, max-image-preview:large, max-video-preview:-1\" \/>\n<link rel=\"canonical\" href=\"https:\/\/www.hvk-bo.de\/hvk_neu\/schullaufbahn\/mittelsufe\/\" \/>\n<meta property=\"og:locale\" content=\"de_DE\" \/>\n<meta property=\"og:type\" content=\"article\" \/>\n<meta property=\"og:title\" content=\"Mittelstufe - Heinrich-von-Kleist-Gymnasium\" \/>\n<meta property=\"og:description\" content=\"Mittelstufe In den Klassen 7 bis 10 bereiten wir unsere Sch\u00fclerinnen und Sch\u00fcler intensiv auf den mittleren Schulabschluss sowie auf [&hellip;]\" \/>\n<meta property=\"og:url\" content=\"https:\/\/www.hvk-bo.de\/hvk_neu\/schullaufbahn\/mittelsufe\/\" \/>\n<meta property=\"og:site_name\" content=\"Heinrich-von-Kleist-Gymnasium\" \/>\n<meta property=\"article:modified_time\" content=\"2025-05-27T12:58:49+00:00\" \/>\n<meta property=\"og:image\" content=\"https:\/\/www.hvk-bo.de\/hvk_neu\/wp-content\/uploads\/2024\/10\/Leithe.jpg\" \/>\n\t<meta property=\"og:image:width\" content=\"213\" \/>\n\t<meta property=\"og:image:height\" content=\"320\" \/>\n\t<meta property=\"og:image:type\" content=\"image\/jpeg\" \/>\n<meta name=\"twitter:card\" content=\"summary_large_image\" \/>\n<meta name=\"twitter:label1\" content=\"Gesch\u00e4tzte Lesezeit\" \/>\n\t<meta name=\"twitter:data1\" content=\"4\u00a0Minuten\" \/>\n<script type=\"application\/ld+json\" class=\"yoast-schema-graph\">{\"@context\":\"https:\\\/\\\/schema.org\",\"@graph\":[{\"@type\":\"WebPage\",\"@id\":\"https:\\\/\\\/www.hvk-bo.de\\\/hvk_neu\\\/schullaufbahn\\\/mittelsufe\\\/\",\"url\":\"https:\\\/\\\/www.hvk-bo.de\\\/hvk_neu\\\/schullaufbahn\\\/mittelsufe\\\/\",\"name\":\"Mittelstufe - Heinrich-von-Kleist-Gymnasium\",\"isPartOf\":{\"@id\":\"https:\\\/\\\/www.hvk-bo.de\\\/hvk_neu\\\/#website\"},\"primaryImageOfPage\":{\"@id\":\"https:\\\/\\\/www.hvk-bo.de\\\/hvk_neu\\\/schullaufbahn\\\/mittelsufe\\\/#primaryimage\"},\"image\":{\"@id\":\"https:\\\/\\\/www.hvk-bo.de\\\/hvk_neu\\\/schullaufbahn\\\/mittelsufe\\\/#primaryimage\"},\"thumbnailUrl\":\"https:\\\/\\\/www.hvk-bo.de\\\/hvk_neu\\\/wp-content\\\/uploads\\\/2024\\\/10\\\/Leithe.jpg\",\"datePublished\":\"2024-06-26T13:00:48+00:00\",\"dateModified\":\"2025-05-27T12:58:49+00:00\",\"breadcrumb\":{\"@id\":\"https:\\\/\\\/www.hvk-bo.de\\\/hvk_neu\\\/schullaufbahn\\\/mittelsufe\\\/#breadcrumb\"},\"inLanguage\":\"de\",\"potentialAction\":[{\"@type\":\"ReadAction\",\"target\":[\"https:\\\/\\\/www.hvk-bo.de\\\/hvk_neu\\\/schullaufbahn\\\/mittelsufe\\\/\"]}]},{\"@type\":\"ImageObject\",\"inLanguage\":\"de\",\"@id\":\"https:\\\/\\\/www.hvk-bo.de\\\/hvk_neu\\\/schullaufbahn\\\/mittelsufe\\\/#primaryimage\",\"url\":\"https:\\\/\\\/www.hvk-bo.de\\\/hvk_neu\\\/wp-content\\\/uploads\\\/2024\\\/10\\\/Leithe.jpg\",\"contentUrl\":\"https:\\\/\\\/www.hvk-bo.de\\\/hvk_neu\\\/wp-content\\\/uploads\\\/2024\\\/10\\\/Leithe.jpg\",\"width\":213,\"height\":320,\"caption\":\"Leithe\"},{\"@type\":\"BreadcrumbList\",\"@id\":\"https:\\\/\\\/www.hvk-bo.de\\\/hvk_neu\\\/schullaufbahn\\\/mittelsufe\\\/#breadcrumb\",\"itemListElement\":[{\"@type\":\"ListItem\",\"position\":1,\"name\":\"Startseite\",\"item\":\"https:\\\/\\\/www.hvk-bo.de\\\/hvk_neu\\\/\"},{\"@type\":\"ListItem\",\"position\":2,\"name\":\"Schullaufbahn\",\"item\":\"https:\\\/\\\/www.hvk-bo.de\\\/hvk_neu\\\/schullaufbahn\\\/\"},{\"@type\":\"ListItem\",\"position\":3,\"name\":\"Mittelstufe\"}]},{\"@type\":\"WebSite\",\"@id\":\"https:\\\/\\\/www.hvk-bo.de\\\/hvk_neu\\\/#website\",\"url\":\"https:\\\/\\\/www.hvk-bo.de\\\/hvk_neu\\\/\",\"name\":\"Heinrich-von-Kleist-Gymnasium\",\"description\":\"Ganztagsgymnasium\",\"publisher\":{\"@id\":\"https:\\\/\\\/www.hvk-bo.de\\\/hvk_neu\\\/#organization\"},\"alternateName\":\"HvK Bochum\",\"potentialAction\":[{\"@type\":\"SearchAction\",\"target\":{\"@type\":\"EntryPoint\",\"urlTemplate\":\"https:\\\/\\\/www.hvk-bo.de\\\/hvk_neu\\\/?s={search_term_string}\"},\"query-input\":{\"@type\":\"PropertyValueSpecification\",\"valueRequired\":true,\"valueName\":\"search_term_string\"}}],\"inLanguage\":\"de\"},{\"@type\":\"Organization\",\"@id\":\"https:\\\/\\\/www.hvk-bo.de\\\/hvk_neu\\\/#organization\",\"name\":\"Heinrich-von-Kleist-Gymnasium\",\"alternateName\":\"HvK Bochum\",\"url\":\"https:\\\/\\\/www.hvk-bo.de\\\/hvk_neu\\\/\",\"logo\":{\"@type\":\"ImageObject\",\"inLanguage\":\"de\",\"@id\":\"https:\\\/\\\/www.hvk-bo.de\\\/hvk_neu\\\/#\\\/schema\\\/logo\\\/image\\\/\",\"url\":\"https:\\\/\\\/www.hvk-bo.de\\\/hvk_neu\\\/wp-content\\\/uploads\\\/2024\\\/06\\\/HvK_Logo_klein.png\",\"contentUrl\":\"https:\\\/\\\/www.hvk-bo.de\\\/hvk_neu\\\/wp-content\\\/uploads\\\/2024\\\/06\\\/HvK_Logo_klein.png\",\"width\":512,\"height\":512,\"caption\":\"Heinrich-von-Kleist-Gymnasium\"},\"image\":{\"@id\":\"https:\\\/\\\/www.hvk-bo.de\\\/hvk_neu\\\/#\\\/schema\\\/logo\\\/image\\\/\"}}]}<\/script>\n<!-- \/ Yoast SEO plugin. -->","yoast_head_json":{"title":"Mittelstufe - Heinrich-von-Kleist-Gymnasium","robots":{"index":"index","follow":"follow","max-snippet":"max-snippet:-1","max-image-preview":"max-image-preview:large","max-video-preview":"max-video-preview:-1"},"canonical":"https:\/\/www.hvk-bo.de\/hvk_neu\/schullaufbahn\/mittelsufe\/","og_locale":"de_DE","og_type":"article","og_title":"Mittelstufe - Heinrich-von-Kleist-Gymnasium","og_description":"Mittelstufe In den Klassen 7 bis 10 bereiten wir unsere Sch\u00fclerinnen und Sch\u00fcler intensiv auf den mittleren Schulabschluss sowie auf [&hellip;]","og_url":"https:\/\/www.hvk-bo.de\/hvk_neu\/schullaufbahn\/mittelsufe\/","og_site_name":"Heinrich-von-Kleist-Gymnasium","article_modified_time":"2025-05-27T12:58:49+00:00","og_image":[{"width":213,"height":320,"url":"https:\/\/www.hvk-bo.de\/hvk_neu\/wp-content\/uploads\/2024\/10\/Leithe.jpg","type":"image\/jpeg"}],"twitter_card":"summary_large_image","twitter_misc":{"Gesch\u00e4tzte Lesezeit":"4\u00a0Minuten"},"schema":{"@context":"https:\/\/schema.org","@graph":[{"@type":"WebPage","@id":"https:\/\/www.hvk-bo.de\/hvk_neu\/schullaufbahn\/mittelsufe\/","url":"https:\/\/www.hvk-bo.de\/hvk_neu\/schullaufbahn\/mittelsufe\/","name":"Mittelstufe - Heinrich-von-Kleist-Gymnasium","isPartOf":{"@id":"https:\/\/www.hvk-bo.de\/hvk_neu\/#website"},"primaryImageOfPage":{"@id":"https:\/\/www.hvk-bo.de\/hvk_neu\/schullaufbahn\/mittelsufe\/#primaryimage"},"image":{"@id":"https:\/\/www.hvk-bo.de\/hvk_neu\/schullaufbahn\/mittelsufe\/#primaryimage"},"thumbnailUrl":"https:\/\/www.hvk-bo.de\/hvk_neu\/wp-content\/uploads\/2024\/10\/Leithe.jpg","datePublished":"2024-06-26T13:00:48+00:00","dateModified":"2025-05-27T12:58:49+00:00","breadcrumb":{"@id":"https:\/\/www.hvk-bo.de\/hvk_neu\/schullaufbahn\/mittelsufe\/#breadcrumb"},"inLanguage":"de","potentialAction":[{"@type":"ReadAction","target":["https:\/\/www.hvk-bo.de\/hvk_neu\/schullaufbahn\/mittelsufe\/"]}]},{"@type":"ImageObject","inLanguage":"de","@id":"https:\/\/www.hvk-bo.de\/hvk_neu\/schullaufbahn\/mittelsufe\/#primaryimage","url":"https:\/\/www.hvk-bo.de\/hvk_neu\/wp-content\/uploads\/2024\/10\/Leithe.jpg","contentUrl":"https:\/\/www.hvk-bo.de\/hvk_neu\/wp-content\/uploads\/2024\/10\/Leithe.jpg","width":213,"height":320,"caption":"Leithe"},{"@type":"BreadcrumbList","@id":"https:\/\/www.hvk-bo.de\/hvk_neu\/schullaufbahn\/mittelsufe\/#breadcrumb","itemListElement":[{"@type":"ListItem","position":1,"name":"Startseite","item":"https:\/\/www.hvk-bo.de\/hvk_neu\/"},{"@type":"ListItem","position":2,"name":"Schullaufbahn","item":"https:\/\/www.hvk-bo.de\/hvk_neu\/schullaufbahn\/"},{"@type":"ListItem","position":3,"name":"Mittelstufe"}]},{"@type":"WebSite","@id":"https:\/\/www.hvk-bo.de\/hvk_neu\/#website","url":"https:\/\/www.hvk-bo.de\/hvk_neu\/","name":"Heinrich-von-Kleist-Gymnasium","description":"Ganztagsgymnasium","publisher":{"@id":"https:\/\/www.hvk-bo.de\/hvk_neu\/#organization"},"alternateName":"HvK Bochum","potentialAction":[{"@type":"SearchAction","target":{"@type":"EntryPoint","urlTemplate":"https:\/\/www.hvk-bo.de\/hvk_neu\/?s={search_term_string}"},"query-input":{"@type":"PropertyValueSpecification","valueRequired":true,"valueName":"search_term_string"}}],"inLanguage":"de"},{"@type":"Organization","@id":"https:\/\/www.hvk-bo.de\/hvk_neu\/#organization","name":"Heinrich-von-Kleist-Gymnasium","alternateName":"HvK Bochum","url":"https:\/\/www.hvk-bo.de\/hvk_neu\/","logo":{"@type":"ImageObject","inLanguage":"de","@id":"https:\/\/www.hvk-bo.de\/hvk_neu\/#\/schema\/logo\/image\/","url":"https:\/\/www.hvk-bo.de\/hvk_neu\/wp-content\/uploads\/2024\/06\/HvK_Logo_klein.png","contentUrl":"https:\/\/www.hvk-bo.de\/hvk_neu\/wp-content\/uploads\/2024\/06\/HvK_Logo_klein.png","width":512,"height":512,"caption":"Heinrich-von-Kleist-Gymnasium"},"image":{"@id":"https:\/\/www.hvk-bo.de\/hvk_neu\/#\/schema\/logo\/image\/"}}]}},"uagb_featured_image_src":{"full":false,"thumbnail":false,"medium":false,"medium_large":false,"large":false,"1536x1536":false,"2048x2048":false},"uagb_author_info":{"display_name":"Elmar B\u00fcsing","author_link":"https:\/\/www.hvk-bo.de\/hvk_neu\/author\/elmarmusterschule\/"},"uagb_comment_info":0,"uagb_excerpt":"Mittelstufe In den Klassen 7 bis 10 bereiten wir unsere Sch\u00fclerinnen und Sch\u00fcler intensiv auf den mittleren Schulabschluss sowie auf [&hellip;]","_links":{"self":[{"href":"https:\/\/www.hvk-bo.de\/hvk_neu\/wp-json\/wp\/v2\/pages\/1623","targetHints":{"allow":["GET"]}}],"collection":[{"href":"https:\/\/www.hvk-bo.de\/hvk_neu\/wp-json\/wp\/v2\/pages"}],"about":[{"href":"https:\/\/www.hvk-bo.de\/hvk_neu\/wp-json\/wp\/v2\/types\/page"}],"author":[{"embeddable":true,"href":"https:\/\/www.hvk-bo.de\/hvk_neu\/wp-json\/wp\/v2\/users\/1"}],"replies":[{"embeddable":true,"href":"https:\/\/www.hvk-bo.de\/hvk_neu\/wp-json\/wp\/v2\/comments?post=1623"}],"version-history":[{"count":2,"href":"https:\/\/www.hvk-bo.de\/hvk_neu\/wp-json\/wp\/v2\/pages\/1623\/revisions"}],"predecessor-version":[{"id":3551,"href":"https:\/\/www.hvk-bo.de\/hvk_neu\/wp-json\/wp\/v2\/pages\/1623\/revisions\/3551"}],"up":[{"embeddable":true,"href":"https:\/\/www.hvk-bo.de\/hvk_neu\/wp-json\/wp\/v2\/pages\/1619"}],"wp:attachment":[{"href":"https:\/\/www.hvk-bo.de\/hvk_neu\/wp-json\/wp\/v2\/media?parent=1623"}],"curies":[{"name":"wp","href":"https:\/\/api.w.org\/{rel}","templated":true}]}}