{"id":1646,"date":"2024-06-26T15:31:46","date_gmt":"2024-06-26T13:31:46","guid":{"rendered":"https:\/\/www.hvk-bo.de\/hvk_neu\/?page_id=1646"},"modified":"2024-11-09T21:52:27","modified_gmt":"2024-11-09T20:52:27","slug":"foerderung_von_anfang","status":"publish","type":"page","link":"https:\/\/www.hvk-bo.de\/hvk_neu\/foerderung_von_anfang\/","title":{"rendered":"F\u00f6rderung von Anfang an"},"content":{"rendered":"\n<div class=\"wp-block-uagb-container uagb-block-16b066df default uagb-is-root-container\">\n<div class=\"wp-block-group is-content-justification-left is-layout-constrained wp-container-core-group-is-layout-12dd3699 wp-block-group-is-layout-constrained\">\n<h3 class=\"wp-block-heading\">Unterst\u00fctzung von Anfang an<\/h3>\n\n\n\n<p>Der \u00dcbergang in die weiterf\u00fchrende Schule bringt einschneidende Ver\u00e4nderungen mit.<br>Neue und vor allem mehr Lehrerinnen und Lehrer als in der Grundschule, andere Unterrichtssituationen, viele F\u00e4cher &#8211; und noch einige Aspekte mehr &#8211; pr\u00e4gen den \u00dcbergang von der Grundschule auf das Gymnasium.<br>Dabei ist dem HvK wichtig \u00fcber die Klassenleitungsteams (wenn m\u00f6glich immer ein Mann und eine Frau) alle neuen Sch\u00fclerInnen und Sch\u00fcler im Blick zu behalten und von Anfang an Instrumente zur Unterst\u00fctzung zur Verf\u00fcgung zu stellen.<\/p>\n\n\n\n<p>\u00dcber die bettermarks-Plattform werden alle neuen Hvkler individuell und interaktiv in <strong>Mathematik <\/strong>unterst\u00fctzt und gef\u00f6rdert. Dabei k\u00f6nnen die Lehrerinnen und Lehrer passgenau \u00dcbungen zuweisen und erhalten R\u00fcckmeldungen zu den Ergebnissen. Daf\u00fcr stehen \u00fcber 100.000 Aufgaben aus \u00fcber 100 interaktiven B\u00fcchern mit ausf\u00fchrlichen Hilfestellungen und Erkl\u00e4rungen zur Verf\u00fcgung, aus denen auch jederzeit selbst \u00dcbungen zur Wiederholung und Vertiefung ausgew\u00e4hlt werden k\u00f6nnen.<\/p>\n\n\n\n<p>Auch einer fehlerhafte Rechtschreibung m\u00f6chten wir abhelfen. Denn diese wirkt sich nicht nur auf das Fach Deutsch aus, die Leistung in allen schriftlichen F\u00e4chern ist hiervon betroffen. Daher nutzen wir die Erprobungsstufe, um den Sch\u00fclerinnen und Sch\u00fclern die M\u00f6glichkeit zu geben, Schwierigkeiten bei der Rechtschreibung zu beheben. Hierzu arbeiten wir nach dem von Sommer-Stumpenhorst entworfenen Modell der Rechtschreibwerkstatt, bei der die F\u00e4higkeiten und Schwierigkeiten im \u201eHaus der Rechtschreibung\u201c verortet werden. Die Lehrkr\u00e4fte des Faches Deutsch sind hierbei die professionellen Begleiter.<\/p>\n\n\n\n<p>Viele Sch\u00fclerinnen und Sch\u00fcler haben manchmal Probleme sich zu motivieren, sind im Arbeiten blockiert oder haben noch keine geeigneten Lernstrategien verinnerlicht.<br>Hier hilft das Lerncoaching-Konzept oder unsere <strong>SegeL<\/strong> (<strong>Se<\/strong>lbst<strong>g<\/strong>esteuertes <strong>Le<\/strong>rnen) -Kurse. Speziell ausgebildete Lehrkr\u00e4fte arbeiten ganz individuell mit einzelnen Kindern oder in kleinen Gruppen (max. zu f\u00fcnft). Die Lerncoaches helfen dabei, eigene Lernstrategien zu entwickeln, Lernprozesse zu optimieren oder Lernblockaden zu l\u00f6sen. Dabei geben die Lernenden die Thematik vor und werden unterst\u00fctzt, neue, eigene Wege zu entdecken.<\/p>\n<\/div>\n<\/div>\n","protected":false},"excerpt":{"rendered":"<p>Unterst\u00fctzung von Anfang an Der \u00dcbergang in die weiterf\u00fchrende Schule bringt einschneidende Ver\u00e4nderungen mit.Neue und vor allem mehr Lehrerinnen und [&hellip;]<\/p>\n","protected":false},"author":1,"featured_media":0,"parent":0,"menu_order":1,"comment_status":"closed","ping_status":"closed","template":"","meta":{"_uag_custom_page_level_css":"","site-sidebar-layout":"default","site-content-layout":"","ast-site-content-layout":"default","site-content-style":"default","site-sidebar-style":"default","ast-global-header-display":"","ast-banner-title-visibility":"","ast-main-header-display":"","ast-hfb-above-header-display":"","ast-hfb-below-header-display":"","ast-hfb-mobile-header-display":"","site-post-title":"disabled","ast-breadcrumbs-content":"","ast-featured-img":"","footer-sml-layout":"","ast-disable-related-posts":"","theme-transparent-header-meta":"","adv-header-id-meta":"","stick-header-meta":"","header-above-stick-meta":"","header-main-stick-meta":"","header-below-stick-meta":"","astra-migrate-meta-layouts":"default","ast-page-background-enabled":"default","ast-page-background-meta":{"desktop":{"background-color":"var(--ast-global-color-4)","background-image":"","background-repeat":"repeat","background-position":"center center","background-size":"auto","background-attachment":"scroll","background-type":"","background-media":"","overlay-type":"","overlay-color":"","overlay-opacity":"","overlay-gradient":""},"tablet":{"background-color":"","background-image":"","background-repeat":"repeat","background-position":"center center","background-size":"auto","background-attachment":"scroll","background-type":"","background-media":"","overlay-type":"","overlay-color":"","overlay-opacity":"","overlay-gradient":""},"mobile":{"background-color":"","background-image":"","background-repeat":"repeat","background-position":"center center","background-size":"auto","background-attachment":"scroll","background-type":"","background-media":"","overlay-type":"","overlay-color":"","overlay-opacity":"","overlay-gradient":""}},"ast-content-background-meta":{"desktop":{"background-color":"var(--ast-global-color-5)","background-image":"","background-repeat":"repeat","background-position":"center center","background-size":"auto","background-attachment":"scroll","background-type":"","background-media":"","overlay-type":"","overlay-color":"","overlay-opacity":"","overlay-gradient":""},"tablet":{"background-color":"var(--ast-global-color-5)","background-image":"","background-repeat":"repeat","background-position":"center center","background-size":"auto","background-attachment":"scroll","background-type":"","background-media":"","overlay-type":"","overlay-color":"","overlay-opacity":"","overlay-gradient":""},"mobile":{"background-color":"var(--ast-global-color-5)","background-image":"","background-repeat":"repeat","background-position":"center center","background-size":"auto","background-attachment":"scroll","background-type":"","background-media":"","overlay-type":"","overlay-color":"","overlay-opacity":"","overlay-gradient":""}},"footnotes":""},"class_list":["post-1646","page","type-page","status-publish","hentry"],"yoast_head":"<!-- This site is optimized with the Yoast SEO plugin v27.5 - https:\/\/yoast.com\/product\/yoast-seo-wordpress\/ -->\n<title>F\u00f6rderung von Anfang an - Heinrich-von-Kleist-Gymnasium<\/title>\n<meta name=\"robots\" content=\"index, follow, max-snippet:-1, max-image-preview:large, max-video-preview:-1\" \/>\n<link rel=\"canonical\" href=\"https:\/\/www.hvk-bo.de\/hvk_neu\/foerderung_von_anfang\/\" \/>\n<meta property=\"og:locale\" content=\"de_DE\" \/>\n<meta property=\"og:type\" content=\"article\" \/>\n<meta property=\"og:title\" content=\"F\u00f6rderung von Anfang an - Heinrich-von-Kleist-Gymnasium\" \/>\n<meta property=\"og:description\" content=\"Unterst\u00fctzung von Anfang an Der \u00dcbergang in die weiterf\u00fchrende Schule bringt einschneidende Ver\u00e4nderungen mit.Neue und vor allem mehr Lehrerinnen und [&hellip;]\" \/>\n<meta property=\"og:url\" content=\"https:\/\/www.hvk-bo.de\/hvk_neu\/foerderung_von_anfang\/\" \/>\n<meta property=\"og:site_name\" content=\"Heinrich-von-Kleist-Gymnasium\" \/>\n<meta property=\"article:modified_time\" content=\"2024-11-09T20:52:27+00:00\" \/>\n<meta name=\"twitter:card\" content=\"summary_large_image\" \/>\n<meta name=\"twitter:label1\" content=\"Gesch\u00e4tzte Lesezeit\" \/>\n\t<meta name=\"twitter:data1\" content=\"2\u00a0Minuten\" \/>\n<script type=\"application\/ld+json\" class=\"yoast-schema-graph\">{\"@context\":\"https:\\\/\\\/schema.org\",\"@graph\":[{\"@type\":\"WebPage\",\"@id\":\"https:\\\/\\\/www.hvk-bo.de\\\/hvk_neu\\\/foerderung_von_anfang\\\/\",\"url\":\"https:\\\/\\\/www.hvk-bo.de\\\/hvk_neu\\\/foerderung_von_anfang\\\/\",\"name\":\"F\u00f6rderung von Anfang an - Heinrich-von-Kleist-Gymnasium\",\"isPartOf\":{\"@id\":\"https:\\\/\\\/www.hvk-bo.de\\\/hvk_neu\\\/#website\"},\"datePublished\":\"2024-06-26T13:31:46+00:00\",\"dateModified\":\"2024-11-09T20:52:27+00:00\",\"breadcrumb\":{\"@id\":\"https:\\\/\\\/www.hvk-bo.de\\\/hvk_neu\\\/foerderung_von_anfang\\\/#breadcrumb\"},\"inLanguage\":\"de\",\"potentialAction\":[{\"@type\":\"ReadAction\",\"target\":[\"https:\\\/\\\/www.hvk-bo.de\\\/hvk_neu\\\/foerderung_von_anfang\\\/\"]}]},{\"@type\":\"BreadcrumbList\",\"@id\":\"https:\\\/\\\/www.hvk-bo.de\\\/hvk_neu\\\/foerderung_von_anfang\\\/#breadcrumb\",\"itemListElement\":[{\"@type\":\"ListItem\",\"position\":1,\"name\":\"Startseite\",\"item\":\"https:\\\/\\\/www.hvk-bo.de\\\/hvk_neu\\\/\"},{\"@type\":\"ListItem\",\"position\":2,\"name\":\"F\u00f6rderung von Anfang an\"}]},{\"@type\":\"WebSite\",\"@id\":\"https:\\\/\\\/www.hvk-bo.de\\\/hvk_neu\\\/#website\",\"url\":\"https:\\\/\\\/www.hvk-bo.de\\\/hvk_neu\\\/\",\"name\":\"Heinrich-von-Kleist-Gymnasium\",\"description\":\"Ganztagsgymnasium\",\"publisher\":{\"@id\":\"https:\\\/\\\/www.hvk-bo.de\\\/hvk_neu\\\/#organization\"},\"alternateName\":\"HvK Bochum\",\"potentialAction\":[{\"@type\":\"SearchAction\",\"target\":{\"@type\":\"EntryPoint\",\"urlTemplate\":\"https:\\\/\\\/www.hvk-bo.de\\\/hvk_neu\\\/?s={search_term_string}\"},\"query-input\":{\"@type\":\"PropertyValueSpecification\",\"valueRequired\":true,\"valueName\":\"search_term_string\"}}],\"inLanguage\":\"de\"},{\"@type\":\"Organization\",\"@id\":\"https:\\\/\\\/www.hvk-bo.de\\\/hvk_neu\\\/#organization\",\"name\":\"Heinrich-von-Kleist-Gymnasium\",\"alternateName\":\"HvK Bochum\",\"url\":\"https:\\\/\\\/www.hvk-bo.de\\\/hvk_neu\\\/\",\"logo\":{\"@type\":\"ImageObject\",\"inLanguage\":\"de\",\"@id\":\"https:\\\/\\\/www.hvk-bo.de\\\/hvk_neu\\\/#\\\/schema\\\/logo\\\/image\\\/\",\"url\":\"https:\\\/\\\/www.hvk-bo.de\\\/hvk_neu\\\/wp-content\\\/uploads\\\/2024\\\/06\\\/HvK_Logo_klein.png\",\"contentUrl\":\"https:\\\/\\\/www.hvk-bo.de\\\/hvk_neu\\\/wp-content\\\/uploads\\\/2024\\\/06\\\/HvK_Logo_klein.png\",\"width\":512,\"height\":512,\"caption\":\"Heinrich-von-Kleist-Gymnasium\"},\"image\":{\"@id\":\"https:\\\/\\\/www.hvk-bo.de\\\/hvk_neu\\\/#\\\/schema\\\/logo\\\/image\\\/\"}}]}<\/script>\n<!-- \/ Yoast SEO plugin. -->","yoast_head_json":{"title":"F\u00f6rderung von Anfang an - Heinrich-von-Kleist-Gymnasium","robots":{"index":"index","follow":"follow","max-snippet":"max-snippet:-1","max-image-preview":"max-image-preview:large","max-video-preview":"max-video-preview:-1"},"canonical":"https:\/\/www.hvk-bo.de\/hvk_neu\/foerderung_von_anfang\/","og_locale":"de_DE","og_type":"article","og_title":"F\u00f6rderung von Anfang an - Heinrich-von-Kleist-Gymnasium","og_description":"Unterst\u00fctzung von Anfang an Der \u00dcbergang in die weiterf\u00fchrende Schule bringt einschneidende Ver\u00e4nderungen mit.Neue und vor allem mehr Lehrerinnen und [&hellip;]","og_url":"https:\/\/www.hvk-bo.de\/hvk_neu\/foerderung_von_anfang\/","og_site_name":"Heinrich-von-Kleist-Gymnasium","article_modified_time":"2024-11-09T20:52:27+00:00","twitter_card":"summary_large_image","twitter_misc":{"Gesch\u00e4tzte Lesezeit":"2\u00a0Minuten"},"schema":{"@context":"https:\/\/schema.org","@graph":[{"@type":"WebPage","@id":"https:\/\/www.hvk-bo.de\/hvk_neu\/foerderung_von_anfang\/","url":"https:\/\/www.hvk-bo.de\/hvk_neu\/foerderung_von_anfang\/","name":"F\u00f6rderung von Anfang an - Heinrich-von-Kleist-Gymnasium","isPartOf":{"@id":"https:\/\/www.hvk-bo.de\/hvk_neu\/#website"},"datePublished":"2024-06-26T13:31:46+00:00","dateModified":"2024-11-09T20:52:27+00:00","breadcrumb":{"@id":"https:\/\/www.hvk-bo.de\/hvk_neu\/foerderung_von_anfang\/#breadcrumb"},"inLanguage":"de","potentialAction":[{"@type":"ReadAction","target":["https:\/\/www.hvk-bo.de\/hvk_neu\/foerderung_von_anfang\/"]}]},{"@type":"BreadcrumbList","@id":"https:\/\/www.hvk-bo.de\/hvk_neu\/foerderung_von_anfang\/#breadcrumb","itemListElement":[{"@type":"ListItem","position":1,"name":"Startseite","item":"https:\/\/www.hvk-bo.de\/hvk_neu\/"},{"@type":"ListItem","position":2,"name":"F\u00f6rderung von Anfang an"}]},{"@type":"WebSite","@id":"https:\/\/www.hvk-bo.de\/hvk_neu\/#website","url":"https:\/\/www.hvk-bo.de\/hvk_neu\/","name":"Heinrich-von-Kleist-Gymnasium","description":"Ganztagsgymnasium","publisher":{"@id":"https:\/\/www.hvk-bo.de\/hvk_neu\/#organization"},"alternateName":"HvK Bochum","potentialAction":[{"@type":"SearchAction","target":{"@type":"EntryPoint","urlTemplate":"https:\/\/www.hvk-bo.de\/hvk_neu\/?s={search_term_string}"},"query-input":{"@type":"PropertyValueSpecification","valueRequired":true,"valueName":"search_term_string"}}],"inLanguage":"de"},{"@type":"Organization","@id":"https:\/\/www.hvk-bo.de\/hvk_neu\/#organization","name":"Heinrich-von-Kleist-Gymnasium","alternateName":"HvK Bochum","url":"https:\/\/www.hvk-bo.de\/hvk_neu\/","logo":{"@type":"ImageObject","inLanguage":"de","@id":"https:\/\/www.hvk-bo.de\/hvk_neu\/#\/schema\/logo\/image\/","url":"https:\/\/www.hvk-bo.de\/hvk_neu\/wp-content\/uploads\/2024\/06\/HvK_Logo_klein.png","contentUrl":"https:\/\/www.hvk-bo.de\/hvk_neu\/wp-content\/uploads\/2024\/06\/HvK_Logo_klein.png","width":512,"height":512,"caption":"Heinrich-von-Kleist-Gymnasium"},"image":{"@id":"https:\/\/www.hvk-bo.de\/hvk_neu\/#\/schema\/logo\/image\/"}}]}},"uagb_featured_image_src":{"full":false,"thumbnail":false,"medium":false,"medium_large":false,"large":false,"1536x1536":false,"2048x2048":false},"uagb_author_info":{"display_name":"Elmar B\u00fcsing","author_link":"https:\/\/www.hvk-bo.de\/hvk_neu\/author\/elmarmusterschule\/"},"uagb_comment_info":0,"uagb_excerpt":"Unterst\u00fctzung von Anfang an Der \u00dcbergang in die weiterf\u00fchrende Schule bringt einschneidende Ver\u00e4nderungen mit.Neue und vor allem mehr Lehrerinnen und [&hellip;]","_links":{"self":[{"href":"https:\/\/www.hvk-bo.de\/hvk_neu\/wp-json\/wp\/v2\/pages\/1646","targetHints":{"allow":["GET"]}}],"collection":[{"href":"https:\/\/www.hvk-bo.de\/hvk_neu\/wp-json\/wp\/v2\/pages"}],"about":[{"href":"https:\/\/www.hvk-bo.de\/hvk_neu\/wp-json\/wp\/v2\/types\/page"}],"author":[{"embeddable":true,"href":"https:\/\/www.hvk-bo.de\/hvk_neu\/wp-json\/wp\/v2\/users\/1"}],"replies":[{"embeddable":true,"href":"https:\/\/www.hvk-bo.de\/hvk_neu\/wp-json\/wp\/v2\/comments?post=1646"}],"version-history":[{"count":1,"href":"https:\/\/www.hvk-bo.de\/hvk_neu\/wp-json\/wp\/v2\/pages\/1646\/revisions"}],"predecessor-version":[{"id":3286,"href":"https:\/\/www.hvk-bo.de\/hvk_neu\/wp-json\/wp\/v2\/pages\/1646\/revisions\/3286"}],"wp:attachment":[{"href":"https:\/\/www.hvk-bo.de\/hvk_neu\/wp-json\/wp\/v2\/media?parent=1646"}],"curies":[{"name":"wp","href":"https:\/\/api.w.org\/{rel}","templated":true}]}}