{"id":1665,"date":"2024-06-26T17:54:55","date_gmt":"2024-06-26T15:54:55","guid":{"rendered":"https:\/\/www.hvk-bo.de\/hvk_neu\/?page_id=1665"},"modified":"2025-05-27T14:55:31","modified_gmt":"2025-05-27T12:55:31","slug":"medienscouts","status":"publish","type":"page","link":"https:\/\/www.hvk-bo.de\/hvk_neu\/medienscouts\/","title":{"rendered":"Medienscouts"},"content":{"rendered":"\n<div class=\"wp-block-uagb-container uagb-block-16b066df default uagb-is-root-container\">\n<div class=\"wp-block-group is-content-justification-left is-layout-constrained wp-container-core-group-is-layout-12dd3699 wp-block-group-is-layout-constrained\">\n<h3 class=\"wp-block-heading\"><strong>Medienscouts am HvK<\/strong>&nbsp;<\/h3>\n\n\n\n<p>Wir leben in einer digitalen Welt. Medien sind allgegenw\u00e4rtig, Kinder und Jugendliche wachsen ganz selbstverst\u00e4ndlich mit ihnen auf. Teilweise verbringen Jugendliche viele Stunden t\u00e4glich auf YouTube, Instagram oder in anderen digitalen Welten.&nbsp;<\/p>\n\n\n\n<h4 class=\"wp-block-heading\"><strong>Aber wer sind eigentlich die Medienscouts?<\/strong><\/h4>\n\n\n\n<p>Unsere Sch\u00fclerinnen und Sch\u00fcler haben sich in mehrt\u00e4gigen Workshops als Experten f\u00fcr digitale Medien ausbilden lassen und sind nun an unserer Schule in dieser Funktion t\u00e4tig.&nbsp;&nbsp;Ihr Ziel ist es, ihren Mitsch\u00fclerinnen und Mitsch\u00fclern bei Problemen im digitalen Alltag zur Seite zu stehen und pr\u00e4ventiv t\u00e4tig zu werden.&nbsp;&nbsp;<br>Das Besondere an diesem Angebot ist der Peer-to-Peer-Ansatz. Hierbei vertrauen Sch\u00fclerinnen und Sch\u00fcler auf das Wissen und die Erfahrungen ihrer Gleichaltrigen. Durch das spezielle Vertrauensverh\u00e4ltnis k\u00f6nnen die Medienscouts ihren Mitsch\u00fclerinnen und Mitsch\u00fclern auf Augenh\u00f6he begegnen und ihnen bei digitalen Problemen helfen.&nbsp;<\/p>\n\n\n\n<p>F\u00fcr die Zukunft planen die Medienscouts u.a. in Zusammenarbeit mit der SV Workshops anzubieten. <\/p>\n\n\n\n<p>Als Beratungslehrkr\u00e4fte stehen den Medienscouts Frau Ende und Herr Ugur zur Verf\u00fcgung.&nbsp;Unsere Medienscouts sind:&nbsp;Zoe (9c), Linus (9c), Jannis (9c)<br>Das gesamte Team ist per Mail unter <a href=\"mailto:medienscouts@hvk-bochum.de\" target=\"_blank\" rel=\"noreferrer noopener\">medienscouts@hvk-bochum.de<\/a> erreichbar. <br><br>Oder kommt einfach in unsere n\u00e4chsten Sprechzeiten: Im Monat Mai 2025 sind das an den Tagen 08.05. und 22.05. die Mittagspause in Raum 307B. <\/p>\n\n\n\n<p>F\u00fcr weitere Informationen: <a href=\"https:\/\/www.medienscouts-nrw.de\/\" target=\"_blank\" rel=\"noreferrer noopener\">https:\/\/www.medienscouts-nrw.de\/<\/a>&nbsp;<\/p>\n\n\n\n<h4 class=\"wp-block-heading\"><strong>Der Podcast der Medienscouts:<\/strong><\/h4>\n\n\n\n<ul class=\"wp-block-list\">\n<li><a href=\"https:\/\/hvkboc-my.sharepoint.com\/:u:\/g\/personal\/a_ugur_hvk-bochum_de\/EYo5YoRyja9IkIZwRwBOQAsBbzt90JIYWlBUz_MBrufuVA\" target=\"_blank\" rel=\"noreferrer noopener\">Podcast <\/a><a href=\"https:\/\/hvkboc-my.sharepoint.com\/:u:\/g\/personal\/a_ugur_hvk-bochum_de\/EYo5YoRyja9IkIZwRwBOQAsBbzt90JIYWlBUz_MBrufuVA\">Nr. 1<\/a>: Wer wir sind<\/li>\n\n\n\n<li><a href=\"https:\/\/hvkboc-my.sharepoint.com\/:u:\/g\/personal\/a_ugur_hvk-bochum_de\/Ecqq2m35MPtFudR-xyhSalIBuEsMH75QRl7iQiBa8j1niQ\">Podcast Nr.<\/a><a href=\"https:\/\/hvkboc-my.sharepoint.com\/:u:\/g\/personal\/a_ugur_hvk-bochum_de\/Ecqq2m35MPtFudR-xyhSalIBuEsMH75QRl7iQiBa8j1niQ\" target=\"_blank\" rel=\"noreferrer noopener\"> <\/a><a href=\"https:\/\/hvkboc-my.sharepoint.com\/:u:\/g\/personal\/a_ugur_hvk-bochum_de\/Ecqq2m35MPtFudR-xyhSalIBuEsMH75QRl7iQiBa8j1niQ\">2<\/a>: Ausbildung zum Medienscout<\/li>\n\n\n\n<li><a href=\"https:\/\/hvkboc-my.sharepoint.com\/:u:\/g\/personal\/a_ugur_hvk-bochum_de\/EZ0cIqu-t9RIvHRSUavkPcEBEKS1jva2OyESaOOJw8IuJA?e=gRYUnb\" target=\"_blank\" rel=\"noreferrer noopener\">Podcast Nr. 3<\/a>: Challenges<\/li>\n<\/ul>\n<\/div>\n<\/div>\n","protected":false},"excerpt":{"rendered":"<p>Medienscouts am HvK&nbsp; Wir leben in einer digitalen Welt. Medien sind allgegenw\u00e4rtig, Kinder und Jugendliche wachsen ganz selbstverst\u00e4ndlich mit ihnen [&hellip;]<\/p>\n","protected":false},"author":1,"featured_media":0,"parent":0,"menu_order":9,"comment_status":"closed","ping_status":"closed","template":"","meta":{"_uag_custom_page_level_css":"","site-sidebar-layout":"default","site-content-layout":"","ast-site-content-layout":"default","site-content-style":"default","site-sidebar-style":"default","ast-global-header-display":"","ast-banner-title-visibility":"","ast-main-header-display":"","ast-hfb-above-header-display":"","ast-hfb-below-header-display":"","ast-hfb-mobile-header-display":"","site-post-title":"disabled","ast-breadcrumbs-content":"","ast-featured-img":"","footer-sml-layout":"","ast-disable-related-posts":"","theme-transparent-header-meta":"","adv-header-id-meta":"","stick-header-meta":"","header-above-stick-meta":"","header-main-stick-meta":"","header-below-stick-meta":"","astra-migrate-meta-layouts":"default","ast-page-background-enabled":"default","ast-page-background-meta":{"desktop":{"background-color":"var(--ast-global-color-4)","background-image":"","background-repeat":"repeat","background-position":"center center","background-size":"auto","background-attachment":"scroll","background-type":"","background-media":"","overlay-type":"","overlay-color":"","overlay-opacity":"","overlay-gradient":""},"tablet":{"background-color":"","background-image":"","background-repeat":"repeat","background-position":"center center","background-size":"auto","background-attachment":"scroll","background-type":"","background-media":"","overlay-type":"","overlay-color":"","overlay-opacity":"","overlay-gradient":""},"mobile":{"background-color":"","background-image":"","background-repeat":"repeat","background-position":"center center","background-size":"auto","background-attachment":"scroll","background-type":"","background-media":"","overlay-type":"","overlay-color":"","overlay-opacity":"","overlay-gradient":""}},"ast-content-background-meta":{"desktop":{"background-color":"var(--ast-global-color-5)","background-image":"","background-repeat":"repeat","background-position":"center center","background-size":"auto","background-attachment":"scroll","background-type":"","background-media":"","overlay-type":"","overlay-color":"","overlay-opacity":"","overlay-gradient":""},"tablet":{"background-color":"var(--ast-global-color-5)","background-image":"","background-repeat":"repeat","background-position":"center center","background-size":"auto","background-attachment":"scroll","background-type":"","background-media":"","overlay-type":"","overlay-color":"","overlay-opacity":"","overlay-gradient":""},"mobile":{"background-color":"var(--ast-global-color-5)","background-image":"","background-repeat":"repeat","background-position":"center center","background-size":"auto","background-attachment":"scroll","background-type":"","background-media":"","overlay-type":"","overlay-color":"","overlay-opacity":"","overlay-gradient":""}},"footnotes":""},"class_list":["post-1665","page","type-page","status-publish","hentry"],"yoast_head":"<!-- This site is optimized with the Yoast SEO plugin v27.4 - https:\/\/yoast.com\/product\/yoast-seo-wordpress\/ -->\n<title>Medienscouts - Heinrich-von-Kleist-Gymnasium<\/title>\n<meta name=\"robots\" content=\"index, follow, max-snippet:-1, max-image-preview:large, max-video-preview:-1\" \/>\n<link rel=\"canonical\" href=\"https:\/\/www.hvk-bo.de\/hvk_neu\/medienscouts\/\" \/>\n<meta property=\"og:locale\" content=\"de_DE\" \/>\n<meta property=\"og:type\" content=\"article\" \/>\n<meta property=\"og:title\" content=\"Medienscouts - Heinrich-von-Kleist-Gymnasium\" \/>\n<meta property=\"og:description\" content=\"Medienscouts am HvK&nbsp; Wir leben in einer digitalen Welt. Medien sind allgegenw\u00e4rtig, Kinder und Jugendliche wachsen ganz selbstverst\u00e4ndlich mit ihnen [&hellip;]\" \/>\n<meta property=\"og:url\" content=\"https:\/\/www.hvk-bo.de\/hvk_neu\/medienscouts\/\" \/>\n<meta property=\"og:site_name\" content=\"Heinrich-von-Kleist-Gymnasium\" \/>\n<meta property=\"article:modified_time\" content=\"2025-05-27T12:55:31+00:00\" \/>\n<meta name=\"twitter:card\" content=\"summary_large_image\" \/>\n<meta name=\"twitter:label1\" content=\"Gesch\u00e4tzte Lesezeit\" \/>\n\t<meta name=\"twitter:data1\" content=\"2\u00a0Minuten\" \/>\n<script type=\"application\/ld+json\" class=\"yoast-schema-graph\">{\"@context\":\"https:\\\/\\\/schema.org\",\"@graph\":[{\"@type\":\"WebPage\",\"@id\":\"https:\\\/\\\/www.hvk-bo.de\\\/hvk_neu\\\/medienscouts\\\/\",\"url\":\"https:\\\/\\\/www.hvk-bo.de\\\/hvk_neu\\\/medienscouts\\\/\",\"name\":\"Medienscouts - Heinrich-von-Kleist-Gymnasium\",\"isPartOf\":{\"@id\":\"https:\\\/\\\/www.hvk-bo.de\\\/hvk_neu\\\/#website\"},\"datePublished\":\"2024-06-26T15:54:55+00:00\",\"dateModified\":\"2025-05-27T12:55:31+00:00\",\"breadcrumb\":{\"@id\":\"https:\\\/\\\/www.hvk-bo.de\\\/hvk_neu\\\/medienscouts\\\/#breadcrumb\"},\"inLanguage\":\"de\",\"potentialAction\":[{\"@type\":\"ReadAction\",\"target\":[\"https:\\\/\\\/www.hvk-bo.de\\\/hvk_neu\\\/medienscouts\\\/\"]}]},{\"@type\":\"BreadcrumbList\",\"@id\":\"https:\\\/\\\/www.hvk-bo.de\\\/hvk_neu\\\/medienscouts\\\/#breadcrumb\",\"itemListElement\":[{\"@type\":\"ListItem\",\"position\":1,\"name\":\"Startseite\",\"item\":\"https:\\\/\\\/www.hvk-bo.de\\\/hvk_neu\\\/\"},{\"@type\":\"ListItem\",\"position\":2,\"name\":\"Medienscouts\"}]},{\"@type\":\"WebSite\",\"@id\":\"https:\\\/\\\/www.hvk-bo.de\\\/hvk_neu\\\/#website\",\"url\":\"https:\\\/\\\/www.hvk-bo.de\\\/hvk_neu\\\/\",\"name\":\"Heinrich-von-Kleist-Gymnasium\",\"description\":\"Ganztagsgymnasium\",\"publisher\":{\"@id\":\"https:\\\/\\\/www.hvk-bo.de\\\/hvk_neu\\\/#organization\"},\"alternateName\":\"HvK Bochum\",\"potentialAction\":[{\"@type\":\"SearchAction\",\"target\":{\"@type\":\"EntryPoint\",\"urlTemplate\":\"https:\\\/\\\/www.hvk-bo.de\\\/hvk_neu\\\/?s={search_term_string}\"},\"query-input\":{\"@type\":\"PropertyValueSpecification\",\"valueRequired\":true,\"valueName\":\"search_term_string\"}}],\"inLanguage\":\"de\"},{\"@type\":\"Organization\",\"@id\":\"https:\\\/\\\/www.hvk-bo.de\\\/hvk_neu\\\/#organization\",\"name\":\"Heinrich-von-Kleist-Gymnasium\",\"alternateName\":\"HvK Bochum\",\"url\":\"https:\\\/\\\/www.hvk-bo.de\\\/hvk_neu\\\/\",\"logo\":{\"@type\":\"ImageObject\",\"inLanguage\":\"de\",\"@id\":\"https:\\\/\\\/www.hvk-bo.de\\\/hvk_neu\\\/#\\\/schema\\\/logo\\\/image\\\/\",\"url\":\"https:\\\/\\\/www.hvk-bo.de\\\/hvk_neu\\\/wp-content\\\/uploads\\\/2024\\\/06\\\/HvK_Logo_klein.png\",\"contentUrl\":\"https:\\\/\\\/www.hvk-bo.de\\\/hvk_neu\\\/wp-content\\\/uploads\\\/2024\\\/06\\\/HvK_Logo_klein.png\",\"width\":512,\"height\":512,\"caption\":\"Heinrich-von-Kleist-Gymnasium\"},\"image\":{\"@id\":\"https:\\\/\\\/www.hvk-bo.de\\\/hvk_neu\\\/#\\\/schema\\\/logo\\\/image\\\/\"}}]}<\/script>\n<!-- \/ Yoast SEO plugin. -->","yoast_head_json":{"title":"Medienscouts - Heinrich-von-Kleist-Gymnasium","robots":{"index":"index","follow":"follow","max-snippet":"max-snippet:-1","max-image-preview":"max-image-preview:large","max-video-preview":"max-video-preview:-1"},"canonical":"https:\/\/www.hvk-bo.de\/hvk_neu\/medienscouts\/","og_locale":"de_DE","og_type":"article","og_title":"Medienscouts - Heinrich-von-Kleist-Gymnasium","og_description":"Medienscouts am HvK&nbsp; Wir leben in einer digitalen Welt. Medien sind allgegenw\u00e4rtig, Kinder und Jugendliche wachsen ganz selbstverst\u00e4ndlich mit ihnen [&hellip;]","og_url":"https:\/\/www.hvk-bo.de\/hvk_neu\/medienscouts\/","og_site_name":"Heinrich-von-Kleist-Gymnasium","article_modified_time":"2025-05-27T12:55:31+00:00","twitter_card":"summary_large_image","twitter_misc":{"Gesch\u00e4tzte Lesezeit":"2\u00a0Minuten"},"schema":{"@context":"https:\/\/schema.org","@graph":[{"@type":"WebPage","@id":"https:\/\/www.hvk-bo.de\/hvk_neu\/medienscouts\/","url":"https:\/\/www.hvk-bo.de\/hvk_neu\/medienscouts\/","name":"Medienscouts - Heinrich-von-Kleist-Gymnasium","isPartOf":{"@id":"https:\/\/www.hvk-bo.de\/hvk_neu\/#website"},"datePublished":"2024-06-26T15:54:55+00:00","dateModified":"2025-05-27T12:55:31+00:00","breadcrumb":{"@id":"https:\/\/www.hvk-bo.de\/hvk_neu\/medienscouts\/#breadcrumb"},"inLanguage":"de","potentialAction":[{"@type":"ReadAction","target":["https:\/\/www.hvk-bo.de\/hvk_neu\/medienscouts\/"]}]},{"@type":"BreadcrumbList","@id":"https:\/\/www.hvk-bo.de\/hvk_neu\/medienscouts\/#breadcrumb","itemListElement":[{"@type":"ListItem","position":1,"name":"Startseite","item":"https:\/\/www.hvk-bo.de\/hvk_neu\/"},{"@type":"ListItem","position":2,"name":"Medienscouts"}]},{"@type":"WebSite","@id":"https:\/\/www.hvk-bo.de\/hvk_neu\/#website","url":"https:\/\/www.hvk-bo.de\/hvk_neu\/","name":"Heinrich-von-Kleist-Gymnasium","description":"Ganztagsgymnasium","publisher":{"@id":"https:\/\/www.hvk-bo.de\/hvk_neu\/#organization"},"alternateName":"HvK Bochum","potentialAction":[{"@type":"SearchAction","target":{"@type":"EntryPoint","urlTemplate":"https:\/\/www.hvk-bo.de\/hvk_neu\/?s={search_term_string}"},"query-input":{"@type":"PropertyValueSpecification","valueRequired":true,"valueName":"search_term_string"}}],"inLanguage":"de"},{"@type":"Organization","@id":"https:\/\/www.hvk-bo.de\/hvk_neu\/#organization","name":"Heinrich-von-Kleist-Gymnasium","alternateName":"HvK Bochum","url":"https:\/\/www.hvk-bo.de\/hvk_neu\/","logo":{"@type":"ImageObject","inLanguage":"de","@id":"https:\/\/www.hvk-bo.de\/hvk_neu\/#\/schema\/logo\/image\/","url":"https:\/\/www.hvk-bo.de\/hvk_neu\/wp-content\/uploads\/2024\/06\/HvK_Logo_klein.png","contentUrl":"https:\/\/www.hvk-bo.de\/hvk_neu\/wp-content\/uploads\/2024\/06\/HvK_Logo_klein.png","width":512,"height":512,"caption":"Heinrich-von-Kleist-Gymnasium"},"image":{"@id":"https:\/\/www.hvk-bo.de\/hvk_neu\/#\/schema\/logo\/image\/"}}]}},"uagb_featured_image_src":{"full":false,"thumbnail":false,"medium":false,"medium_large":false,"large":false,"1536x1536":false,"2048x2048":false},"uagb_author_info":{"display_name":"Elmar B\u00fcsing","author_link":"https:\/\/www.hvk-bo.de\/hvk_neu\/author\/elmarmusterschule\/"},"uagb_comment_info":0,"uagb_excerpt":"Medienscouts am HvK&nbsp; Wir leben in einer digitalen Welt. Medien sind allgegenw\u00e4rtig, Kinder und Jugendliche wachsen ganz selbstverst\u00e4ndlich mit ihnen [&hellip;]","_links":{"self":[{"href":"https:\/\/www.hvk-bo.de\/hvk_neu\/wp-json\/wp\/v2\/pages\/1665","targetHints":{"allow":["GET"]}}],"collection":[{"href":"https:\/\/www.hvk-bo.de\/hvk_neu\/wp-json\/wp\/v2\/pages"}],"about":[{"href":"https:\/\/www.hvk-bo.de\/hvk_neu\/wp-json\/wp\/v2\/types\/page"}],"author":[{"embeddable":true,"href":"https:\/\/www.hvk-bo.de\/hvk_neu\/wp-json\/wp\/v2\/users\/1"}],"replies":[{"embeddable":true,"href":"https:\/\/www.hvk-bo.de\/hvk_neu\/wp-json\/wp\/v2\/comments?post=1665"}],"version-history":[{"count":4,"href":"https:\/\/www.hvk-bo.de\/hvk_neu\/wp-json\/wp\/v2\/pages\/1665\/revisions"}],"predecessor-version":[{"id":3548,"href":"https:\/\/www.hvk-bo.de\/hvk_neu\/wp-json\/wp\/v2\/pages\/1665\/revisions\/3548"}],"wp:attachment":[{"href":"https:\/\/www.hvk-bo.de\/hvk_neu\/wp-json\/wp\/v2\/media?parent=1665"}],"curies":[{"name":"wp","href":"https:\/\/api.w.org\/{rel}","templated":true}]}}