{"id":1671,"date":"2024-06-26T17:56:31","date_gmt":"2024-06-26T15:56:31","guid":{"rendered":"https:\/\/www.hvk-bo.de\/hvk_neu\/?page_id=1671"},"modified":"2026-01-29T14:05:22","modified_gmt":"2026-01-29T13:05:22","slug":"beratung","status":"publish","type":"page","link":"https:\/\/www.hvk-bo.de\/hvk_neu\/beratung\/","title":{"rendered":"Beratung"},"content":{"rendered":"\n<div class=\"wp-block-uagb-container uagb-block-e11f06c7 default uagb-is-root-container\">\n<h3 class=\"wp-block-heading\">Beratung<\/h3>\n\n\n\n<div class=\"wp-block-group is-layout-constrained wp-block-group-is-layout-constrained\">\n<p>Beratung an unserer Schule ist <\/p>\n\n\n\n<ul class=\"wp-block-list\">\n<li>wichtig, weil immer wieder neue Herausforderungen auf Sch\u00fclerinnen und Sch\u00fcler zukommen, die Fragen aufwerfen oder auch \u00e4ngstigen k\u00f6nnen<\/li>\n\n\n\n<li>vielf\u00e4ltig, weil jeder Mensch anders ist und sich in anderen Lebenskontexten befindet<\/li>\n\n\n\n<li>hilfreich, weil jemand da ist, der in schwierigen Lebens- und Lernphasen unterst\u00fctzt und begleitend zur Seite steht<\/li>\n<\/ul>\n<\/div>\n\n\n\n<p style=\"margin-top:0;margin-bottom:0\">Das Spektrum unserer Beratung reicht von dem Informationsgespr\u00e4ch zur (fachlichen) Leistung bis hin zur Begleitung in (pers\u00f6nlichen) Krisen. Immer steht in der Beratung die Suche nach L\u00f6sungen f\u00fcr das Problem im Vordergrund des Gespr\u00e4chs. Wir begeben uns auf eine gemeinsame Suche nach St\u00e4rken und pers\u00f6nlichen Potentialen unserer Sch\u00fclerinnen und Sch\u00fcler, die sie dazu bef\u00e4higen, sich L\u00f6sungen zu denken und auch umzusetzen. <\/p>\n\n\n\n<p style=\"margin-top:0;margin-bottom:0\">Damit Beratung gelingen kann, braucht es kompetente Ansprechpersonen f\u00fcr Ihr pers\u00f6nliches Anliegen. Die wichtigsten Ansprechpersonen finden Sie unten, die vollst\u00e4ndige \u00dcbersicht k\u00f6nnen Sie dem <a href=\"https:\/\/www.hvk-bo.de\/hvk_neu\/wp-content\/uploads\/2024\/10\/Flyer-Beratungslandschaft_10_2024.pdf\" data-type=\"link\" data-id=\"https:\/\/www.hvk-bo.de\/hvk_neu\/wp-content\/uploads\/2024\/10\/Flyer-Beratungslandschaft_10_2024.pdf\" target=\"_blank\" rel=\"noreferrer noopener\">Flyer zu unserer Beratungslandschaft<\/a> entnehmen oder Sie wenden sich an unser Sekretariat, von dort werden Sie entsprechend an die richtigen Ansprechpersonen vermittelt.<\/p>\n\n\n\n<div class=\"wp-block-uagb-container uagb-block-d2c83932 alignfull uagb-is-root-container\"><div class=\"uagb-container-inner-blocks-wrap\">\n<div class=\"wp-block-uagb-container uagb-block-926df005\">\n<details class=\"wp-block-details has-border-color has-ast-global-color-6-border-color is-layout-flow wp-block-details-is-layout-flow\" style=\"border-width:1px\"><summary><strong>Koordination<\/strong><\/summary>\n<div class=\"wp-block-uagb-advanced-heading uagb-block-205b4975\"><h5 class=\"uagb-heading-text\">Beratungsgegenstand<\/h5><div class=\"uagb-separator\"><\/div><\/div>\n\n\n\n<ul style=\"margin-top:0;margin-right:var(--wp--preset--spacing--40);margin-bottom:0;margin-left:var(--wp--preset--spacing--40)\" class=\"wp-block-list\">\n<li style=\"margin-top:0;margin-bottom:0\">Schullaufbahn<\/li>\n\n\n\n<li>Schulwechsel<\/li>\n\n\n\n<li>Schullaufbahngef\u00e4hrdung<\/li>\n\n\n\n<li>Mediation \/ Konfliktbegleitung<\/li>\n\n\n\n<li>Abschl\u00fcsse \/ Zentrale Pr\u00fcfungen<\/li>\n<\/ul>\n\n\n\n<div class=\"wp-block-uagb-advanced-heading uagb-block-1828718d\"><div class=\"uagb-separator\"><\/div><h5 class=\"uagb-heading-text\">Ansprechpersonen<\/h5><\/div>\n\n\n\n<p style=\"padding-right:1rem;padding-left:1rem\">Erprobungsstufe: Stefan Hees,&nbsp;<a href=\"mailto:s.hees@hvk-bochum.de\">s.hees@hvk-bochum.de<\/a><br>Mittelstufe: Astrid Leithe,&nbsp;<a href=\"mailto:a.leithe@hvk-bochum.de\">a.leithe@hvk-bochum.de<\/a>&nbsp;<br>Oberstufe: Robin B\u00e4ck,&nbsp;<a href=\"mailto:r.baeck@hvk-bochum.de\">r.baeck@hvk-bochum.de<\/a><\/p>\n\n\n\n<p><\/p>\n<\/details>\n\n\n\n<details class=\"wp-block-details has-border-color has-ast-global-color-6-border-color is-layout-flow wp-block-details-is-layout-flow\" style=\"border-width:1px\"><summary><strong>Lerncoaching<\/strong><\/summary>\n<div class=\"wp-block-uagb-advanced-heading uagb-block-c5716679\"><h5 class=\"uagb-heading-text\">Beratungsgegenstand<\/h5><div class=\"uagb-separator\"><\/div><\/div>\n\n\n\n<ul style=\"margin-top:0;margin-right:var(--wp--preset--spacing--40);margin-bottom:0;margin-left:var(--wp--preset--spacing--40)\" class=\"wp-block-list\">\n<li style=\"margin-top:0;margin-bottom:0\">Lernmotivation<\/li>\n\n\n\n<li>Lernstrategien<\/li>\n\n\n\n<li>Lernorganisation<\/li>\n\n\n\n<li>Lernausgangslage<\/li>\n\n\n\n<li>Abbau von Lernblockaden<\/li>\n<\/ul>\n\n\n\n<div class=\"wp-block-uagb-advanced-heading uagb-block-962fc00c\"><div class=\"uagb-separator\"><\/div><h5 class=\"uagb-heading-text\">Ansprechperson<\/h5><\/div>\n\n\n\n<p style=\"padding-right:1rem;padding-left:1rem\">Stefan Hees,&nbsp;<a href=\"mailto:s.hees@hvk-bochum.de\">s.hees@hvk-bochum.de<\/a><\/p>\n\n\n\n<p><\/p>\n<\/details>\n\n\n\n<details class=\"wp-block-details has-border-color has-ast-global-color-6-border-color is-layout-flow wp-block-details-is-layout-flow\" style=\"border-width:1px\"><summary><strong>Begabtenf\u00f6rderung<\/strong><\/summary>\n<div class=\"wp-block-uagb-advanced-heading uagb-block-3421c260\"><h5 class=\"uagb-heading-text\">Beratungsgegenstand<\/h5><div class=\"uagb-separator\"><\/div><\/div>\n\n\n\n<ul style=\"margin-top:0;margin-right:var(--wp--preset--spacing--40);margin-bottom:0;margin-left:var(--wp--preset--spacing--40)\" class=\"wp-block-list\">\n<li style=\"margin-top:0;margin-bottom:0\">Schulische Diagnostik und Beratung bei potenzieller Begabung<\/li>\n\n\n\n<li>Kontakt zu au\u00dferschulischen Partnern<\/li>\n<\/ul>\n\n\n\n<div class=\"wp-block-uagb-advanced-heading uagb-block-afda71c6\"><div class=\"uagb-separator\"><\/div><h5 class=\"uagb-heading-text\">Ansprechperson<\/h5><\/div>\n\n\n\n<p style=\"padding-right:1rem;padding-left:1rem\">Dr. Eva B\u00fccker,&nbsp;<a href=\"mailto:e.buecker@hvk-bochum.de\">e.buecker@hvk-bochum.de<\/a><\/p>\n\n\n\n<p><\/p>\n<\/details>\n\n\n\n<details class=\"wp-block-details has-border-color has-ast-global-color-6-border-color is-layout-flow wp-block-details-is-layout-flow\" style=\"border-width:1px\"><summary><strong>Studien- und Berufswahl<\/strong><\/summary>\n<div class=\"wp-block-uagb-advanced-heading uagb-block-1db96eec\"><h5 class=\"uagb-heading-text\">Beratungsgegenstand<\/h5><div class=\"uagb-separator\"><\/div><\/div>\n\n\n\n<ul style=\"margin-top:0;margin-right:var(--wp--preset--spacing--40);margin-bottom:0;margin-left:var(--wp--preset--spacing--40)\" class=\"wp-block-list\">\n<li style=\"margin-top:0;margin-bottom:0\">Studien- und Berufsorientierung<\/li>\n\n\n\n<li>Anschlussberatung<\/li>\n\n\n\n<li>Vernetzung mit au\u00dferschulischen Partnern<\/li>\n<\/ul>\n\n\n\n<div class=\"wp-block-uagb-advanced-heading uagb-block-e64a78c7\"><div class=\"uagb-separator\"><\/div><h5 class=\"uagb-heading-text\">Ansprechperson<\/h5><\/div>\n\n\n\n<p style=\"padding-right:1rem;padding-left:1rem\">Katrin Herrmann, <a href=\"mailto:k.herrmann@hvk-bochum.de\">k.herrmann@hvk-bochum.de<\/a><\/p>\n\n\n\n<p><\/p>\n<\/details>\n\n\n\n<details class=\"wp-block-details has-border-color has-ast-global-color-6-border-color is-layout-flow wp-block-details-is-layout-flow\" style=\"border-width:1px\"><summary><strong>Streitschlichtung<\/strong><\/summary>\n<div class=\"wp-block-uagb-advanced-heading uagb-block-808c7a71\"><h5 class=\"uagb-heading-text\">Beratungsgegenstand<\/h5><div class=\"uagb-separator\"><\/div><\/div>\n\n\n\n<ul style=\"margin-top:0;margin-right:var(--wp--preset--spacing--40);margin-bottom:0;margin-left:var(--wp--preset--spacing--40)\" class=\"wp-block-list\">\n<li style=\"margin-top:0;margin-bottom:0\">Konfliktl\u00f6sung zwischen Sch\u00fclerinnen und Sch\u00fclern<\/li>\n<\/ul>\n\n\n\n<div class=\"wp-block-uagb-advanced-heading uagb-block-39509ac8\"><div class=\"uagb-separator\"><\/div><h5 class=\"uagb-heading-text\">Ansprechpersonen<\/h5><\/div>\n\n\n\n<p style=\"padding-right:1rem;padding-left:1rem\">Die Streitschlichter finden Sie in den gro\u00dfen Pausen und<br>Mittagspausen gem\u00e4\u00df Aushang in 1015 E.<\/p>\n\n\n\n<div class=\"wp-block-uagb-advanced-heading uagb-block-14a1991d\"><h5 class=\"uagb-heading-text\">Zust\u00e4ndige Lehrkraft<\/h5><\/div>\n\n\n\n<p style=\"padding-right:1rem;padding-left:1rem\">Dietmar Schulz, <a href=\"mailto:d.schulz@hvk-bochum.de\">d.schulz@hvk-bochum.de<\/a><\/p>\n<\/details>\n\n\n\n<details class=\"wp-block-details has-border-color has-ast-global-color-6-border-color is-layout-flow wp-block-details-is-layout-flow\" style=\"border-width:1px\"><summary><strong>Beratungslehrkr\u00e4fte (psycho-sozial)<\/strong><\/summary>\n<div class=\"wp-block-uagb-advanced-heading uagb-block-16358975\"><h5 class=\"uagb-heading-text\">Beratungsgegenstand<\/h5><div class=\"uagb-separator\"><\/div><\/div>\n\n\n\n<ul style=\"margin-top:0;margin-right:var(--wp--preset--spacing--40);margin-bottom:0;margin-left:var(--wp--preset--spacing--40)\" class=\"wp-block-list\">\n<li style=\"margin-top:0;margin-bottom:0\">psycho-soziale Beratung: pers\u00f6nliche<\/li>\n\n\n\n<li>Krisenintervention<\/li>\n\n\n\n<li>Vernetzung mit au\u00dferschulischen Partnern\/Beratungsstellen<\/li>\n<\/ul>\n\n\n\n<div class=\"wp-block-uagb-advanced-heading uagb-block-702e50f5\"><div class=\"uagb-separator\"><\/div><h5 class=\"uagb-heading-text\">Ansprechpersonen<\/h5><\/div>\n\n\n\n<p style=\"padding-right:1rem;padding-left:1rem\">Patrick Thiele, <a href=\"mailto:p.thiele@hvk-bochum.de\">p.thiele@hvk-bochum.de<\/a><br>Maren Schr\u00f6der, <a href=\"mailto:m.schroeder@hvk-bochum.de\">m.schroeder@hvk-bochum.de<\/a><\/p>\n\n\n\n<p><\/p>\n<\/details>\n<\/div>\n<\/div><\/div>\n<\/div>\n\n\n\n<p><\/p>\n","protected":false},"excerpt":{"rendered":"<p>Beratung Beratung an unserer Schule ist Das Spektrum unserer Beratung reicht von dem Informationsgespr\u00e4ch zur (fachlichen) Leistung bis hin zur [&hellip;]<\/p>\n","protected":false},"author":1,"featured_media":0,"parent":0,"menu_order":11,"comment_status":"closed","ping_status":"closed","template":"","meta":{"_uag_custom_page_level_css":"","site-sidebar-layout":"default","site-content-layout":"","ast-site-content-layout":"default","site-content-style":"default","site-sidebar-style":"default","ast-global-header-display":"","ast-banner-title-visibility":"","ast-main-header-display":"","ast-hfb-above-header-display":"","ast-hfb-below-header-display":"","ast-hfb-mobile-header-display":"","site-post-title":"disabled","ast-breadcrumbs-content":"","ast-featured-img":"","footer-sml-layout":"","ast-disable-related-posts":"","theme-transparent-header-meta":"","adv-header-id-meta":"","stick-header-meta":"","header-above-stick-meta":"","header-main-stick-meta":"","header-below-stick-meta":"","astra-migrate-meta-layouts":"default","ast-page-background-enabled":"default","ast-page-background-meta":{"desktop":{"background-color":"var(--ast-global-color-4)","background-image":"","background-repeat":"repeat","background-position":"center center","background-size":"auto","background-attachment":"scroll","background-type":"","background-media":"","overlay-type":"","overlay-color":"","overlay-opacity":"","overlay-gradient":""},"tablet":{"background-color":"","background-image":"","background-repeat":"repeat","background-position":"center center","background-size":"auto","background-attachment":"scroll","background-type":"","background-media":"","overlay-type":"","overlay-color":"","overlay-opacity":"","overlay-gradient":""},"mobile":{"background-color":"","background-image":"","background-repeat":"repeat","background-position":"center center","background-size":"auto","background-attachment":"scroll","background-type":"","background-media":"","overlay-type":"","overlay-color":"","overlay-opacity":"","overlay-gradient":""}},"ast-content-background-meta":{"desktop":{"background-color":"var(--ast-global-color-5)","background-image":"","background-repeat":"repeat","background-position":"center center","background-size":"auto","background-attachment":"scroll","background-type":"","background-media":"","overlay-type":"","overlay-color":"","overlay-opacity":"","overlay-gradient":""},"tablet":{"background-color":"var(--ast-global-color-5)","background-image":"","background-repeat":"repeat","background-position":"center center","background-size":"auto","background-attachment":"scroll","background-type":"","background-media":"","overlay-type":"","overlay-color":"","overlay-opacity":"","overlay-gradient":""},"mobile":{"background-color":"var(--ast-global-color-5)","background-image":"","background-repeat":"repeat","background-position":"center center","background-size":"auto","background-attachment":"scroll","background-type":"","background-media":"","overlay-type":"","overlay-color":"","overlay-opacity":"","overlay-gradient":""}},"footnotes":""},"class_list":["post-1671","page","type-page","status-publish","hentry"],"yoast_head":"<!-- This site is optimized with the Yoast SEO plugin v27.5 - https:\/\/yoast.com\/product\/yoast-seo-wordpress\/ -->\n<title>Beratung - Heinrich-von-Kleist-Gymnasium<\/title>\n<meta name=\"robots\" content=\"index, follow, max-snippet:-1, max-image-preview:large, max-video-preview:-1\" \/>\n<link rel=\"canonical\" href=\"https:\/\/www.hvk-bo.de\/hvk_neu\/beratung\/\" \/>\n<meta property=\"og:locale\" content=\"de_DE\" \/>\n<meta property=\"og:type\" content=\"article\" \/>\n<meta property=\"og:title\" content=\"Beratung - Heinrich-von-Kleist-Gymnasium\" \/>\n<meta property=\"og:description\" content=\"Beratung Beratung an unserer Schule ist Das Spektrum unserer Beratung reicht von dem Informationsgespr\u00e4ch zur (fachlichen) Leistung bis hin zur [&hellip;]\" \/>\n<meta property=\"og:url\" content=\"https:\/\/www.hvk-bo.de\/hvk_neu\/beratung\/\" \/>\n<meta property=\"og:site_name\" content=\"Heinrich-von-Kleist-Gymnasium\" \/>\n<meta property=\"article:modified_time\" content=\"2026-01-29T13:05:22+00:00\" \/>\n<meta name=\"twitter:card\" content=\"summary_large_image\" \/>\n<meta name=\"twitter:label1\" content=\"Gesch\u00e4tzte Lesezeit\" \/>\n\t<meta name=\"twitter:data1\" content=\"2\u00a0Minuten\" \/>\n<script type=\"application\/ld+json\" class=\"yoast-schema-graph\">{\"@context\":\"https:\\\/\\\/schema.org\",\"@graph\":[{\"@type\":\"WebPage\",\"@id\":\"https:\\\/\\\/www.hvk-bo.de\\\/hvk_neu\\\/beratung\\\/\",\"url\":\"https:\\\/\\\/www.hvk-bo.de\\\/hvk_neu\\\/beratung\\\/\",\"name\":\"Beratung - Heinrich-von-Kleist-Gymnasium\",\"isPartOf\":{\"@id\":\"https:\\\/\\\/www.hvk-bo.de\\\/hvk_neu\\\/#website\"},\"datePublished\":\"2024-06-26T15:56:31+00:00\",\"dateModified\":\"2026-01-29T13:05:22+00:00\",\"breadcrumb\":{\"@id\":\"https:\\\/\\\/www.hvk-bo.de\\\/hvk_neu\\\/beratung\\\/#breadcrumb\"},\"inLanguage\":\"de\",\"potentialAction\":[{\"@type\":\"ReadAction\",\"target\":[\"https:\\\/\\\/www.hvk-bo.de\\\/hvk_neu\\\/beratung\\\/\"]}]},{\"@type\":\"BreadcrumbList\",\"@id\":\"https:\\\/\\\/www.hvk-bo.de\\\/hvk_neu\\\/beratung\\\/#breadcrumb\",\"itemListElement\":[{\"@type\":\"ListItem\",\"position\":1,\"name\":\"Startseite\",\"item\":\"https:\\\/\\\/www.hvk-bo.de\\\/hvk_neu\\\/\"},{\"@type\":\"ListItem\",\"position\":2,\"name\":\"Beratung\"}]},{\"@type\":\"WebSite\",\"@id\":\"https:\\\/\\\/www.hvk-bo.de\\\/hvk_neu\\\/#website\",\"url\":\"https:\\\/\\\/www.hvk-bo.de\\\/hvk_neu\\\/\",\"name\":\"Heinrich-von-Kleist-Gymnasium\",\"description\":\"Ganztagsgymnasium\",\"publisher\":{\"@id\":\"https:\\\/\\\/www.hvk-bo.de\\\/hvk_neu\\\/#organization\"},\"alternateName\":\"HvK Bochum\",\"potentialAction\":[{\"@type\":\"SearchAction\",\"target\":{\"@type\":\"EntryPoint\",\"urlTemplate\":\"https:\\\/\\\/www.hvk-bo.de\\\/hvk_neu\\\/?s={search_term_string}\"},\"query-input\":{\"@type\":\"PropertyValueSpecification\",\"valueRequired\":true,\"valueName\":\"search_term_string\"}}],\"inLanguage\":\"de\"},{\"@type\":\"Organization\",\"@id\":\"https:\\\/\\\/www.hvk-bo.de\\\/hvk_neu\\\/#organization\",\"name\":\"Heinrich-von-Kleist-Gymnasium\",\"alternateName\":\"HvK Bochum\",\"url\":\"https:\\\/\\\/www.hvk-bo.de\\\/hvk_neu\\\/\",\"logo\":{\"@type\":\"ImageObject\",\"inLanguage\":\"de\",\"@id\":\"https:\\\/\\\/www.hvk-bo.de\\\/hvk_neu\\\/#\\\/schema\\\/logo\\\/image\\\/\",\"url\":\"https:\\\/\\\/www.hvk-bo.de\\\/hvk_neu\\\/wp-content\\\/uploads\\\/2024\\\/06\\\/HvK_Logo_klein.png\",\"contentUrl\":\"https:\\\/\\\/www.hvk-bo.de\\\/hvk_neu\\\/wp-content\\\/uploads\\\/2024\\\/06\\\/HvK_Logo_klein.png\",\"width\":512,\"height\":512,\"caption\":\"Heinrich-von-Kleist-Gymnasium\"},\"image\":{\"@id\":\"https:\\\/\\\/www.hvk-bo.de\\\/hvk_neu\\\/#\\\/schema\\\/logo\\\/image\\\/\"}}]}<\/script>\n<!-- \/ Yoast SEO plugin. -->","yoast_head_json":{"title":"Beratung - Heinrich-von-Kleist-Gymnasium","robots":{"index":"index","follow":"follow","max-snippet":"max-snippet:-1","max-image-preview":"max-image-preview:large","max-video-preview":"max-video-preview:-1"},"canonical":"https:\/\/www.hvk-bo.de\/hvk_neu\/beratung\/","og_locale":"de_DE","og_type":"article","og_title":"Beratung - Heinrich-von-Kleist-Gymnasium","og_description":"Beratung Beratung an unserer Schule ist Das Spektrum unserer Beratung reicht von dem Informationsgespr\u00e4ch zur (fachlichen) Leistung bis hin zur [&hellip;]","og_url":"https:\/\/www.hvk-bo.de\/hvk_neu\/beratung\/","og_site_name":"Heinrich-von-Kleist-Gymnasium","article_modified_time":"2026-01-29T13:05:22+00:00","twitter_card":"summary_large_image","twitter_misc":{"Gesch\u00e4tzte Lesezeit":"2\u00a0Minuten"},"schema":{"@context":"https:\/\/schema.org","@graph":[{"@type":"WebPage","@id":"https:\/\/www.hvk-bo.de\/hvk_neu\/beratung\/","url":"https:\/\/www.hvk-bo.de\/hvk_neu\/beratung\/","name":"Beratung - Heinrich-von-Kleist-Gymnasium","isPartOf":{"@id":"https:\/\/www.hvk-bo.de\/hvk_neu\/#website"},"datePublished":"2024-06-26T15:56:31+00:00","dateModified":"2026-01-29T13:05:22+00:00","breadcrumb":{"@id":"https:\/\/www.hvk-bo.de\/hvk_neu\/beratung\/#breadcrumb"},"inLanguage":"de","potentialAction":[{"@type":"ReadAction","target":["https:\/\/www.hvk-bo.de\/hvk_neu\/beratung\/"]}]},{"@type":"BreadcrumbList","@id":"https:\/\/www.hvk-bo.de\/hvk_neu\/beratung\/#breadcrumb","itemListElement":[{"@type":"ListItem","position":1,"name":"Startseite","item":"https:\/\/www.hvk-bo.de\/hvk_neu\/"},{"@type":"ListItem","position":2,"name":"Beratung"}]},{"@type":"WebSite","@id":"https:\/\/www.hvk-bo.de\/hvk_neu\/#website","url":"https:\/\/www.hvk-bo.de\/hvk_neu\/","name":"Heinrich-von-Kleist-Gymnasium","description":"Ganztagsgymnasium","publisher":{"@id":"https:\/\/www.hvk-bo.de\/hvk_neu\/#organization"},"alternateName":"HvK Bochum","potentialAction":[{"@type":"SearchAction","target":{"@type":"EntryPoint","urlTemplate":"https:\/\/www.hvk-bo.de\/hvk_neu\/?s={search_term_string}"},"query-input":{"@type":"PropertyValueSpecification","valueRequired":true,"valueName":"search_term_string"}}],"inLanguage":"de"},{"@type":"Organization","@id":"https:\/\/www.hvk-bo.de\/hvk_neu\/#organization","name":"Heinrich-von-Kleist-Gymnasium","alternateName":"HvK Bochum","url":"https:\/\/www.hvk-bo.de\/hvk_neu\/","logo":{"@type":"ImageObject","inLanguage":"de","@id":"https:\/\/www.hvk-bo.de\/hvk_neu\/#\/schema\/logo\/image\/","url":"https:\/\/www.hvk-bo.de\/hvk_neu\/wp-content\/uploads\/2024\/06\/HvK_Logo_klein.png","contentUrl":"https:\/\/www.hvk-bo.de\/hvk_neu\/wp-content\/uploads\/2024\/06\/HvK_Logo_klein.png","width":512,"height":512,"caption":"Heinrich-von-Kleist-Gymnasium"},"image":{"@id":"https:\/\/www.hvk-bo.de\/hvk_neu\/#\/schema\/logo\/image\/"}}]}},"uagb_featured_image_src":{"full":false,"thumbnail":false,"medium":false,"medium_large":false,"large":false,"1536x1536":false,"2048x2048":false},"uagb_author_info":{"display_name":"Elmar B\u00fcsing","author_link":"https:\/\/www.hvk-bo.de\/hvk_neu\/author\/elmarmusterschule\/"},"uagb_comment_info":0,"uagb_excerpt":"Beratung Beratung an unserer Schule ist Das Spektrum unserer Beratung reicht von dem Informationsgespr\u00e4ch zur (fachlichen) Leistung bis hin zur [&hellip;]","_links":{"self":[{"href":"https:\/\/www.hvk-bo.de\/hvk_neu\/wp-json\/wp\/v2\/pages\/1671","targetHints":{"allow":["GET"]}}],"collection":[{"href":"https:\/\/www.hvk-bo.de\/hvk_neu\/wp-json\/wp\/v2\/pages"}],"about":[{"href":"https:\/\/www.hvk-bo.de\/hvk_neu\/wp-json\/wp\/v2\/types\/page"}],"author":[{"embeddable":true,"href":"https:\/\/www.hvk-bo.de\/hvk_neu\/wp-json\/wp\/v2\/users\/1"}],"replies":[{"embeddable":true,"href":"https:\/\/www.hvk-bo.de\/hvk_neu\/wp-json\/wp\/v2\/comments?post=1671"}],"version-history":[{"count":13,"href":"https:\/\/www.hvk-bo.de\/hvk_neu\/wp-json\/wp\/v2\/pages\/1671\/revisions"}],"predecessor-version":[{"id":3940,"href":"https:\/\/www.hvk-bo.de\/hvk_neu\/wp-json\/wp\/v2\/pages\/1671\/revisions\/3940"}],"wp:attachment":[{"href":"https:\/\/www.hvk-bo.de\/hvk_neu\/wp-json\/wp\/v2\/media?parent=1671"}],"curies":[{"name":"wp","href":"https:\/\/api.w.org\/{rel}","templated":true}]}}