{"id":2353,"date":"2024-09-22T17:23:16","date_gmt":"2024-09-22T15:23:16","guid":{"rendered":"https:\/\/www.hvk-bo.de\/hvk_neu\/?page_id=2353"},"modified":"2024-11-09T21:09:31","modified_gmt":"2024-11-09T20:09:31","slug":"ags","status":"publish","type":"page","link":"https:\/\/www.hvk-bo.de\/hvk_neu\/schullaufbahn\/ags\/","title":{"rendered":"AGs"},"content":{"rendered":"\n<div class=\"wp-block-uagb-container uagb-block-f353ebc4 default uagb-is-root-container\">\n<h3 class=\"wp-block-heading\">Arbeitsgemeinschaften am Heinrich-von-Kleist-Gymnasium<\/h3>\n\n\n\n<p>In den Mittagspausen oder auch im Nachmittagsbereich k\u00f6nnen die Sch\u00fclerinnen und Sch\u00fcler aus einem vielf\u00e4ltigen AG-Angebot w\u00e4hlen, das sowohl von Lehrerinnen und Lehrern der Schule also auch von au\u00dferschulischen Partnern gestaltet wird. <br>Das Angebot umfasst AGs aus ganz unterschiedlichen Bereichen, so dass es Gelegenheit gibt, auch in neuen und bisher unbekannten Gebieten Erfahrungen zu sammeln und Interessen zu entdecken.<\/p>\n\n\n\n<p>Im aktuellen Schuljahr werden folgende AGs angeboten:<\/p>\n\n\n\n<details class=\"wp-block-details is-layout-flow wp-block-details-is-layout-flow\"><summary>AG Kleine Einsteine<\/summary>\n<div data-wp-interactive=\"core\/file\" class=\"wp-block-file\"><object data-wp-bind--hidden=\"!state.hasPdfPreview\" hidden class=\"wp-block-file__embed\" data=\"https:\/\/www.hvk-bo.de\/hvk_neu\/wp-content\/uploads\/2024\/10\/Flyer-Kleine-Einsteine.pdf\" type=\"application\/pdf\" style=\"width:100%;height:600px\" aria-label=\"Einbettung von Flyer Kleine Einsteine.\"><\/object><a id=\"wp-block-file--media-e3460730-d028-49ae-aae7-a9475061bedd\" href=\"https:\/\/www.hvk-bo.de\/hvk_neu\/wp-content\/uploads\/2024\/10\/Flyer-Kleine-Einsteine.pdf\" target=\"_blank\" rel=\"noreferrer noopener\">Flyer Kleine Einsteine<\/a><\/div>\n<\/details>\n\n\n\n<details class=\"wp-block-details is-layout-flow wp-block-details-is-layout-flow\"><summary>Ausbildung zum Streitschlichter \/ zur Streitschlichterin<\/summary>\n<div data-wp-interactive=\"core\/file\" class=\"wp-block-file\"><object data-wp-bind--hidden=\"!state.hasPdfPreview\" hidden class=\"wp-block-file__embed\" data=\"https:\/\/www.hvk-bo.de\/hvk_neu\/wp-content\/uploads\/2024\/10\/Streitschlichter_AG_Plakat.pdf\" type=\"application\/pdf\" style=\"width:100%;height:600px\" aria-label=\"Einbettung von Streitschlichter_AG_Plakat.\"><\/object><a id=\"wp-block-file--media-bff17f52-626d-450a-b72d-b7736fb55f15\" href=\"https:\/\/www.hvk-bo.de\/hvk_neu\/wp-content\/uploads\/2024\/10\/Streitschlichter_AG_Plakat.pdf\" target=\"_blank\" rel=\"noreferrer noopener\">Streitschlichter_AG_Plakat<\/a><\/div>\n<\/details>\n\n\n\n<details class=\"wp-block-details is-layout-flow wp-block-details-is-layout-flow\"><summary>Band AGs (einmal f\u00fcr Anf\u00e4nger und Anf\u00e4ngerinnen, einmal f\u00fcr Fortgeschrittene)<\/summary>\n<div data-wp-interactive=\"core\/file\" class=\"wp-block-file\"><object data-wp-bind--hidden=\"!state.hasPdfPreview\" hidden class=\"wp-block-file__embed\" data=\"https:\/\/www.hvk-bo.de\/hvk_neu\/wp-content\/uploads\/2024\/10\/Band-AG-Werbeseite.pdf\" type=\"application\/pdf\" style=\"width:100%;height:600px\" aria-label=\"Einbettung von Band-AG Werbeseite.\"><\/object><a id=\"wp-block-file--media-4ce38c2c-3ef0-4c39-8fd2-4e12b98a2ba0\" href=\"https:\/\/www.hvk-bo.de\/hvk_neu\/wp-content\/uploads\/2024\/10\/Band-AG-Werbeseite.pdf\" target=\"_blank\" rel=\"noreferrer noopener\">Band-AG Werbeseite<\/a><\/div>\n<\/details>\n\n\n\n<details class=\"wp-block-details is-layout-flow wp-block-details-is-layout-flow\"><summary>Bl\u00e4ser-AG<\/summary>\n<div data-wp-interactive=\"core\/file\" class=\"wp-block-file\"><object data-wp-bind--hidden=\"!state.hasPdfPreview\" hidden class=\"wp-block-file__embed\" data=\"https:\/\/www.hvk-bo.de\/hvk_neu\/wp-content\/uploads\/2024\/10\/Blaeser_AG_Plakat_Keudel_2425.pdf\" type=\"application\/pdf\" style=\"width:100%;height:600px\" aria-label=\"Einbettung von Bla\u0308ser_AG_Plakat_Keudel_2425.\"><\/object><a id=\"wp-block-file--media-91140792-fa35-43ef-ba2a-4a89abacfd03\" href=\"https:\/\/www.hvk-bo.de\/hvk_neu\/wp-content\/uploads\/2024\/10\/Blaeser_AG_Plakat_Keudel_2425.pdf\" target=\"_blank\" rel=\"noreferrer noopener\">Bla\u0308ser_AG_Plakat_Keudel_2425<\/a><\/div>\n<\/details>\n\n\n\n<details class=\"wp-block-details is-layout-flow wp-block-details-is-layout-flow\"><summary>Chor AG<\/summary>\n<div data-wp-interactive=\"core\/file\" class=\"wp-block-file\"><object data-wp-bind--hidden=\"!state.hasPdfPreview\" hidden class=\"wp-block-file__embed\" data=\"https:\/\/www.hvk-bo.de\/hvk_neu\/wp-content\/uploads\/2024\/10\/Chor_AG_Plakat.pdf\" type=\"application\/pdf\" style=\"width:100%;height:600px\" aria-label=\"Einbettung von Chor_AG_Plakat.\"><\/object><a id=\"wp-block-file--media-e570ed60-2eeb-4e4e-9b28-ced8c0247a05\" href=\"https:\/\/www.hvk-bo.de\/hvk_neu\/wp-content\/uploads\/2024\/10\/Chor_AG_Plakat.pdf\" target=\"_blank\" rel=\"noreferrer noopener\">Chor_AG_Plakat<\/a><\/div>\n<\/details>\n\n\n\n<details class=\"wp-block-details is-layout-flow wp-block-details-is-layout-flow\"><summary>Eine-Welt-AG<\/summary>\n<div data-wp-interactive=\"core\/file\" class=\"wp-block-file\"><object data-wp-bind--hidden=\"!state.hasPdfPreview\" hidden class=\"wp-block-file__embed\" data=\"https:\/\/www.hvk-bo.de\/hvk_neu\/wp-content\/uploads\/2024\/10\/Eine-Welt-AG.pdf\" type=\"application\/pdf\" style=\"width:100%;height:600px\" aria-label=\"Einbettung von Eine-Welt-AG.\"><\/object><a id=\"wp-block-file--media-97701cca-1497-409b-8448-8c67215e5f26\" href=\"https:\/\/www.hvk-bo.de\/hvk_neu\/wp-content\/uploads\/2024\/10\/Eine-Welt-AG.pdf\" target=\"_blank\" rel=\"noreferrer noopener\">Eine-Welt-AG<\/a><\/div>\n<\/details>\n\n\n\n<details class=\"wp-block-details is-layout-flow wp-block-details-is-layout-flow\"><summary>Jugend debattiert<\/summary>\n<p><\/p>\n<\/details>\n\n\n\n<details class=\"wp-block-details is-layout-flow wp-block-details-is-layout-flow\"><summary>Jugend forscht<\/summary>\n<p><\/p>\n<\/details>\n\n\n\n<details class=\"wp-block-details is-layout-flow wp-block-details-is-layout-flow\"><summary>Kultur Japan AG<\/summary>\n<div data-wp-interactive=\"core\/file\" class=\"wp-block-file\"><object data-wp-bind--hidden=\"!state.hasPdfPreview\" hidden class=\"wp-block-file__embed\" data=\"https:\/\/www.hvk-bo.de\/hvk_neu\/wp-content\/uploads\/2024\/10\/Poster-Kultur-Japan-AG.pdf\" type=\"application\/pdf\" style=\"width:100%;height:600px\" aria-label=\"Einbettung von Poster Kultur Japan-AG.\"><\/object><a id=\"wp-block-file--media-59293d4d-ac98-481c-9382-95d095166687\" href=\"https:\/\/www.hvk-bo.de\/hvk_neu\/wp-content\/uploads\/2024\/10\/Poster-Kultur-Japan-AG.pdf\" target=\"_blank\" rel=\"noreferrer noopener\">Poster Kultur Japan-AG<\/a><\/div>\n<\/details>\n\n\n\n<details class=\"wp-block-details is-layout-flow wp-block-details-is-layout-flow\"><summary>Kunst-AG: malen und zeichnen<\/summary>\n<div class=\"wp-block-file\"><a id=\"wp-block-file--media-3bed695e-c365-4d1d-86ff-3f81e9fe3caa\" href=\"https:\/\/www.hvk-bo.de\/hvk_neu\/wp-content\/uploads\/2024\/10\/Plakat-Kunst-AG-2024-2025-Klak.docx\" target=\"_blank\" rel=\"noreferrer noopener\">Plakat Kunst AG 2024-2025 Klak<\/a><\/div>\n<\/details>\n\n\n\n<details class=\"wp-block-details is-layout-flow wp-block-details-is-layout-flow\"><summary>Rechtschreib-AG<\/summary>\n<div data-wp-interactive=\"core\/file\" class=\"wp-block-file\"><object data-wp-bind--hidden=\"!state.hasPdfPreview\" hidden class=\"wp-block-file__embed\" data=\"https:\/\/www.hvk-bo.de\/hvk_neu\/wp-content\/uploads\/2024\/10\/Rechtschreib-AG.pdf\" type=\"application\/pdf\" style=\"width:100%;height:600px\" aria-label=\"Einbettung von Rechtschreib-AG.\"><\/object><a id=\"wp-block-file--media-4bc6c3fc-8e11-4607-bfce-20631976f227\" href=\"https:\/\/www.hvk-bo.de\/hvk_neu\/wp-content\/uploads\/2024\/10\/Rechtschreib-AG.pdf\" target=\"_blank\" rel=\"noreferrer noopener\">Rechtschreib-AG<\/a><\/div>\n<\/details>\n\n\n\n<details class=\"wp-block-details is-layout-flow wp-block-details-is-layout-flow\"><summary>Rechtskunde-AG<\/summary>\n<div data-wp-interactive=\"core\/file\" class=\"wp-block-file\"><object data-wp-bind--hidden=\"!state.hasPdfPreview\" hidden class=\"wp-block-file__embed\" data=\"https:\/\/www.hvk-bo.de\/hvk_neu\/wp-content\/uploads\/2024\/10\/Rechtskunde-AG.pdf\" type=\"application\/pdf\" style=\"width:100%;height:600px\" aria-label=\"Einbettung von Rechtskunde-AG.\"><\/object><a id=\"wp-block-file--media-3c7d7a2d-2935-431e-a405-a048dccdd3a2\" href=\"https:\/\/www.hvk-bo.de\/hvk_neu\/wp-content\/uploads\/2024\/10\/Rechtskunde-AG.pdf\" target=\"_blank\" rel=\"noreferrer noopener\">Rechtskunde-AG<\/a><\/div>\n<\/details>\n\n\n\n<details class=\"wp-block-details is-layout-flow wp-block-details-is-layout-flow\"><summary>Salsa AG<\/summary>\n<div data-wp-interactive=\"core\/file\" class=\"wp-block-file\"><object data-wp-bind--hidden=\"!state.hasPdfPreview\" hidden class=\"wp-block-file__embed\" data=\"https:\/\/www.hvk-bo.de\/hvk_neu\/wp-content\/uploads\/2024\/10\/Salsa-AG.pdf\" type=\"application\/pdf\" style=\"width:100%;height:600px\" aria-label=\"Einbettung von Salsa-AG.\"><\/object><a id=\"wp-block-file--media-5a780238-0081-4807-b9fb-92a99a402cd2\" href=\"https:\/\/www.hvk-bo.de\/hvk_neu\/wp-content\/uploads\/2024\/10\/Salsa-AG.pdf\" target=\"_blank\" rel=\"noreferrer noopener\">Salsa-AG<\/a><\/div>\n<\/details>\n\n\n\n<details class=\"wp-block-details is-layout-flow wp-block-details-is-layout-flow\"><summary>Schach AG<\/summary>\n<div data-wp-interactive=\"core\/file\" class=\"wp-block-file\"><object data-wp-bind--hidden=\"!state.hasPdfPreview\" hidden class=\"wp-block-file__embed\" data=\"https:\/\/www.hvk-bo.de\/hvk_neu\/wp-content\/uploads\/2024\/10\/Flyer-Schach-AG-2324-003.pdf\" type=\"application\/pdf\" style=\"width:100%;height:600px\" aria-label=\"Einbettung von Flyer Schach-AG 2324 (003).\"><\/object><a id=\"wp-block-file--media-f35167c4-2255-4af5-8381-12f9b7b34a3f\" href=\"https:\/\/www.hvk-bo.de\/hvk_neu\/wp-content\/uploads\/2024\/10\/Flyer-Schach-AG-2324-003.pdf\" target=\"_blank\" rel=\"noreferrer noopener\">Flyer Schach-AG 2324 (003)<\/a><\/div>\n<\/details>\n\n\n\n<details class=\"wp-block-details is-layout-flow wp-block-details-is-layout-flow\"><summary>Schule ohne Rassismus &#8211; Schule mit Courage<\/summary>\n<p><\/p>\n<\/details>\n\n\n\n<details class=\"wp-block-details is-layout-flow wp-block-details-is-layout-flow\"><summary>Theater-AG<\/summary>\n<div data-wp-interactive=\"core\/file\" class=\"wp-block-file\"><object data-wp-bind--hidden=\"!state.hasPdfPreview\" hidden class=\"wp-block-file__embed\" data=\"https:\/\/www.hvk-bo.de\/hvk_neu\/wp-content\/uploads\/2024\/10\/Theater-AG-Werbung-002.pdf\" type=\"application\/pdf\" style=\"width:100%;height:600px\" aria-label=\"Einbettung von Theater AG - Werbung (002).\"><\/object><a id=\"wp-block-file--media-836073a8-63d3-40af-af91-a35aa6e5add0\" href=\"https:\/\/www.hvk-bo.de\/hvk_neu\/wp-content\/uploads\/2024\/10\/Theater-AG-Werbung-002.pdf\" target=\"_blank\" rel=\"noreferrer noopener\">Theater AG &#8211; Werbung (002)<\/a><\/div>\n<\/details>\n<\/div>\n","protected":false},"excerpt":{"rendered":"<p>Arbeitsgemeinschaften am Heinrich-von-Kleist-Gymnasium In den Mittagspausen oder auch im Nachmittagsbereich k\u00f6nnen die Sch\u00fclerinnen und Sch\u00fcler aus einem vielf\u00e4ltigen AG-Angebot w\u00e4hlen, [&hellip;]<\/p>\n","protected":false},"author":1,"featured_media":0,"parent":1619,"menu_order":4,"comment_status":"closed","ping_status":"closed","template":"","meta":{"_uag_custom_page_level_css":"","site-sidebar-layout":"default","site-content-layout":"","ast-site-content-layout":"default","site-content-style":"default","site-sidebar-style":"default","ast-global-header-display":"","ast-banner-title-visibility":"","ast-main-header-display":"","ast-hfb-above-header-display":"","ast-hfb-below-header-display":"","ast-hfb-mobile-header-display":"","site-post-title":"disabled","ast-breadcrumbs-content":"","ast-featured-img":"","footer-sml-layout":"","ast-disable-related-posts":"","theme-transparent-header-meta":"","adv-header-id-meta":"","stick-header-meta":"","header-above-stick-meta":"","header-main-stick-meta":"","header-below-stick-meta":"","astra-migrate-meta-layouts":"default","ast-page-background-enabled":"default","ast-page-background-meta":{"desktop":{"background-color":"var(--ast-global-color-4)","background-image":"","background-repeat":"repeat","background-position":"center center","background-size":"auto","background-attachment":"scroll","background-type":"","background-media":"","overlay-type":"","overlay-color":"","overlay-opacity":"","overlay-gradient":""},"tablet":{"background-color":"","background-image":"","background-repeat":"repeat","background-position":"center center","background-size":"auto","background-attachment":"scroll","background-type":"","background-media":"","overlay-type":"","overlay-color":"","overlay-opacity":"","overlay-gradient":""},"mobile":{"background-color":"","background-image":"","background-repeat":"repeat","background-position":"center center","background-size":"auto","background-attachment":"scroll","background-type":"","background-media":"","overlay-type":"","overlay-color":"","overlay-opacity":"","overlay-gradient":""}},"ast-content-background-meta":{"desktop":{"background-color":"var(--ast-global-color-5)","background-image":"","background-repeat":"repeat","background-position":"center center","background-size":"auto","background-attachment":"scroll","background-type":"","background-media":"","overlay-type":"","overlay-color":"","overlay-opacity":"","overlay-gradient":""},"tablet":{"background-color":"var(--ast-global-color-5)","background-image":"","background-repeat":"repeat","background-position":"center center","background-size":"auto","background-attachment":"scroll","background-type":"","background-media":"","overlay-type":"","overlay-color":"","overlay-opacity":"","overlay-gradient":""},"mobile":{"background-color":"var(--ast-global-color-5)","background-image":"","background-repeat":"repeat","background-position":"center center","background-size":"auto","background-attachment":"scroll","background-type":"","background-media":"","overlay-type":"","overlay-color":"","overlay-opacity":"","overlay-gradient":""}},"footnotes":""},"class_list":["post-2353","page","type-page","status-publish","hentry"],"yoast_head":"<!-- This site is optimized with the Yoast SEO plugin v27.5 - https:\/\/yoast.com\/product\/yoast-seo-wordpress\/ -->\n<title>AGs - Heinrich-von-Kleist-Gymnasium<\/title>\n<meta name=\"robots\" content=\"index, follow, max-snippet:-1, max-image-preview:large, max-video-preview:-1\" \/>\n<link rel=\"canonical\" href=\"https:\/\/www.hvk-bo.de\/hvk_neu\/schullaufbahn\/ags\/\" \/>\n<meta property=\"og:locale\" content=\"de_DE\" \/>\n<meta property=\"og:type\" content=\"article\" \/>\n<meta property=\"og:title\" content=\"AGs - Heinrich-von-Kleist-Gymnasium\" \/>\n<meta property=\"og:description\" content=\"Arbeitsgemeinschaften am Heinrich-von-Kleist-Gymnasium In den Mittagspausen oder auch im Nachmittagsbereich k\u00f6nnen die Sch\u00fclerinnen und Sch\u00fcler aus einem vielf\u00e4ltigen AG-Angebot w\u00e4hlen, [&hellip;]\" \/>\n<meta property=\"og:url\" content=\"https:\/\/www.hvk-bo.de\/hvk_neu\/schullaufbahn\/ags\/\" \/>\n<meta property=\"og:site_name\" content=\"Heinrich-von-Kleist-Gymnasium\" \/>\n<meta property=\"article:modified_time\" content=\"2024-11-09T20:09:31+00:00\" \/>\n<meta name=\"twitter:card\" content=\"summary_large_image\" \/>\n<meta name=\"twitter:label1\" content=\"Gesch\u00e4tzte Lesezeit\" \/>\n\t<meta name=\"twitter:data1\" content=\"1\u00a0Minute\" \/>\n<script type=\"application\/ld+json\" class=\"yoast-schema-graph\">{\"@context\":\"https:\\\/\\\/schema.org\",\"@graph\":[{\"@type\":\"WebPage\",\"@id\":\"https:\\\/\\\/www.hvk-bo.de\\\/hvk_neu\\\/schullaufbahn\\\/ags\\\/\",\"url\":\"https:\\\/\\\/www.hvk-bo.de\\\/hvk_neu\\\/schullaufbahn\\\/ags\\\/\",\"name\":\"AGs - Heinrich-von-Kleist-Gymnasium\",\"isPartOf\":{\"@id\":\"https:\\\/\\\/www.hvk-bo.de\\\/hvk_neu\\\/#website\"},\"datePublished\":\"2024-09-22T15:23:16+00:00\",\"dateModified\":\"2024-11-09T20:09:31+00:00\",\"breadcrumb\":{\"@id\":\"https:\\\/\\\/www.hvk-bo.de\\\/hvk_neu\\\/schullaufbahn\\\/ags\\\/#breadcrumb\"},\"inLanguage\":\"de\",\"potentialAction\":[{\"@type\":\"ReadAction\",\"target\":[\"https:\\\/\\\/www.hvk-bo.de\\\/hvk_neu\\\/schullaufbahn\\\/ags\\\/\"]}]},{\"@type\":\"BreadcrumbList\",\"@id\":\"https:\\\/\\\/www.hvk-bo.de\\\/hvk_neu\\\/schullaufbahn\\\/ags\\\/#breadcrumb\",\"itemListElement\":[{\"@type\":\"ListItem\",\"position\":1,\"name\":\"Startseite\",\"item\":\"https:\\\/\\\/www.hvk-bo.de\\\/hvk_neu\\\/\"},{\"@type\":\"ListItem\",\"position\":2,\"name\":\"Schullaufbahn\",\"item\":\"https:\\\/\\\/www.hvk-bo.de\\\/hvk_neu\\\/schullaufbahn\\\/\"},{\"@type\":\"ListItem\",\"position\":3,\"name\":\"AGs\"}]},{\"@type\":\"WebSite\",\"@id\":\"https:\\\/\\\/www.hvk-bo.de\\\/hvk_neu\\\/#website\",\"url\":\"https:\\\/\\\/www.hvk-bo.de\\\/hvk_neu\\\/\",\"name\":\"Heinrich-von-Kleist-Gymnasium\",\"description\":\"Ganztagsgymnasium\",\"publisher\":{\"@id\":\"https:\\\/\\\/www.hvk-bo.de\\\/hvk_neu\\\/#organization\"},\"alternateName\":\"HvK Bochum\",\"potentialAction\":[{\"@type\":\"SearchAction\",\"target\":{\"@type\":\"EntryPoint\",\"urlTemplate\":\"https:\\\/\\\/www.hvk-bo.de\\\/hvk_neu\\\/?s={search_term_string}\"},\"query-input\":{\"@type\":\"PropertyValueSpecification\",\"valueRequired\":true,\"valueName\":\"search_term_string\"}}],\"inLanguage\":\"de\"},{\"@type\":\"Organization\",\"@id\":\"https:\\\/\\\/www.hvk-bo.de\\\/hvk_neu\\\/#organization\",\"name\":\"Heinrich-von-Kleist-Gymnasium\",\"alternateName\":\"HvK Bochum\",\"url\":\"https:\\\/\\\/www.hvk-bo.de\\\/hvk_neu\\\/\",\"logo\":{\"@type\":\"ImageObject\",\"inLanguage\":\"de\",\"@id\":\"https:\\\/\\\/www.hvk-bo.de\\\/hvk_neu\\\/#\\\/schema\\\/logo\\\/image\\\/\",\"url\":\"https:\\\/\\\/www.hvk-bo.de\\\/hvk_neu\\\/wp-content\\\/uploads\\\/2024\\\/06\\\/HvK_Logo_klein.png\",\"contentUrl\":\"https:\\\/\\\/www.hvk-bo.de\\\/hvk_neu\\\/wp-content\\\/uploads\\\/2024\\\/06\\\/HvK_Logo_klein.png\",\"width\":512,\"height\":512,\"caption\":\"Heinrich-von-Kleist-Gymnasium\"},\"image\":{\"@id\":\"https:\\\/\\\/www.hvk-bo.de\\\/hvk_neu\\\/#\\\/schema\\\/logo\\\/image\\\/\"}}]}<\/script>\n<!-- \/ Yoast SEO plugin. -->","yoast_head_json":{"title":"AGs - Heinrich-von-Kleist-Gymnasium","robots":{"index":"index","follow":"follow","max-snippet":"max-snippet:-1","max-image-preview":"max-image-preview:large","max-video-preview":"max-video-preview:-1"},"canonical":"https:\/\/www.hvk-bo.de\/hvk_neu\/schullaufbahn\/ags\/","og_locale":"de_DE","og_type":"article","og_title":"AGs - Heinrich-von-Kleist-Gymnasium","og_description":"Arbeitsgemeinschaften am Heinrich-von-Kleist-Gymnasium In den Mittagspausen oder auch im Nachmittagsbereich k\u00f6nnen die Sch\u00fclerinnen und Sch\u00fcler aus einem vielf\u00e4ltigen AG-Angebot w\u00e4hlen, [&hellip;]","og_url":"https:\/\/www.hvk-bo.de\/hvk_neu\/schullaufbahn\/ags\/","og_site_name":"Heinrich-von-Kleist-Gymnasium","article_modified_time":"2024-11-09T20:09:31+00:00","twitter_card":"summary_large_image","twitter_misc":{"Gesch\u00e4tzte Lesezeit":"1\u00a0Minute"},"schema":{"@context":"https:\/\/schema.org","@graph":[{"@type":"WebPage","@id":"https:\/\/www.hvk-bo.de\/hvk_neu\/schullaufbahn\/ags\/","url":"https:\/\/www.hvk-bo.de\/hvk_neu\/schullaufbahn\/ags\/","name":"AGs - Heinrich-von-Kleist-Gymnasium","isPartOf":{"@id":"https:\/\/www.hvk-bo.de\/hvk_neu\/#website"},"datePublished":"2024-09-22T15:23:16+00:00","dateModified":"2024-11-09T20:09:31+00:00","breadcrumb":{"@id":"https:\/\/www.hvk-bo.de\/hvk_neu\/schullaufbahn\/ags\/#breadcrumb"},"inLanguage":"de","potentialAction":[{"@type":"ReadAction","target":["https:\/\/www.hvk-bo.de\/hvk_neu\/schullaufbahn\/ags\/"]}]},{"@type":"BreadcrumbList","@id":"https:\/\/www.hvk-bo.de\/hvk_neu\/schullaufbahn\/ags\/#breadcrumb","itemListElement":[{"@type":"ListItem","position":1,"name":"Startseite","item":"https:\/\/www.hvk-bo.de\/hvk_neu\/"},{"@type":"ListItem","position":2,"name":"Schullaufbahn","item":"https:\/\/www.hvk-bo.de\/hvk_neu\/schullaufbahn\/"},{"@type":"ListItem","position":3,"name":"AGs"}]},{"@type":"WebSite","@id":"https:\/\/www.hvk-bo.de\/hvk_neu\/#website","url":"https:\/\/www.hvk-bo.de\/hvk_neu\/","name":"Heinrich-von-Kleist-Gymnasium","description":"Ganztagsgymnasium","publisher":{"@id":"https:\/\/www.hvk-bo.de\/hvk_neu\/#organization"},"alternateName":"HvK Bochum","potentialAction":[{"@type":"SearchAction","target":{"@type":"EntryPoint","urlTemplate":"https:\/\/www.hvk-bo.de\/hvk_neu\/?s={search_term_string}"},"query-input":{"@type":"PropertyValueSpecification","valueRequired":true,"valueName":"search_term_string"}}],"inLanguage":"de"},{"@type":"Organization","@id":"https:\/\/www.hvk-bo.de\/hvk_neu\/#organization","name":"Heinrich-von-Kleist-Gymnasium","alternateName":"HvK Bochum","url":"https:\/\/www.hvk-bo.de\/hvk_neu\/","logo":{"@type":"ImageObject","inLanguage":"de","@id":"https:\/\/www.hvk-bo.de\/hvk_neu\/#\/schema\/logo\/image\/","url":"https:\/\/www.hvk-bo.de\/hvk_neu\/wp-content\/uploads\/2024\/06\/HvK_Logo_klein.png","contentUrl":"https:\/\/www.hvk-bo.de\/hvk_neu\/wp-content\/uploads\/2024\/06\/HvK_Logo_klein.png","width":512,"height":512,"caption":"Heinrich-von-Kleist-Gymnasium"},"image":{"@id":"https:\/\/www.hvk-bo.de\/hvk_neu\/#\/schema\/logo\/image\/"}}]}},"uagb_featured_image_src":{"full":false,"thumbnail":false,"medium":false,"medium_large":false,"large":false,"1536x1536":false,"2048x2048":false},"uagb_author_info":{"display_name":"Elmar B\u00fcsing","author_link":"https:\/\/www.hvk-bo.de\/hvk_neu\/author\/elmarmusterschule\/"},"uagb_comment_info":0,"uagb_excerpt":"Arbeitsgemeinschaften am Heinrich-von-Kleist-Gymnasium In den Mittagspausen oder auch im Nachmittagsbereich k\u00f6nnen die Sch\u00fclerinnen und Sch\u00fcler aus einem vielf\u00e4ltigen AG-Angebot w\u00e4hlen, [&hellip;]","_links":{"self":[{"href":"https:\/\/www.hvk-bo.de\/hvk_neu\/wp-json\/wp\/v2\/pages\/2353","targetHints":{"allow":["GET"]}}],"collection":[{"href":"https:\/\/www.hvk-bo.de\/hvk_neu\/wp-json\/wp\/v2\/pages"}],"about":[{"href":"https:\/\/www.hvk-bo.de\/hvk_neu\/wp-json\/wp\/v2\/types\/page"}],"author":[{"embeddable":true,"href":"https:\/\/www.hvk-bo.de\/hvk_neu\/wp-json\/wp\/v2\/users\/1"}],"replies":[{"embeddable":true,"href":"https:\/\/www.hvk-bo.de\/hvk_neu\/wp-json\/wp\/v2\/comments?post=2353"}],"version-history":[{"count":1,"href":"https:\/\/www.hvk-bo.de\/hvk_neu\/wp-json\/wp\/v2\/pages\/2353\/revisions"}],"predecessor-version":[{"id":3275,"href":"https:\/\/www.hvk-bo.de\/hvk_neu\/wp-json\/wp\/v2\/pages\/2353\/revisions\/3275"}],"up":[{"embeddable":true,"href":"https:\/\/www.hvk-bo.de\/hvk_neu\/wp-json\/wp\/v2\/pages\/1619"}],"wp:attachment":[{"href":"https:\/\/www.hvk-bo.de\/hvk_neu\/wp-json\/wp\/v2\/media?parent=2353"}],"curies":[{"name":"wp","href":"https:\/\/api.w.org\/{rel}","templated":true}]}}