{"id":3135,"date":"2024-10-11T12:27:40","date_gmt":"2024-10-11T10:27:40","guid":{"rendered":"https:\/\/www.hvk-bo.de\/hvk_neu\/?page_id=3135"},"modified":"2024-11-09T21:41:31","modified_gmt":"2024-11-09T20:41:31","slug":"jus","status":"publish","type":"page","link":"https:\/\/www.hvk-bo.de\/hvk_neu\/jus\/","title":{"rendered":"JUS"},"content":{"rendered":"\n<div class=\"wp-block-uagb-container uagb-block-6a7617d0 default uagb-is-root-container\">\n<h3 class=\"wp-block-heading\">JuS &#8211; Betreuungsangebote im Ganztag<\/h3>\n\n\n\n<p>Am HvK wird in Zusammenarbeit mit einem Team von JuS (Betreuungsverein f\u00fcr Jugendhilfe und Schulprojekte) eine Betreuung \u00fcber die Unterrichtzeiten im Ganztag hinaus angeboten. Hier finden Sie Informationen \u00fcber das Betreuungsangebot:<br>\u201eWir bieten insbesondere an den sogenannten \u201ckurzen Tagen\u201d (dienstags und freitags) eine verl\u00e4ssliche Begleitung von 13.05 Uhr bis 15.00 Uhr f\u00fcr Sch\u00fclerinnen und Sch\u00fcler an. F\u00fcr die Teilnahme an der Nachmittagsbetreuung ist eine Anmeldung erforderlich. Falls notwendig, kann in Einzelf\u00e4llen auch eine Betreuung bis 16.00 Uhr in Anspruch genommen werden.<br><br>Folgende Angebote k\u00f6nnen die Sch\u00fclerinnen und Sch\u00fcler nutzen:<\/p>\n\n\n\n<div class=\"wp-block-uagb-icon-list uagb-block-c902a5ac\"><div class=\"uagb-icon-list__wrap\">\n<div class=\"wp-block-uagb-icon-list-child uagb-block-2826cab6\"><span class=\"uagb-icon-list__source-wrap\"><svg xmlns=\"https:\/\/www.w3.org\/2000\/svg\" viewBox=\"0 0 512 512\"><path d=\"M256 0C114.6 0 0 114.6 0 256c0 141.4 114.6 256 256 256s256-114.6 256-256C512 114.6 397.4 0 256 0zM406.6 278.6l-103.1 103.1c-12.5 12.5-32.75 12.5-45.25 0s-12.5-32.75 0-45.25L306.8 288H128C110.3 288 96 273.7 96 256s14.31-32 32-32h178.8l-49.38-49.38c-12.5-12.5-12.5-32.75 0-45.25s32.75-12.5 45.25 0l103.1 103.1C414.6 241.3 416 251.1 416 256C416 260.9 414.6 270.7 406.6 278.6z\"><\/path><\/svg><\/span><span class=\"uagb-icon-list__label\"><strong>Elementar- und Basistraining<\/strong><br>Ein wichtiger Schwerpunkt bei diesem Nachmittagsangebot ist die F\u00f6rderung der Sch\u00fclerinnen und Sch\u00fcler. Wir erteilen zwar keine Nachhilfe, aber wir unterst\u00fctzen die Sch\u00fclerinnen und Sch\u00fcler dabei, dass sie sich weitestgehend selbst\u00e4ndig mit ihren Lernaufgaben besch\u00e4ftigen und gezielt auf ihre Klassenarbeiten vorbereiten k\u00f6nnen.<\/span><\/div>\n<\/div><\/div>\n\n\n\n<ul style=\"margin-top:0;margin-bottom:0;padding-right:var(--wp--preset--spacing--70);padding-left:var(--wp--preset--spacing--70)\" class=\"wp-block-list\">\n<li style=\"margin-top:0;margin-bottom:0\">Fach Mathematik: Grundrechenarten, Stellenwerttafel, \u2026<\/li>\n\n\n\n<li>Fach Deutsch: Rechtschreibtraining, Lesetraining, Grammatik, \u2026<\/li>\n\n\n\n<li>Fach Englisch: Aussprache, Lesetraining, Grammatik, \u2026<\/li>\n\n\n\n<li>Fach Latein: Hilfe bei \u00dcbersetzungs- und Grammatik\u00fcbungen<\/li>\n\n\n\n<li>Allgemein: Selbstorganisation, Methoden der Selbstreflexion, Kommunikation, \u2026<\/li>\n<\/ul>\n\n\n\n<div class=\"wp-block-uagb-icon-list uagb-block-86d3f7d5\"><div class=\"uagb-icon-list__wrap\">\n<div class=\"wp-block-uagb-icon-list-child uagb-block-1697954c\"><span class=\"uagb-icon-list__source-wrap\"><svg xmlns=\"https:\/\/www.w3.org\/2000\/svg\" viewBox=\"0 0 512 512\"><path d=\"M256 0C114.6 0 0 114.6 0 256c0 141.4 114.6 256 256 256s256-114.6 256-256C512 114.6 397.4 0 256 0zM406.6 278.6l-103.1 103.1c-12.5 12.5-32.75 12.5-45.25 0s-12.5-32.75 0-45.25L306.8 288H128C110.3 288 96 273.7 96 256s14.31-32 32-32h178.8l-49.38-49.38c-12.5-12.5-12.5-32.75 0-45.25s32.75-12.5 45.25 0l103.1 103.1C414.6 241.3 416 251.1 416 256C416 260.9 414.6 270.7 406.6 278.6z\"><\/path><\/svg><\/span><span class=\"uagb-icon-list__label\"><strong>Aufenthalt in den Ganztagsr\u00e4umen w\u00e4hrend der gro\u00dfen Pause<\/strong><br>Sch\u00fclerinnen und Sch\u00fcler k\u00f6nnen<\/span><\/div>\n<\/div><\/div>\n\n\n\n<div class=\"wp-block-media-text has-media-on-the-right is-stacked-on-mobile\"><div class=\"wp-block-media-text__content\">\n<ul style=\"padding-right:var(--wp--preset--spacing--70);padding-left:var(--wp--preset--spacing--70)\" class=\"wp-block-list\">\n<li>fr\u00fchst\u00fccken,<\/li>\n\n\n\n<li>Spiele spielen,<\/li>\n\n\n\n<li>miteinander \u201ckl\u00f6nen\u201d,<\/li>\n\n\n\n<li>relaxen,<\/li>\n\n\n\n<li>sich untereinander besser kennenlernen.<\/li>\n<\/ul>\n<\/div><figure class=\"wp-block-media-text__media\"><img loading=\"lazy\" decoding=\"async\" width=\"1024\" height=\"748\" src=\"https:\/\/www.hvk-bo.de\/hvk_neu\/wp-content\/uploads\/2024\/10\/Team-Jus-Homepage-1024x748.jpg\" alt=\"\" class=\"wp-image-3136 size-full\" srcset=\"https:\/\/www.hvk-bo.de\/hvk_neu\/wp-content\/uploads\/2024\/10\/Team-Jus-Homepage-1024x748.jpg 1024w, https:\/\/www.hvk-bo.de\/hvk_neu\/wp-content\/uploads\/2024\/10\/Team-Jus-Homepage-300x219.jpg 300w, https:\/\/www.hvk-bo.de\/hvk_neu\/wp-content\/uploads\/2024\/10\/Team-Jus-Homepage-768x561.jpg 768w, https:\/\/www.hvk-bo.de\/hvk_neu\/wp-content\/uploads\/2024\/10\/Team-Jus-Homepage.jpg 1495w\" sizes=\"auto, (max-width: 1024px) 100vw, 1024px\" \/><\/figure><\/div>\n\n\n\n<p>Eine umfangreiche Spielesammlung sowie Spielmaterial, das drau\u00dfen auf dem Schulhofgel\u00e4nde genutzt werden kann, ist im Ganztagsbereich vorhanden.<\/p>\n\n\n\n<div class=\"wp-block-uagb-icon-list uagb-block-0aec6f99\"><div class=\"uagb-icon-list__wrap\">\n<div class=\"wp-block-uagb-icon-list-child uagb-block-25178f25\"><span class=\"uagb-icon-list__source-wrap\"><svg xmlns=\"https:\/\/www.w3.org\/2000\/svg\" viewBox=\"0 0 512 512\"><path d=\"M256 0C114.6 0 0 114.6 0 256c0 141.4 114.6 256 256 256s256-114.6 256-256C512 114.6 397.4 0 256 0zM406.6 278.6l-103.1 103.1c-12.5 12.5-32.75 12.5-45.25 0s-12.5-32.75 0-45.25L306.8 288H128C110.3 288 96 273.7 96 256s14.31-32 32-32h178.8l-49.38-49.38c-12.5-12.5-12.5-32.75 0-45.25s32.75-12.5 45.25 0l103.1 103.1C414.6 241.3 416 251.1 416 256C416 260.9 414.6 270.7 406.6 278.6z\"><\/path><\/svg><\/span><span class=\"uagb-icon-list__label\"><strong>Nutzung der Ganztagsr\u00e4ume vor Beginn des Unterrichts<\/strong><br>Ab 7:30 Uhr ist eine Fr\u00fchaufsicht in den Ganztagsr\u00e4umen anwesend. Bei schlechten Wetterbedingungen oder auch ung\u00fcnstiger Verkehrsverbindungen k\u00f6nnen Sch\u00fclerinnen und Sch\u00fcler sich im Ganztagsbereich aufhalten. F\u00fcr den Fall, dass eine Sch\u00fclerin oder ein Sch\u00fcler schon vor Beginn des Unterrichts sich von einem Problem belastet f\u00fchlt, findet sie\/er im Ganztag einen\/eine kompetenten\/kompetente Ansprechpartner*in.<\/span><\/div>\n<\/div><\/div>\n\n\n\n<div class=\"wp-block-uagb-icon-list uagb-block-529c3210\"><div class=\"uagb-icon-list__wrap\">\n<div class=\"wp-block-uagb-icon-list-child uagb-block-4ef6f173\"><span class=\"uagb-icon-list__source-wrap\"><svg xmlns=\"https:\/\/www.w3.org\/2000\/svg\" viewBox=\"0 0 512 512\"><path d=\"M256 0C114.6 0 0 114.6 0 256c0 141.4 114.6 256 256 256s256-114.6 256-256C512 114.6 397.4 0 256 0zM406.6 278.6l-103.1 103.1c-12.5 12.5-32.75 12.5-45.25 0s-12.5-32.75 0-45.25L306.8 288H128C110.3 288 96 273.7 96 256s14.31-32 32-32h178.8l-49.38-49.38c-12.5-12.5-12.5-32.75 0-45.25s32.75-12.5 45.25 0l103.1 103.1C414.6 241.3 416 251.1 416 256C416 260.9 414.6 270.7 406.6 278.6z\"><\/path><\/svg><\/span><span class=\"uagb-icon-list__label\"><strong>Teilnahme an der Lernoase (Raum 192 \/ gegen\u00fcber vom Ganztagstrakt)<br><\/strong>In der Zeit von 13.00 \u2013 15.00 Uhr unterst\u00fctzen wir dienstags und freitags Sch\u00fclerinnen und Sch\u00fcler bei<\/span><\/div>\n<\/div><\/div>\n\n\n\n<ul style=\"margin-top:0;margin-bottom:0;padding-right:var(--wp--preset--spacing--70);padding-left:var(--wp--preset--spacing--70)\" class=\"wp-block-list\">\n<li>der Erledigung ihrer Lernaufgaben (schwerpunktm\u00e4\u00dfig in den Hauptf\u00e4chern D, M, E, Frz),<\/li>\n\n\n\n<li>fr\u00fchst\u00fccken,<\/li>\n\n\n\n<li>Spiele spielen,<\/li>\n\n\n\n<li>miteinander \u201ckl\u00f6nen\u201d,<\/li>\n\n\n\n<li>relaxen,<\/li>\n\n\n\n<li>sich untereinander besser kennenlernen.<\/li>\n\n\n\n<li>der Vorbereitung auf Klassenarbeiten.<\/li>\n<\/ul>\n\n\n\n<p style=\"margin-top:0;margin-bottom:0\">F\u00fcr Verbrauchsmaterialien bei der Nachmittagsbetreuung erheben wir einen Unkostenbeitrag von 5 \u20ac pro Monat. Zur Absicherung werden f\u00fcr die Dauer eines Schuljahres Vertr\u00e4ge zwischen den Eltern und dem Tr\u00e4ger abgeschlossen.<br>F\u00fcr weitere R\u00fcckfragen steht Ihnen das Ganztagsteam gerne zur Verf\u00fcgung:<br><br>E-Mail: <a href=\"mailto:szgbetreuung@gmx.de\">szgbetreuung@gmx.de<\/a> Tel.: <a href=\"tel:+4915750624405\">0157\/504 970 00<\/a><br>Tr\u00e4ger: Betreuungsverein f\u00fcr Jugendhilfe und Schulprojekte (JuS); Riemker Stra\u00dfe 61, 44809 Bochum<br>Ansprechpartner vor Ort: Frau Silvia Dickti, Raum 194 (im Bild dritte von rechts)<\/p>\n<\/div>\n\n\n\n<p><\/p>\n","protected":false},"excerpt":{"rendered":"<p>JuS &#8211; Betreuungsangebote im Ganztag Am HvK wird in Zusammenarbeit mit einem Team von JuS (Betreuungsverein f\u00fcr Jugendhilfe und Schulprojekte) [&hellip;]<\/p>\n","protected":false},"author":4,"featured_media":0,"parent":0,"menu_order":0,"comment_status":"closed","ping_status":"closed","template":"","meta":{"_uag_custom_page_level_css":"","site-sidebar-layout":"default","site-content-layout":"","ast-site-content-layout":"default","site-content-style":"default","site-sidebar-style":"default","ast-global-header-display":"","ast-banner-title-visibility":"","ast-main-header-display":"","ast-hfb-above-header-display":"","ast-hfb-below-header-display":"","ast-hfb-mobile-header-display":"","site-post-title":"disabled","ast-breadcrumbs-content":"","ast-featured-img":"","footer-sml-layout":"","ast-disable-related-posts":"","theme-transparent-header-meta":"","adv-header-id-meta":"","stick-header-meta":"","header-above-stick-meta":"","header-main-stick-meta":"","header-below-stick-meta":"","astra-migrate-meta-layouts":"default","ast-page-background-enabled":"default","ast-page-background-meta":{"desktop":{"background-color":"var(--ast-global-color-4)","background-image":"","background-repeat":"repeat","background-position":"center center","background-size":"auto","background-attachment":"scroll","background-type":"","background-media":"","overlay-type":"","overlay-color":"","overlay-opacity":"","overlay-gradient":""},"tablet":{"background-color":"","background-image":"","background-repeat":"repeat","background-position":"center center","background-size":"auto","background-attachment":"scroll","background-type":"","background-media":"","overlay-type":"","overlay-color":"","overlay-opacity":"","overlay-gradient":""},"mobile":{"background-color":"","background-image":"","background-repeat":"repeat","background-position":"center center","background-size":"auto","background-attachment":"scroll","background-type":"","background-media":"","overlay-type":"","overlay-color":"","overlay-opacity":"","overlay-gradient":""}},"ast-content-background-meta":{"desktop":{"background-color":"var(--ast-global-color-5)","background-image":"","background-repeat":"repeat","background-position":"center center","background-size":"auto","background-attachment":"scroll","background-type":"","background-media":"","overlay-type":"","overlay-color":"","overlay-opacity":"","overlay-gradient":""},"tablet":{"background-color":"var(--ast-global-color-5)","background-image":"","background-repeat":"repeat","background-position":"center center","background-size":"auto","background-attachment":"scroll","background-type":"","background-media":"","overlay-type":"","overlay-color":"","overlay-opacity":"","overlay-gradient":""},"mobile":{"background-color":"var(--ast-global-color-5)","background-image":"","background-repeat":"repeat","background-position":"center center","background-size":"auto","background-attachment":"scroll","background-type":"","background-media":"","overlay-type":"","overlay-color":"","overlay-opacity":"","overlay-gradient":""}},"footnotes":""},"class_list":["post-3135","page","type-page","status-publish","hentry"],"yoast_head":"<!-- This site is optimized with the Yoast SEO plugin v27.4 - https:\/\/yoast.com\/product\/yoast-seo-wordpress\/ -->\n<title>JUS - Heinrich-von-Kleist-Gymnasium<\/title>\n<meta name=\"robots\" content=\"index, follow, max-snippet:-1, max-image-preview:large, max-video-preview:-1\" \/>\n<link rel=\"canonical\" href=\"https:\/\/www.hvk-bo.de\/hvk_neu\/jus\/\" \/>\n<meta property=\"og:locale\" content=\"de_DE\" \/>\n<meta property=\"og:type\" content=\"article\" \/>\n<meta property=\"og:title\" content=\"JUS - Heinrich-von-Kleist-Gymnasium\" \/>\n<meta property=\"og:description\" content=\"JuS &#8211; Betreuungsangebote im Ganztag Am HvK wird in Zusammenarbeit mit einem Team von JuS (Betreuungsverein f\u00fcr Jugendhilfe und Schulprojekte) [&hellip;]\" \/>\n<meta property=\"og:url\" content=\"https:\/\/www.hvk-bo.de\/hvk_neu\/jus\/\" \/>\n<meta property=\"og:site_name\" content=\"Heinrich-von-Kleist-Gymnasium\" \/>\n<meta property=\"article:modified_time\" content=\"2024-11-09T20:41:31+00:00\" \/>\n<meta property=\"og:image\" content=\"https:\/\/www.hvk-bo.de\/hvk_neu\/wp-content\/uploads\/2024\/10\/Team-Jus-Homepage.jpg\" \/>\n\t<meta property=\"og:image:width\" content=\"1495\" \/>\n\t<meta property=\"og:image:height\" content=\"1092\" \/>\n\t<meta property=\"og:image:type\" content=\"image\/jpeg\" \/>\n<meta name=\"twitter:card\" content=\"summary_large_image\" \/>\n<meta name=\"twitter:label1\" content=\"Gesch\u00e4tzte Lesezeit\" \/>\n\t<meta name=\"twitter:data1\" content=\"3\u00a0Minuten\" \/>\n<script type=\"application\/ld+json\" class=\"yoast-schema-graph\">{\"@context\":\"https:\\\/\\\/schema.org\",\"@graph\":[{\"@type\":\"WebPage\",\"@id\":\"https:\\\/\\\/www.hvk-bo.de\\\/hvk_neu\\\/jus\\\/\",\"url\":\"https:\\\/\\\/www.hvk-bo.de\\\/hvk_neu\\\/jus\\\/\",\"name\":\"JUS - Heinrich-von-Kleist-Gymnasium\",\"isPartOf\":{\"@id\":\"https:\\\/\\\/www.hvk-bo.de\\\/hvk_neu\\\/#website\"},\"primaryImageOfPage\":{\"@id\":\"https:\\\/\\\/www.hvk-bo.de\\\/hvk_neu\\\/jus\\\/#primaryimage\"},\"image\":{\"@id\":\"https:\\\/\\\/www.hvk-bo.de\\\/hvk_neu\\\/jus\\\/#primaryimage\"},\"thumbnailUrl\":\"https:\\\/\\\/www.hvk-bo.de\\\/hvk_neu\\\/wp-content\\\/uploads\\\/2024\\\/10\\\/Team-Jus-Homepage-1024x748.jpg\",\"datePublished\":\"2024-10-11T10:27:40+00:00\",\"dateModified\":\"2024-11-09T20:41:31+00:00\",\"breadcrumb\":{\"@id\":\"https:\\\/\\\/www.hvk-bo.de\\\/hvk_neu\\\/jus\\\/#breadcrumb\"},\"inLanguage\":\"de\",\"potentialAction\":[{\"@type\":\"ReadAction\",\"target\":[\"https:\\\/\\\/www.hvk-bo.de\\\/hvk_neu\\\/jus\\\/\"]}]},{\"@type\":\"ImageObject\",\"inLanguage\":\"de\",\"@id\":\"https:\\\/\\\/www.hvk-bo.de\\\/hvk_neu\\\/jus\\\/#primaryimage\",\"url\":\"https:\\\/\\\/www.hvk-bo.de\\\/hvk_neu\\\/wp-content\\\/uploads\\\/2024\\\/10\\\/Team-Jus-Homepage.jpg\",\"contentUrl\":\"https:\\\/\\\/www.hvk-bo.de\\\/hvk_neu\\\/wp-content\\\/uploads\\\/2024\\\/10\\\/Team-Jus-Homepage.jpg\",\"width\":1495,\"height\":1092},{\"@type\":\"BreadcrumbList\",\"@id\":\"https:\\\/\\\/www.hvk-bo.de\\\/hvk_neu\\\/jus\\\/#breadcrumb\",\"itemListElement\":[{\"@type\":\"ListItem\",\"position\":1,\"name\":\"Startseite\",\"item\":\"https:\\\/\\\/www.hvk-bo.de\\\/hvk_neu\\\/\"},{\"@type\":\"ListItem\",\"position\":2,\"name\":\"JUS\"}]},{\"@type\":\"WebSite\",\"@id\":\"https:\\\/\\\/www.hvk-bo.de\\\/hvk_neu\\\/#website\",\"url\":\"https:\\\/\\\/www.hvk-bo.de\\\/hvk_neu\\\/\",\"name\":\"Heinrich-von-Kleist-Gymnasium\",\"description\":\"Ganztagsgymnasium\",\"publisher\":{\"@id\":\"https:\\\/\\\/www.hvk-bo.de\\\/hvk_neu\\\/#organization\"},\"alternateName\":\"HvK Bochum\",\"potentialAction\":[{\"@type\":\"SearchAction\",\"target\":{\"@type\":\"EntryPoint\",\"urlTemplate\":\"https:\\\/\\\/www.hvk-bo.de\\\/hvk_neu\\\/?s={search_term_string}\"},\"query-input\":{\"@type\":\"PropertyValueSpecification\",\"valueRequired\":true,\"valueName\":\"search_term_string\"}}],\"inLanguage\":\"de\"},{\"@type\":\"Organization\",\"@id\":\"https:\\\/\\\/www.hvk-bo.de\\\/hvk_neu\\\/#organization\",\"name\":\"Heinrich-von-Kleist-Gymnasium\",\"alternateName\":\"HvK Bochum\",\"url\":\"https:\\\/\\\/www.hvk-bo.de\\\/hvk_neu\\\/\",\"logo\":{\"@type\":\"ImageObject\",\"inLanguage\":\"de\",\"@id\":\"https:\\\/\\\/www.hvk-bo.de\\\/hvk_neu\\\/#\\\/schema\\\/logo\\\/image\\\/\",\"url\":\"https:\\\/\\\/www.hvk-bo.de\\\/hvk_neu\\\/wp-content\\\/uploads\\\/2024\\\/06\\\/HvK_Logo_klein.png\",\"contentUrl\":\"https:\\\/\\\/www.hvk-bo.de\\\/hvk_neu\\\/wp-content\\\/uploads\\\/2024\\\/06\\\/HvK_Logo_klein.png\",\"width\":512,\"height\":512,\"caption\":\"Heinrich-von-Kleist-Gymnasium\"},\"image\":{\"@id\":\"https:\\\/\\\/www.hvk-bo.de\\\/hvk_neu\\\/#\\\/schema\\\/logo\\\/image\\\/\"}}]}<\/script>\n<!-- \/ Yoast SEO plugin. -->","yoast_head_json":{"title":"JUS - Heinrich-von-Kleist-Gymnasium","robots":{"index":"index","follow":"follow","max-snippet":"max-snippet:-1","max-image-preview":"max-image-preview:large","max-video-preview":"max-video-preview:-1"},"canonical":"https:\/\/www.hvk-bo.de\/hvk_neu\/jus\/","og_locale":"de_DE","og_type":"article","og_title":"JUS - Heinrich-von-Kleist-Gymnasium","og_description":"JuS &#8211; Betreuungsangebote im Ganztag Am HvK wird in Zusammenarbeit mit einem Team von JuS (Betreuungsverein f\u00fcr Jugendhilfe und Schulprojekte) [&hellip;]","og_url":"https:\/\/www.hvk-bo.de\/hvk_neu\/jus\/","og_site_name":"Heinrich-von-Kleist-Gymnasium","article_modified_time":"2024-11-09T20:41:31+00:00","og_image":[{"width":1495,"height":1092,"url":"https:\/\/www.hvk-bo.de\/hvk_neu\/wp-content\/uploads\/2024\/10\/Team-Jus-Homepage.jpg","type":"image\/jpeg"}],"twitter_card":"summary_large_image","twitter_misc":{"Gesch\u00e4tzte Lesezeit":"3\u00a0Minuten"},"schema":{"@context":"https:\/\/schema.org","@graph":[{"@type":"WebPage","@id":"https:\/\/www.hvk-bo.de\/hvk_neu\/jus\/","url":"https:\/\/www.hvk-bo.de\/hvk_neu\/jus\/","name":"JUS - Heinrich-von-Kleist-Gymnasium","isPartOf":{"@id":"https:\/\/www.hvk-bo.de\/hvk_neu\/#website"},"primaryImageOfPage":{"@id":"https:\/\/www.hvk-bo.de\/hvk_neu\/jus\/#primaryimage"},"image":{"@id":"https:\/\/www.hvk-bo.de\/hvk_neu\/jus\/#primaryimage"},"thumbnailUrl":"https:\/\/www.hvk-bo.de\/hvk_neu\/wp-content\/uploads\/2024\/10\/Team-Jus-Homepage-1024x748.jpg","datePublished":"2024-10-11T10:27:40+00:00","dateModified":"2024-11-09T20:41:31+00:00","breadcrumb":{"@id":"https:\/\/www.hvk-bo.de\/hvk_neu\/jus\/#breadcrumb"},"inLanguage":"de","potentialAction":[{"@type":"ReadAction","target":["https:\/\/www.hvk-bo.de\/hvk_neu\/jus\/"]}]},{"@type":"ImageObject","inLanguage":"de","@id":"https:\/\/www.hvk-bo.de\/hvk_neu\/jus\/#primaryimage","url":"https:\/\/www.hvk-bo.de\/hvk_neu\/wp-content\/uploads\/2024\/10\/Team-Jus-Homepage.jpg","contentUrl":"https:\/\/www.hvk-bo.de\/hvk_neu\/wp-content\/uploads\/2024\/10\/Team-Jus-Homepage.jpg","width":1495,"height":1092},{"@type":"BreadcrumbList","@id":"https:\/\/www.hvk-bo.de\/hvk_neu\/jus\/#breadcrumb","itemListElement":[{"@type":"ListItem","position":1,"name":"Startseite","item":"https:\/\/www.hvk-bo.de\/hvk_neu\/"},{"@type":"ListItem","position":2,"name":"JUS"}]},{"@type":"WebSite","@id":"https:\/\/www.hvk-bo.de\/hvk_neu\/#website","url":"https:\/\/www.hvk-bo.de\/hvk_neu\/","name":"Heinrich-von-Kleist-Gymnasium","description":"Ganztagsgymnasium","publisher":{"@id":"https:\/\/www.hvk-bo.de\/hvk_neu\/#organization"},"alternateName":"HvK Bochum","potentialAction":[{"@type":"SearchAction","target":{"@type":"EntryPoint","urlTemplate":"https:\/\/www.hvk-bo.de\/hvk_neu\/?s={search_term_string}"},"query-input":{"@type":"PropertyValueSpecification","valueRequired":true,"valueName":"search_term_string"}}],"inLanguage":"de"},{"@type":"Organization","@id":"https:\/\/www.hvk-bo.de\/hvk_neu\/#organization","name":"Heinrich-von-Kleist-Gymnasium","alternateName":"HvK Bochum","url":"https:\/\/www.hvk-bo.de\/hvk_neu\/","logo":{"@type":"ImageObject","inLanguage":"de","@id":"https:\/\/www.hvk-bo.de\/hvk_neu\/#\/schema\/logo\/image\/","url":"https:\/\/www.hvk-bo.de\/hvk_neu\/wp-content\/uploads\/2024\/06\/HvK_Logo_klein.png","contentUrl":"https:\/\/www.hvk-bo.de\/hvk_neu\/wp-content\/uploads\/2024\/06\/HvK_Logo_klein.png","width":512,"height":512,"caption":"Heinrich-von-Kleist-Gymnasium"},"image":{"@id":"https:\/\/www.hvk-bo.de\/hvk_neu\/#\/schema\/logo\/image\/"}}]}},"uagb_featured_image_src":{"full":false,"thumbnail":false,"medium":false,"medium_large":false,"large":false,"1536x1536":false,"2048x2048":false},"uagb_author_info":{"display_name":"Michael Bra\u00df","author_link":"https:\/\/www.hvk-bo.de\/hvk_neu\/author\/m_brass\/"},"uagb_comment_info":0,"uagb_excerpt":"JuS &#8211; Betreuungsangebote im Ganztag Am HvK wird in Zusammenarbeit mit einem Team von JuS (Betreuungsverein f\u00fcr Jugendhilfe und Schulprojekte) [&hellip;]","_links":{"self":[{"href":"https:\/\/www.hvk-bo.de\/hvk_neu\/wp-json\/wp\/v2\/pages\/3135","targetHints":{"allow":["GET"]}}],"collection":[{"href":"https:\/\/www.hvk-bo.de\/hvk_neu\/wp-json\/wp\/v2\/pages"}],"about":[{"href":"https:\/\/www.hvk-bo.de\/hvk_neu\/wp-json\/wp\/v2\/types\/page"}],"author":[{"embeddable":true,"href":"https:\/\/www.hvk-bo.de\/hvk_neu\/wp-json\/wp\/v2\/users\/4"}],"replies":[{"embeddable":true,"href":"https:\/\/www.hvk-bo.de\/hvk_neu\/wp-json\/wp\/v2\/comments?post=3135"}],"version-history":[{"count":3,"href":"https:\/\/www.hvk-bo.de\/hvk_neu\/wp-json\/wp\/v2\/pages\/3135\/revisions"}],"predecessor-version":[{"id":3231,"href":"https:\/\/www.hvk-bo.de\/hvk_neu\/wp-json\/wp\/v2\/pages\/3135\/revisions\/3231"}],"wp:attachment":[{"href":"https:\/\/www.hvk-bo.de\/hvk_neu\/wp-json\/wp\/v2\/media?parent=3135"}],"curies":[{"name":"wp","href":"https:\/\/api.w.org\/{rel}","templated":true}]}}